{"id":55603,"date":"2022-04-08T12:21:00","date_gmt":"2022-04-08T10:21:00","guid":{"rendered":"https:\/\/secureus.se\/produkt\/powerseries-pc1616-pcb\/"},"modified":"2026-01-06T20:49:05","modified_gmt":"2026-01-06T19:49:05","slug":"dsc-powerseries-1616-control-panel","status":"publish","type":"product","link":"https:\/\/secureus.se\/fi\/dsc-powerseries-1616-control-panel\/","title":{"rendered":"DSC PowerSeries 1616 -ohjauspaneeli (t\u00e4m\u00e4 tuote on loppu)"},"content":{"rendered":"<p><strong>DSC Power Series 1616<\/strong> on vankka ja joustava ohjauspaneeli, joka on osa DSC PowerSeries -sarjaa, joka on kehitetty ennen DSC NEO:ta.<\/p>\n<p>Emolevyn 6 vy\u00f6hykkeen peruskokoonpanon ansiosta j\u00e4rjestelm\u00e4 voidaan helposti laajentaa 16 kiinte\u00e4\u00e4n vy\u00f6hykkeeseen ja se tukee jopa 32 langatonta vy\u00f6hykett\u00e4.<\/p>\n<p>T\u00e4m\u00e4 tekee PowerSeries 1616:sta erinomaisen valinnan sek\u00e4 koteihin ett\u00e4 yrityksille, jotka tarvitsevat mukautettavan tietoturvaratkaisun.<\/p>\n<p>T\u00e4ss\u00e4 ohjauspaneelissa on kaksialuetoiminto, mik\u00e4 mahdollistaa erillisten turvaj\u00e4rjestelmien hallinnan saman asennuksen sis\u00e4ll\u00e4.<\/p>\n<p>500 tapahtuman tapahtumapuskurilla ja jopa 97 k\u00e4ytt\u00e4j\u00e4koodin tuella se tarjoaa sek\u00e4 turvallisuutta ett\u00e4 joustavuutta useille k\u00e4ytt\u00e4jille.<\/p>\n<p>PowerSeries 1616:ssa on kaksi ohjelmoitavaa PGM-l\u00e4ht\u00f6\u00e4, jotka voidaan laajentaa 14:\u00e4\u00e4n PC5204:ll\u00e4 tai PC5208:lla, mik\u00e4 mahdollistaa ulkoisten laitteiden lis\u00e4ohjauksen.<\/p>\n<p>Paneeli tukee jopa 8 valvottua n\u00e4pp\u00e4imist\u00f6\u00e4 ja on yhteensopiva langattomien n\u00e4pp\u00e4imist\u00f6jen kanssa TR5164-433 l\u00e4hetin-vastaanottimen kautta, mik\u00e4 tekee asennuksesta helppoa ja tehokasta.<\/p>\n<p>PowerSeries 1616 on CP-01-yhteensopiva ja tarjoaa luotettavan ratkaisun nykyaikaisille tietoturvamarkkinoille.<\/p>","protected":false},"excerpt":{"rendered":"<p>DSC PowerSeries 1616 on monipuolinen ohjauspaneeli, joka tukee 6-16 vy\u00f6hykett\u00e4 ja sopii erinomaisesti turvaj\u00e4rjestelmiin, joissa on jopa 32 langatonta vy\u00f6hykett\u00e4.<\/p>\n<p>&nbsp;<\/p>","protected":false},"featured_media":145176,"template":"","meta":{"_acf_changed":false},"product_brand":[],"product_cat":[3330,1322],"product_tag":[3311,3027],"class_list":{"0":"post-55603","1":"product","2":"type-product","3":"status-publish","4":"has-post-thumbnail","6":"product_cat-powerseries-1616-1864","7":"product_cat-dsc-larm-neo-power-hybridlarm","8":"product_tag-dsc-neo-svensk-manual","9":"product_tag-power-pc1616-1864-aldre-versionen-av-neo","10":"product_shipping_class-postnord-varubrev","11":"pa_brands-4dsc","12":"pa_dsc-neo-hybridlarm-power-pc1616-1864-aldre-version-av-neo","13":"tm-has-options","15":"first","16":"outofstock","17":"sale","18":"featured","19":"taxable","20":"shipping-taxable","21":"purchasable","22":"product-type-simple"},"acf":[],"_links":{"self":[{"href":"https:\/\/secureus.se\/fi\/wp-json\/wp\/v2\/product\/55603","targetHints":{"allow":["GET"]}}],"collection":[{"href":"https:\/\/secureus.se\/fi\/wp-json\/wp\/v2\/product"}],"about":[{"href":"https:\/\/secureus.se\/fi\/wp-json\/wp\/v2\/types\/product"}],"wp:featuredmedia":[{"embeddable":true,"href":"https:\/\/secureus.se\/fi\/wp-json\/wp\/v2\/media\/145176"}],"wp:attachment":[{"href":"https:\/\/secureus.se\/fi\/wp-json\/wp\/v2\/media?parent=55603"}],"wp:term":[{"taxonomy":"product_brand","embeddable":true,"href":"https:\/\/secureus.se\/fi\/wp-json\/wp\/v2\/product_brand?post=55603"},{"taxonomy":"product_cat","embeddable":true,"href":"https:\/\/secureus.se\/fi\/wp-json\/wp\/v2\/product_cat?post=55603"},{"taxonomy":"product_tag","embeddable":true,"href":"https:\/\/secureus.se\/fi\/wp-json\/wp\/v2\/product_tag?post=55603"}],"curies":[{"name":"wp","href":"https:\/\/api.w.org\/{rel}","templated":true}]}}