{"id":55604,"date":"2022-04-08T12:19:00","date_gmt":"2022-04-08T10:19:00","guid":{"rendered":"https:\/\/secureus.se\/produkt\/powerseries-zone-expander-pc5108\/"},"modified":"2026-02-23T10:03:15","modified_gmt":"2026-02-23T09:03:15","slug":"dsc-hardwire-zone-expander-pc5108","status":"publish","type":"product","link":"https:\/\/secureus.se\/fi\/dsc-hardwire-zone-expander-pc5108\/","title":{"rendered":"DSC Hardwire Zone Expander PowerSeries PC5108"},"content":{"rendered":"<p><strong>DSC Hardwire Zone Expander PC5108<\/strong> on tehokas laajennuskortti, joka mahdollistaa jopa 8 lis\u00e4laitteistovy\u00f6hykkeen liitt\u00e4misen DSC PowerSeries -h\u00e4lytysj\u00e4rjestelmiin.<\/p>\n<p>T\u00e4m\u00e4 kortti on suunniteltu k\u00e4ytett\u00e4v\u00e4ksi PC1616-, PC1832- ja PC1864-ohjauspaneelien kanssa, ja se tarjoaa joustavuuden integroida erityyppisi\u00e4 h\u00e4lytyksi\u00e4, mukaan lukien ilmaisimet, lasinrikkoilmaisimet ja magneettiset koskettimet.<\/p>\n<p>12 V DC:n sy\u00f6tt\u00f6j\u00e4nnitteell\u00e4 ja 125 mA:n AUX-virtal\u00e4hteell\u00e4 (PTC-suojattu) PC5108 tarjoaa luotettavan ratkaisun turvaj\u00e4rjestelm\u00e4n ominaisuuksien laajentamiseen.<\/p>\n<p>T\u00e4m\u00e4n kortin asentaminen on yksinkertaista ja tehokasta, joten se on erinomainen valinta turvallisuuden parantamiseen sek\u00e4 asuin- ett\u00e4 kaupallisissa ymp\u00e4rist\u00f6iss\u00e4.<\/p>\n<p>On t\u00e4rke\u00e4\u00e4 huomata, ett\u00e4 t\u00e4m\u00e4 laajennuskortti ei ole yhteensopiva DSC NEO -j\u00e4rjestelm\u00e4n kanssa, mutta se on kehitetty erityisesti DSC PowerSeries -ratkaisuja varten.<\/p>\n<p>PC5108:n avulla k\u00e4ytt\u00e4j\u00e4t voivat varmistaa, ett\u00e4 heid\u00e4n h\u00e4lytysilmaisimet on kytketty oikein ja ett\u00e4 heid\u00e4n turvaj\u00e4rjestelm\u00e4ns\u00e4 toimii parhaimmillaan.<\/p>","protected":false},"excerpt":{"rendered":"<p>DSC Hardwire Zone Expander PC5108 on 8 vy\u00f6hykkeen laajennuskortti, jota k\u00e4ytet\u00e4\u00e4n h\u00e4lytysilmaisimien liitt\u00e4miseen DSC PowerSeries -j\u00e4rjestelmiin.<\/p>","protected":false},"featured_media":145182,"template":"","meta":{"_acf_changed":false},"product_brand":[],"product_cat":[3330,1322],"product_tag":[3311,3027],"class_list":{"0":"post-55604","1":"product","2":"type-product","3":"status-publish","4":"has-post-thumbnail","6":"product_cat-powerseries-1616-1864","7":"product_cat-dsc-larm-neo-power-hybridlarm","8":"product_tag-dsc-neo-svensk-manual","9":"product_tag-power-pc1616-1864-aldre-versionen-av-neo","10":"product_shipping_class-postnord-varubrev","11":"pa_brands-4dsc","12":"pa_dsc-neo-hybridlarm-power-pc1616-1864-aldre-version-av-neo","13":"tm-has-options","15":"first","16":"instock","17":"sale","18":"featured","19":"taxable","20":"shipping-taxable","21":"purchasable","22":"product-type-simple"},"acf":[],"_links":{"self":[{"href":"https:\/\/secureus.se\/fi\/wp-json\/wp\/v2\/product\/55604","targetHints":{"allow":["GET"]}}],"collection":[{"href":"https:\/\/secureus.se\/fi\/wp-json\/wp\/v2\/product"}],"about":[{"href":"https:\/\/secureus.se\/fi\/wp-json\/wp\/v2\/types\/product"}],"wp:featuredmedia":[{"embeddable":true,"href":"https:\/\/secureus.se\/fi\/wp-json\/wp\/v2\/media\/145182"}],"wp:attachment":[{"href":"https:\/\/secureus.se\/fi\/wp-json\/wp\/v2\/media?parent=55604"}],"wp:term":[{"taxonomy":"product_brand","embeddable":true,"href":"https:\/\/secureus.se\/fi\/wp-json\/wp\/v2\/product_brand?post=55604"},{"taxonomy":"product_cat","embeddable":true,"href":"https:\/\/secureus.se\/fi\/wp-json\/wp\/v2\/product_cat?post=55604"},{"taxonomy":"product_tag","embeddable":true,"href":"https:\/\/secureus.se\/fi\/wp-json\/wp\/v2\/product_tag?post=55604"}],"curies":[{"name":"wp","href":"https:\/\/api.w.org\/{rel}","templated":true}]}}