{"id":55605,"date":"2022-04-08T12:18:00","date_gmt":"2022-04-08T10:18:00","guid":{"rendered":"https:\/\/secureus.se\/produkt\/powerseries-keypad-lcd5511\/"},"modified":"2026-03-17T10:32:56","modified_gmt":"2026-03-17T09:32:56","slug":"dsc-powerseries-lcd-keypad-5511s","status":"publish","type":"product","link":"https:\/\/secureus.se\/fi\/dsc-powerseries-lcd-keypad-5511s\/","title":{"rendered":"DSC PowerSeries LCD-n\u00e4pp\u00e4imist\u00f6 5511S -symboli"},"content":{"rendered":"<p><strong>DSC PowerSeries LCD-n\u00e4pp\u00e4imist\u00f6 5511S<\/strong> on moderni ja tyylik\u00e4s langallinen n\u00e4pp\u00e4imist\u00f6, joka tarjoaa k\u00e4ytt\u00e4j\u00e4yst\u00e4v\u00e4llisen ratkaisun turvaj\u00e4rjestelm\u00e4n hallintaan.<\/p>\n<p>Se on suunniteltu j\u00e4rjestelmiin, jotka tukevat jopa 64 osaa, joten se on ihanteellinen sek\u00e4 asuin- ett\u00e4 kaupallisiin asennuksiin.<\/p>\n<p>N\u00e4pp\u00e4imist\u00f6 on varustettu selke\u00e4ll\u00e4 symbolin\u00e4yt\u00f6ll\u00e4, joka sis\u00e4lt\u00e4\u00e4 kellon, mik\u00e4 tarjoaa intuitiivisen k\u00e4ytt\u00f6kokemuksen.<\/p>\n<p>Nelj\u00e4n ohjelmoitavan toiminton\u00e4pp\u00e4imen avulla k\u00e4ytt\u00e4j\u00e4t voivat nopeasti ja helposti aktivoida yleisi\u00e4 komentoja.<\/p>\n<p>Lis\u00e4ksi siin\u00e4 on kolme &quot;kaksoispainallus&quot; h\u00e4t\u00e4painiketta, jotka varmistavat nopean p\u00e4\u00e4syn h\u00e4t\u00e4tilanteissa.<\/p>\n<p>Suuri taustavalaistu n\u00e4pp\u00e4imist\u00f6 on helppo n\u00e4hd\u00e4 ja aktivoida my\u00f6s h\u00e4m\u00e4r\u00e4ss\u00e4.<\/p>\n<p>LCD5511S:ss\u00e4 on my\u00f6s tulo\/l\u00e4ht\u00f6liitin, joka voidaan ohjelmoida toimimaan vy\u00f6hyketuloksi, ohjelmoitavaksi l\u00e4hd\u00f6ksi tai matalan l\u00e4mp\u00f6tilan anturiksi.<\/p>\n<p>Jopa 8 osiota ja uutta AC-tilakuvaketta tukeva n\u00e4pp\u00e4imist\u00f6 on luotettava ja toimiva osa DSC PowerSeries -j\u00e4rjestelm\u00e4\u00e4.<\/p>","protected":false},"excerpt":{"rendered":"<p>DSC PowerSeries LCD-n\u00e4pp\u00e4imist\u00f6 5511S on langallinen n\u00e4pp\u00e4imist\u00f6, jossa on symbolit ja selke\u00e4 n\u00e4ytt\u00f6, joka on suunniteltu j\u00e4rjestelmiin, joissa on jopa 64 osaa.<\/p>","protected":false},"featured_media":144834,"template":"","meta":{"_acf_changed":false},"product_brand":[],"product_cat":[3330,1322],"product_tag":[3311,3027],"class_list":{"0":"post-55605","1":"product","2":"type-product","3":"status-publish","4":"has-post-thumbnail","6":"product_cat-powerseries-1616-1864","7":"product_cat-dsc-larm-neo-power-hybridlarm","8":"product_tag-dsc-neo-svensk-manual","9":"product_tag-power-pc1616-1864-aldre-versionen-av-neo","10":"product_shipping_class-postnord-varubrev","11":"pa_brands-4dsc","12":"pa_dsc-neo-hybridlarm-power-pc1616-1864-aldre-version-av-neo","13":"tm-has-options","15":"first","16":"instock","17":"sale","18":"featured","19":"taxable","20":"shipping-taxable","21":"purchasable","22":"product-type-simple"},"acf":[],"_links":{"self":[{"href":"https:\/\/secureus.se\/fi\/wp-json\/wp\/v2\/product\/55605","targetHints":{"allow":["GET"]}}],"collection":[{"href":"https:\/\/secureus.se\/fi\/wp-json\/wp\/v2\/product"}],"about":[{"href":"https:\/\/secureus.se\/fi\/wp-json\/wp\/v2\/types\/product"}],"wp:featuredmedia":[{"embeddable":true,"href":"https:\/\/secureus.se\/fi\/wp-json\/wp\/v2\/media\/144834"}],"wp:attachment":[{"href":"https:\/\/secureus.se\/fi\/wp-json\/wp\/v2\/media?parent=55605"}],"wp:term":[{"taxonomy":"product_brand","embeddable":true,"href":"https:\/\/secureus.se\/fi\/wp-json\/wp\/v2\/product_brand?post=55605"},{"taxonomy":"product_cat","embeddable":true,"href":"https:\/\/secureus.se\/fi\/wp-json\/wp\/v2\/product_cat?post=55605"},{"taxonomy":"product_tag","embeddable":true,"href":"https:\/\/secureus.se\/fi\/wp-json\/wp\/v2\/product_tag?post=55605"}],"curies":[{"name":"wp","href":"https:\/\/api.w.org\/{rel}","templated":true}]}}