{"id":55617,"date":"2022-04-08T11:12:00","date_gmt":"2022-04-08T09:12:00","guid":{"rendered":"https:\/\/secureus.se\/produkt\/wireless-pir-detector-ws4904pw\/"},"modified":"2025-12-31T19:58:01","modified_gmt":"2025-12-31T18:58:01","slug":"dsc-pet-pir-motion-ws4904p","status":"publish","type":"product","link":"https:\/\/secureus.se\/fi\/dsc-pet-pir-motion-ws4904p\/","title":{"rendered":"Langaton DSC PET PIR -liiketunnistin WS4904P"},"content":{"rendered":"<p><strong>Langaton DSC PET PIR -liiketunnistin WS4904P<\/strong> on ihanteellinen ratkaisu lemmikkiel\u00e4inten omistajille, jotka etsiv\u00e4t tehokasta ja luotettavaa liiketunnistinta.<\/p>\n<p>T\u00e4m\u00e4 langaton ilmaisin k\u00e4ytt\u00e4\u00e4 433 MHz tekniikkaa ja sen vaikuttava peittoalue on 15,2 x 18,3 metri\u00e4, mik\u00e4 varmistaa kotisi kattavan suojan.<\/p>\n<p>Jopa 27 kg:n painoisten lemmikkiel\u00e4inten immuniteetin ansiosta voit k\u00e4ytt\u00e4\u00e4 sit\u00e4 turvallisesti ymp\u00e4rist\u00f6iss\u00e4, joissa el\u00e4imet liikkuvat, ilman, ett\u00e4 sinun tarvitsee huolehtia v\u00e4\u00e4rist\u00e4 h\u00e4lytyksist\u00e4.<\/p>\n<p>Siin\u00e4 on automaattinen k\u00e4velytestin kytkeminen ja akun s\u00e4\u00e4st\u00f6toiminto, joka aktivoituu 3 minuutin k\u00e4ytt\u00e4m\u00e4tt\u00f6myyden j\u00e4lkeen, mik\u00e4 takaa pitk\u00e4n, noin 5 vuoden akun k\u00e4ytt\u00f6i\u00e4n mukana toimitetulla CR123A-tyypin litiumakulla.<\/p>\n<p>WS4904P:n k\u00e4ytt\u00f6\u00f6notto ja asennus on eritt\u00e4in helppoa, joten voit saada turvaj\u00e4rjestelm\u00e4si nopeasti k\u00e4ytt\u00f6\u00f6n.<\/p>\n<p>Ilmaisin valvoo my\u00f6s peukalointia, akkuj\u00e4nnitett\u00e4 ja tiedonsiirtoa varmistaakseen korkean turvallisuustason.<\/p>\n<p>On t\u00e4rke\u00e4\u00e4 huomata, ett\u00e4 langattomien PowerG-tuotteiden k\u00e4ytt\u00e4miseen tarvitaan l\u00e4hetinvastaanotin HSM2HOST tai RF-tekniikalla varustettu n\u00e4pp\u00e4imist\u00f6 toimimaan vastaanottimena.<\/p>\n<p>DSC PET PIR WS4904P on ihanteellinen sek\u00e4 asuin- ett\u00e4 kaupallisiin sovelluksiin tarjoten tehokkaan ja luotettavan turvaratkaisun.<\/p>","protected":false},"excerpt":{"rendered":"<p>DSC PET PIR WS4904P on langaton lemmikkitunnistin, joka kest\u00e4\u00e4 enint\u00e4\u00e4n 27 kg painavia el\u00e4imi\u00e4 ja sopii t\u00e4ydellisesti turvaj\u00e4rjestelmiin lemmikkikodeissa.<\/p>","protected":false},"featured_media":144872,"template":"","meta":{"_acf_changed":false},"product_brand":[],"product_cat":[1322],"product_tag":[3152,3311],"class_list":{"0":"post-55617","1":"product","2":"type-product","3":"status-publish","4":"has-post-thumbnail","6":"product_cat-dsc-larm-neo-power-hybridlarm","7":"product_tag-cr123-tillbehor","8":"product_tag-dsc-neo-svensk-manual","9":"product_shipping_class-postnord-varubrev","10":"pa_brands-4dsc","11":"pa_dsc-neo-hybridlarm-power-pc1616-1864-aldre-version-av-neo","12":"tm-has-options","14":"first","15":"instock","16":"sale","17":"featured","18":"taxable","19":"shipping-taxable","20":"purchasable","21":"product-type-simple"},"acf":[],"_links":{"self":[{"href":"https:\/\/secureus.se\/fi\/wp-json\/wp\/v2\/product\/55617","targetHints":{"allow":["GET"]}}],"collection":[{"href":"https:\/\/secureus.se\/fi\/wp-json\/wp\/v2\/product"}],"about":[{"href":"https:\/\/secureus.se\/fi\/wp-json\/wp\/v2\/types\/product"}],"wp:featuredmedia":[{"embeddable":true,"href":"https:\/\/secureus.se\/fi\/wp-json\/wp\/v2\/media\/144872"}],"wp:attachment":[{"href":"https:\/\/secureus.se\/fi\/wp-json\/wp\/v2\/media?parent=55617"}],"wp:term":[{"taxonomy":"product_brand","embeddable":true,"href":"https:\/\/secureus.se\/fi\/wp-json\/wp\/v2\/product_brand?post=55617"},{"taxonomy":"product_cat","embeddable":true,"href":"https:\/\/secureus.se\/fi\/wp-json\/wp\/v2\/product_cat?post=55617"},{"taxonomy":"product_tag","embeddable":true,"href":"https:\/\/secureus.se\/fi\/wp-json\/wp\/v2\/product_tag?post=55617"}],"curies":[{"name":"wp","href":"https:\/\/api.w.org\/{rel}","templated":true}]}}