{"id":56201,"date":"2022-03-16T14:53:00","date_gmt":"2022-03-16T13:53:00","guid":{"rendered":"https:\/\/secureus.se\/produkt\/yale-doorman-rfid-tagg-svart-aven-for-nya-l3-versionen\/"},"modified":"2025-12-31T20:06:01","modified_gmt":"2025-12-31T19:06:01","slug":"yale-doorman-tagg","status":"publish","type":"product","link":"https:\/\/secureus.se\/fi\/yale-doorman-tagg\/","title":{"rendered":"Yale Doorman Tag Black L3 &amp; L2 (ei versio L3S)"},"content":{"rendered":"<h1>Yalen ovimies Tag<\/h1>\n<h3>Sopii my\u00f6s malleihin L2 \u2013 L3, mutta ei versiolle L3S.<\/h3>\n<p>Musta avaimenper\u00e4 Yale Doormanille.<\/p>\n<p>Tunnisteet toimivat jopa 6 lukossa samanaikaisesti ja jos sinulla on uusi L3-versio, my\u00f6s enint\u00e4\u00e4n 6 lukkoa.<\/p>\n<p>Tunnisteet yksinkertaistavat k\u00e4sittely\u00e4 ja lis\u00e4\u00e4v\u00e4t j\u00e4rjestelm\u00e4n turvallisuutta. T\u00e4m\u00e4 tunniste perustuu L2\/L3-versioihin ja on saatavana vain mustana versiona.<\/p>\n<p>&nbsp;<\/p>","protected":false},"excerpt":{"rendered":"<p>Yalen ovenvartijatunniste Soveltuu my\u00f6s L2-L3-malleihin, mutta ei versiolle L3S. Musta avaimenper\u00e4 Yale Doormanille. Tunnisteet toimivat jopa 6 lukossa samanaikaisesti ja<\/p>","protected":false},"featured_media":146212,"template":"","meta":{"_acf_changed":false},"product_brand":[],"product_cat":[4818],"product_tag":[],"class_list":{"0":"post-56201","1":"product","2":"type-product","3":"status-publish","4":"has-post-thumbnail","6":"product_cat-yale-doorman-taggar","7":"product_shipping_class-postnord-varubrev","8":"pa_brands-yale","9":"tm-no-options","11":"first","12":"instock","13":"sale","14":"featured","15":"taxable","16":"shipping-taxable","17":"purchasable","18":"product-type-simple"},"acf":[],"_links":{"self":[{"href":"https:\/\/secureus.se\/fi\/wp-json\/wp\/v2\/product\/56201","targetHints":{"allow":["GET"]}}],"collection":[{"href":"https:\/\/secureus.se\/fi\/wp-json\/wp\/v2\/product"}],"about":[{"href":"https:\/\/secureus.se\/fi\/wp-json\/wp\/v2\/types\/product"}],"wp:featuredmedia":[{"embeddable":true,"href":"https:\/\/secureus.se\/fi\/wp-json\/wp\/v2\/media\/146212"}],"wp:attachment":[{"href":"https:\/\/secureus.se\/fi\/wp-json\/wp\/v2\/media?parent=56201"}],"wp:term":[{"taxonomy":"product_brand","embeddable":true,"href":"https:\/\/secureus.se\/fi\/wp-json\/wp\/v2\/product_brand?post=56201"},{"taxonomy":"product_cat","embeddable":true,"href":"https:\/\/secureus.se\/fi\/wp-json\/wp\/v2\/product_cat?post=56201"},{"taxonomy":"product_tag","embeddable":true,"href":"https:\/\/secureus.se\/fi\/wp-json\/wp\/v2\/product_tag?post=56201"}],"curies":[{"name":"wp","href":"https:\/\/api.w.org\/{rel}","templated":true}]}}