{"id":56503,"date":"2022-03-11T07:52:00","date_gmt":"2022-03-11T06:52:00","guid":{"rendered":"https:\/\/secureus.se\/produkt\/usb-1gb-bla-med-er-logo\/"},"modified":"2026-03-10T11:35:18","modified_gmt":"2026-03-10T10:35:18","slug":"usb-1gb-bla-med-er-logo","status":"publish","type":"product","link":"https:\/\/secureus.se\/fi\/usb-1gb-bla-med-er-logo\/","title":{"rendered":"USB-muistitikku 1GB Sininen - Ilmainen v\u00e4rilogo"},"content":{"rendered":"<div>\n<p>T\u00e4\u00e4lt\u00e4 l\u00f6yd\u00e4t USB-muistin dokumentaatiollesi tai asiakkaillesi tai yrityksen sis\u00e4ll\u00e4 sek\u00e4 &quot;lahjoja&quot;.<\/p>\n<p>Valmistamme n\u00e4m\u00e4 tehtaalla tilauksesi mukaan ja niiden valmistaminen tilauksen mukaan kest\u00e4\u00e4 noin 14-20 ty\u00f6p\u00e4iv\u00e4\u00e4.<\/p>\n<\/div>\n<div>Huomaa, ett\u00e4 sinun on l\u00e4hetett\u00e4v\u00e4 meille logosi ja koska kyseess\u00e4 on suunnitteluartikkeli, otamme sinuun oikolukuehdotuksia ennen kuin aloitamme tuotannon.<\/div>","protected":false},"excerpt":{"rendered":"<p>T\u00e4\u00e4lt\u00e4 l\u00f6yd\u00e4t USB-muistin dokumentaatiollesi tai asiakkaillesi tai yrityksen sis\u00e4ll\u00e4 sek\u00e4 &quot;lahjoja&quot;. Valmistamme n\u00e4m\u00e4 tehtaalla tilauksesi mukaan ja kest\u00e4\u00e4 n<\/p>","protected":false},"featured_media":144521,"template":"","meta":{"_acf_changed":false},"product_brand":[],"product_cat":[1824],"product_tag":[2919,2958],"class_list":{"0":"post-56503","1":"product","2":"type-product","3":"status-publish","4":"has-post-thumbnail","6":"product_cat-usb-minnen-logo-minneskort","7":"product_tag-1-gb","8":"product_tag-stonehouse-produkt","9":"product_shipping_class-postnord-varubrev","10":"pa_brands-stonehouse-security","11":"pa_farg-bla","12":"tm-has-options","14":"first","15":"outofstock","16":"sale","17":"featured","18":"taxable","19":"shipping-taxable","20":"purchasable","21":"product-type-simple"},"acf":[],"_links":{"self":[{"href":"https:\/\/secureus.se\/fi\/wp-json\/wp\/v2\/product\/56503","targetHints":{"allow":["GET"]}}],"collection":[{"href":"https:\/\/secureus.se\/fi\/wp-json\/wp\/v2\/product"}],"about":[{"href":"https:\/\/secureus.se\/fi\/wp-json\/wp\/v2\/types\/product"}],"wp:featuredmedia":[{"embeddable":true,"href":"https:\/\/secureus.se\/fi\/wp-json\/wp\/v2\/media\/144521"}],"wp:attachment":[{"href":"https:\/\/secureus.se\/fi\/wp-json\/wp\/v2\/media?parent=56503"}],"wp:term":[{"taxonomy":"product_brand","embeddable":true,"href":"https:\/\/secureus.se\/fi\/wp-json\/wp\/v2\/product_brand?post=56503"},{"taxonomy":"product_cat","embeddable":true,"href":"https:\/\/secureus.se\/fi\/wp-json\/wp\/v2\/product_cat?post=56503"},{"taxonomy":"product_tag","embeddable":true,"href":"https:\/\/secureus.se\/fi\/wp-json\/wp\/v2\/product_tag?post=56503"}],"curies":[{"name":"wp","href":"https:\/\/api.w.org\/{rel}","templated":true}]}}