{"id":56508,"date":"2022-03-11T07:13:00","date_gmt":"2022-03-11T06:13:00","guid":{"rendered":"https:\/\/secureus.se\/produkt\/kopplingsdosa-38-skruvar-2-5-mm2-sabotage\/"},"modified":"2026-04-01T14:11:49","modified_gmt":"2026-04-01T12:11:49","slug":"kopplingsdosa-mz-3-l-38-skruvar","status":"publish","type":"product","link":"https:\/\/secureus.se\/fi\/kopplingsdosa-mz-3-l-38-skruvar\/","title":{"rendered":"Jakorasia MZ-3 L 38 ruuvia 2,5 mm2 + peukalointi"},"content":{"rendered":"<h1>MZ-3 L \u2013 Jakorasia turvallisuuden ja yksinkertaisuuden vuoksi<\/h1>\n<p>SATELin MZ-3 L on kytkent\u00e4rasia, jossa yhdistyv\u00e4t luotettavuus ja helppok\u00e4ytt\u00f6isyys.<\/p>\n<p>Se on suunniteltu pienj\u00e4nnites\u00e4hk\u00f6asennuksiin ja turvaj\u00e4rjestelmiin, joten se on ihanteellinen sek\u00e4 asuin- ett\u00e4 liikekiinteist\u00f6ihin.<\/p>\n<p>38 numeroidulla ruuviliittimell\u00e4 ja peukalokytkimell\u00e4 se tarjoaa korkeatasoista turvallisuutta ja joustavuutta.<\/p>\n<p><strong>Ominaisuudet, jotka erottuvat:<\/strong><\/p>\n<ul>\n<li><strong>Turvallisuus ennen kaikkea:<\/strong> Sis\u00e4\u00e4nrakennettu peukalointikytkin suojaa j\u00e4rjestelm\u00e4\u00e4 luvattomalta k\u00e4yt\u00f6lt\u00e4.<\/li>\n<li><strong>Suuri kapasiteetti:<\/strong> Kest\u00e4\u00e4 maksimij\u00e4nnitteen 24 V AC\/DC ja jopa 500 mA.<\/li>\n<li><strong>Numeroidut p\u00e4\u00e4tteet:<\/strong> Helppo tunnistaa liit\u00e4nn\u00e4t sujuvampaan asennukseen.<\/li>\n<li><strong>Vankka muotoilu:<\/strong> Kest\u00e4v\u00e4 rakenne soveltuu sek\u00e4 asuin- ett\u00e4 liiketiloihin.<\/li>\n<\/ul>\n<p><strong>Nopea ja helppo asennus<\/strong> MZ-3 L on helppo asentaa sen intuitiivisen suunnittelun ansiosta.<\/p>\n<p>Se on varustettu numeroiduilla ruuviliittimill\u00e4, jotka tekev\u00e4t kaapelinhallinnasta tehokasta ja nopeaa. Lis\u00e4ksi peukalointikytkin yksinkertaistaa asennuksen turvallisuuden valvontaa.<\/p>\n<p><strong>K\u00e4ytt\u00f6alueet<\/strong><\/p>\n<ul>\n<li>Turvah\u00e4lytys ja valvontaj\u00e4rjestelm\u00e4.<\/li>\n<li>Pienj\u00e4nniteasennukset sis\u00e4puhelinj\u00e4rjestelmiss\u00e4.<\/li>\n<li>\u00c4lykodit ja muut yhdistetyt laitteet.<\/li>\n<\/ul>\n<p>MZ-3 L:ll\u00e4 saat luotettavan ratkaisun, joka tekee asennuksista sek\u00e4 turvallisia ett\u00e4 tehokkaita.<\/p>","protected":false},"excerpt":{"rendered":"<p><strong>MZ-3 L \u2013 Jakorasia turvallisuutta ja joustavuutta varten<\/strong><br \/>\nMZ-3 L on luotettava kytkent\u00e4rasia, jossa on 38 numeroitua ruuviliitint\u00e4 ja peukalointikytkin.<\/p>\n<p>T\u00e4ydellinen pienj\u00e4nniteasennuksiin, kuten turvah\u00e4lyttimet ja sis\u00e4puhelinj\u00e4rjestelm\u00e4t.<\/p>\n<p>Helppo asentaa ja mukauttaa sek\u00e4 ammatti- ett\u00e4 yksityisk\u00e4ytt\u00f6\u00f6n.<\/p>","protected":false},"featured_media":144652,"template":"","meta":{"_acf_changed":false},"product_brand":[],"product_cat":[1545],"product_tag":[2220,2421],"class_list":{"0":"post-56508","1":"product","2":"type-product","3":"status-publish","4":"has-post-thumbnail","6":"product_cat-kopplingsdosa-larmdosa","7":"product_tag-dosor-rekommenderade-lagt-pris","8":"product_tag-rel-installationstillbehor","9":"product_shipping_class-postnord-varubrev","10":"pa_brands-satel","11":"tm-no-options","13":"first","14":"instock","15":"sale","16":"featured","17":"taxable","18":"shipping-taxable","19":"purchasable","20":"product-type-simple"},"acf":[],"_links":{"self":[{"href":"https:\/\/secureus.se\/fi\/wp-json\/wp\/v2\/product\/56508","targetHints":{"allow":["GET"]}}],"collection":[{"href":"https:\/\/secureus.se\/fi\/wp-json\/wp\/v2\/product"}],"about":[{"href":"https:\/\/secureus.se\/fi\/wp-json\/wp\/v2\/types\/product"}],"wp:featuredmedia":[{"embeddable":true,"href":"https:\/\/secureus.se\/fi\/wp-json\/wp\/v2\/media\/144652"}],"wp:attachment":[{"href":"https:\/\/secureus.se\/fi\/wp-json\/wp\/v2\/media?parent=56508"}],"wp:term":[{"taxonomy":"product_brand","embeddable":true,"href":"https:\/\/secureus.se\/fi\/wp-json\/wp\/v2\/product_brand?post=56508"},{"taxonomy":"product_cat","embeddable":true,"href":"https:\/\/secureus.se\/fi\/wp-json\/wp\/v2\/product_cat?post=56508"},{"taxonomy":"product_tag","embeddable":true,"href":"https:\/\/secureus.se\/fi\/wp-json\/wp\/v2\/product_tag?post=56508"}],"curies":[{"name":"wp","href":"https:\/\/api.w.org\/{rel}","templated":true}]}}