{"id":56509,"date":"2022-03-11T07:13:00","date_gmt":"2022-03-11T06:13:00","guid":{"rendered":"https:\/\/secureus.se\/produkt\/spw-100-siren-inomhus-med-kraftigt-120-db-ljud\/"},"modified":"2026-04-01T14:10:21","modified_gmt":"2026-04-01T12:10:21","slug":"spw-100-siren-inomhus","status":"publish","type":"product","link":"https:\/\/secureus.se\/fi\/spw-100-siren-inomhus\/","title":{"rendered":"Satel-sireeni SPW-100 \u2013 Tehokas 120 dB:n \u00e4\u00e4ni"},"content":{"rendered":"<h1>SPW-100 sis\u00e4sireeni \u2013 Tehokas ja luotettava h\u00e4lytysilmaisin<\/h1>\n<p>SATELin SPW-100 on tehokas ja joustava sis\u00e4sireeni, joka on suunniteltu vastaamaan nykyaikaisten turvaratkaisujen vaatimuksia.<\/p>\n<p>Vaikuttavalla, jopa 120 dB:n \u00e4\u00e4nitasolla se takaa tehokkaan signaalin my\u00f6s suurissa rakennuksissa, kuten varastoissa, parkkihallissa ja toimistotiloissa.<\/p>\n<p>T\u00e4ss\u00e4 sireeniss\u00e4 on kolme valittavissa olevaa \u00e4\u00e4nimerkki\u00e4, jotka mahdollistavat h\u00e4lytyksen mukauttamisen erilaisiin tarpeisiin.<\/p>\n<p>Tyylik\u00e4s, soikea kotelo mahdollistaa sek\u00e4 sein\u00e4- ett\u00e4 kattoasennuksen, mik\u00e4 tekee asennuksesta helppoa ja joustavaa.<\/p>\n<p><strong>P\u00e4\u00e4ominaisuudet:<\/strong><\/p>\n<ul>\n<li><strong>Suuri \u00e4\u00e4nenvoimakkuus:<\/strong> 120 dB:n \u00e4\u00e4nisignaali takaa kuuluvuuden suurissa ja meluisissa ymp\u00e4rist\u00f6iss\u00e4.<\/li>\n<li><strong>Mukautettava signalointi:<\/strong> Kolme erilaista s\u00e4vy\u00e4 tiettyihin sovelluksiin sopivaksi.<\/li>\n<li><strong>Peukalointisuojaus:<\/strong> Sis\u00e4\u00e4nrakennettu suoja luvattomalta p\u00e4\u00e4sylt\u00e4 avaamalla kotelo tai irrottamalla se sein\u00e4st\u00e4.<\/li>\n<li><strong>Kompakti muotoilu:<\/strong> Sopii helposti erilaisiin sis\u00e4tiloihin.<\/li>\n<\/ul>\n<p>SPW-100 on vankka ja energiatehokas ratkaisu alhaisella 320 mA:n virrankulutuksella.<\/p>\n<p>Se tarjoaa korkean turvallisuuden ja helppok\u00e4ytt\u00f6isyyden sek\u00e4 asuin- ett\u00e4 liikekiinteist\u00f6ille.<\/p>\n<p>&nbsp;<\/p>","protected":false},"excerpt":{"rendered":"<p>SATELin SPW-100-sis\u00e4sireeni tarjoaa suuren 120 dB:n \u00e4\u00e4nenvoimakkuuden ja kolme valittavissa olevaa \u00e4\u00e4nt\u00e4.<\/p>\n<p>Peukalointisuojan ja kompaktin rakenteen ansiosta se on ihanteellinen sis\u00e4ymp\u00e4rist\u00f6ihin, jotka vaativat luotettavaa h\u00e4lytystoimintoa.<\/p>","protected":false},"featured_media":144900,"template":"","meta":{"_acf_changed":false},"product_brand":[],"product_cat":[1306,1562],"product_tag":[2268],"class_list":{"0":"post-56509","1":"product","2":"type-product","3":"status-publish","4":"has-post-thumbnail","6":"product_cat-larm-sakerhet","7":"product_cat-larmdon-blixtljus","8":"product_tag-larmdon-siren-inomhus","9":"product_shipping_class-postnord-varubrev","10":"pa_brands-satel","11":"tm-no-options","13":"first","14":"instock","15":"sale","16":"featured","17":"taxable","18":"shipping-taxable","19":"purchasable","20":"product-type-simple"},"acf":[],"_links":{"self":[{"href":"https:\/\/secureus.se\/fi\/wp-json\/wp\/v2\/product\/56509","targetHints":{"allow":["GET"]}}],"collection":[{"href":"https:\/\/secureus.se\/fi\/wp-json\/wp\/v2\/product"}],"about":[{"href":"https:\/\/secureus.se\/fi\/wp-json\/wp\/v2\/types\/product"}],"wp:featuredmedia":[{"embeddable":true,"href":"https:\/\/secureus.se\/fi\/wp-json\/wp\/v2\/media\/144900"}],"wp:attachment":[{"href":"https:\/\/secureus.se\/fi\/wp-json\/wp\/v2\/media?parent=56509"}],"wp:term":[{"taxonomy":"product_brand","embeddable":true,"href":"https:\/\/secureus.se\/fi\/wp-json\/wp\/v2\/product_brand?post=56509"},{"taxonomy":"product_cat","embeddable":true,"href":"https:\/\/secureus.se\/fi\/wp-json\/wp\/v2\/product_cat?post=56509"},{"taxonomy":"product_tag","embeddable":true,"href":"https:\/\/secureus.se\/fi\/wp-json\/wp\/v2\/product_tag?post=56509"}],"curies":[{"name":"wp","href":"https:\/\/api.w.org\/{rel}","templated":true}]}}