{"id":56513,"date":"2022-03-11T07:13:00","date_gmt":"2022-03-11T06:13:00","guid":{"rendered":"https:\/\/secureus.se\/produkt\/tidrela-12v-dc-multifunktion-18-olika-funktioner-0-1-sek-100-timmar\/"},"modified":"2026-04-20T16:25:00","modified_gmt":"2026-04-20T14:25:00","slug":"tidrela-12v-dc-multifunktion","status":"publish","type":"product","link":"https:\/\/secureus.se\/fi\/tidrela-12v-dc-multifunktion\/","title":{"rendered":"Aikarele 12v DC Monitoimi 18 eri toimintoa 0,1 s - 100 tuntia"},"content":{"rendered":"<h1>Ajoitusrele 12V DC \u2013 Monitoiminen ja tehokas<\/h1>\n<p>The <strong>Aikarele 12V DC, 18 toimintoa<\/strong> on edistyksellinen ratkaisu aikaloogisten prosessien hallintaan automaatio- ja ohjausj\u00e4rjestelmiss\u00e4.<\/p>\n<p>T\u00e4m\u00e4 aikarele on monien toimintojen ja suuren tarkkuuden ansiosta ihanteellinen lukkojen, s\u00e4hk\u00f6magneettisten laitteiden ja muiden tarkkaa ajanhallintaa vaativien prosessien ohjaamiseen.<\/p>\n<h5>P\u00e4\u00e4toiminnot<\/h5>\n<ul>\n<li><strong>18 ohjelmoitavaa aikatoimintoa<\/strong>: Joustavuus k\u00e4sitell\u00e4 erilaisia sovelluksia, kuten aikaviiveit\u00e4, impulsseja ja syklist\u00e4 ohjausta.<\/li>\n<li><strong>Aikav\u00e4li 0,1 sekunnista 100 tuntiin<\/strong>: T\u00e4ydellinen lyhyt- ja pitk\u00e4aikaisiin prosesseihin.<\/li>\n<li><strong>Suuri kapasiteetti<\/strong>: Rele maksimikytkent\u00e4virralla 10A ja maksimij\u00e4nnitteell\u00e4 250VAC\/30VDC.<\/li>\n<li><strong>LED-n\u00e4ytt\u00f6 ja optinen ilmaisin<\/strong>: Selke\u00e4 ohjelmointi ja reaaliaikainen tila LED-n\u00e4yt\u00f6n kautta.<\/li>\n<li><strong>Helppok\u00e4ytt\u00f6inen ohjelmointi<\/strong>: Kolme yksinkertaista painiketta toimintojen ja aikav\u00e4lien nopeaan asettamiseen.<\/li>\n<\/ul>\n<h5>Edut<\/h5>\n<ul>\n<li><strong>Luotettava toiminta<\/strong>: K\u00e4ytt\u00e4\u00e4 kristallioskillaattoria suuren tarkkuuden ja toistettavuuden saavuttamiseksi.<\/li>\n<li><strong>Joustavuus k\u00e4yt\u00f6ss\u00e4<\/strong>: Pystyy k\u00e4sittelem\u00e4\u00e4n sek\u00e4 yksinkertaista ett\u00e4 monimutkaista ohjausta ohjaus- ja turvaj\u00e4rjestelmiss\u00e4.<\/li>\n<li><strong>Kest\u00e4v\u00e4 rakenne<\/strong>: CE-merkitty ja kest\u00e4v\u00e4 rakenne, joka kest\u00e4\u00e4 k\u00e4ytt\u00f6l\u00e4mp\u00f6tiloja -10\u00b0C - +40\u00b0C.<\/li>\n<\/ul>\n<h5>Tekniset tiedot<\/h5>\n<ul>\n<li><strong>K\u00e4ytt\u00f6j\u00e4nnite<\/strong>: 10-16V DC<\/li>\n<li><strong>Suurin kytkent\u00e4virta<\/strong>: 10A<\/li>\n<li><strong>Mitat<\/strong>: 120 x 43 x 22 mm<\/li>\n<li><strong>Asennus<\/strong>: Teippi tai ruuvit joustavaan asennukseen<\/li>\n<\/ul>\n<p>T\u00e4m\u00e4n kanssa <strong>ajastin<\/strong> saat monipuolisen ja luotettavan ratkaisun ajanhallintaan automaatio- ja ohjausj\u00e4rjestelmiss\u00e4.<\/p>","protected":false},"excerpt":{"rendered":"<p>Innovatiivinen 12 V DC aikarele 18 toiminnolla ja ohjelmoitava aikav\u00e4li 0,1 sekunnista 100 tuntiin.<\/p>\n<p>T\u00e4ydellinen automaatio- ja ohjausj\u00e4rjestelmiin.<\/p>","protected":false},"featured_media":145402,"template":"","meta":{"_acf_changed":false},"product_brand":[],"product_cat":[4154,1548],"product_tag":[2427,2231],"class_list":{"0":"post-56513","1":"product","2":"type-product","3":"status-publish","4":"has-post-thumbnail","6":"product_cat-tidrela","7":"product_cat-relaer-elektronik","8":"product_tag-rel-relaelektonik","9":"product_tag-tidrelaer","10":"product_shipping_class-postnord-varubrev","11":"pa_brands-pulsar","12":"tm-no-options","14":"first","15":"instock","16":"sale","17":"featured","18":"taxable","19":"shipping-taxable","20":"purchasable","21":"product-type-simple"},"acf":[],"_links":{"self":[{"href":"https:\/\/secureus.se\/fi\/wp-json\/wp\/v2\/product\/56513","targetHints":{"allow":["GET"]}}],"collection":[{"href":"https:\/\/secureus.se\/fi\/wp-json\/wp\/v2\/product"}],"about":[{"href":"https:\/\/secureus.se\/fi\/wp-json\/wp\/v2\/types\/product"}],"wp:featuredmedia":[{"embeddable":true,"href":"https:\/\/secureus.se\/fi\/wp-json\/wp\/v2\/media\/145402"}],"wp:attachment":[{"href":"https:\/\/secureus.se\/fi\/wp-json\/wp\/v2\/media?parent=56513"}],"wp:term":[{"taxonomy":"product_brand","embeddable":true,"href":"https:\/\/secureus.se\/fi\/wp-json\/wp\/v2\/product_brand?post=56513"},{"taxonomy":"product_cat","embeddable":true,"href":"https:\/\/secureus.se\/fi\/wp-json\/wp\/v2\/product_cat?post=56513"},{"taxonomy":"product_tag","embeddable":true,"href":"https:\/\/secureus.se\/fi\/wp-json\/wp\/v2\/product_tag?post=56513"}],"curies":[{"name":"wp","href":"https:\/\/api.w.org\/{rel}","templated":true}]}}