{"id":56516,"date":"2022-03-11T07:13:00","date_gmt":"2022-03-11T06:13:00","guid":{"rendered":"https:\/\/secureus.se\/produkt\/rela-12-24vdc-2a-2-st-vxl-relaer-c-cn-no\/"},"modified":"2026-04-01T14:25:32","modified_gmt":"2026-04-01T12:25:32","slug":"relamodul-12-24vdc-2a","status":"publish","type":"product","link":"https:\/\/secureus.se\/fi\/relamodul-12-24vdc-2a\/","title":{"rendered":"Relemoduuli 12-24VDC 2A \u2013 2Vxl releet C\/CN\/NO"},"content":{"rendered":"<h1>Relemoduuli 12-24VDC 2A \u2013 Joustava ja luotettava tehons\u00e4\u00e4t\u00f6<\/h1>\n<p>T\u00e4m\u00e4 <strong>relemoduuli 12-24VDC<\/strong> on suunniteltu k\u00e4sittelem\u00e4\u00e4n pienj\u00e4nnitej\u00e4rjestelmi\u00e4 tarkasti ja luotettavasti.<\/p>\n<p>Varustettu kahdella vaihtoreleell\u00e4 (C\/NC\/NO) ja edistyneell\u00e4 galvaanisella eristyksell\u00e4, se on ihanteellinen h\u00e4lytys- ja kulunvalvontaj\u00e4rjestelmiin, joissa turvallinen tehons\u00e4\u00e4t\u00f6 on v\u00e4ltt\u00e4m\u00e4t\u00f6nt\u00e4.<\/p>\n<h5>P\u00e4\u00e4toiminnot<\/h5>\n<ul>\n<li><strong>Kaksoisreletoiminto<\/strong>: Kaksi erillist\u00e4 relett\u00e4, jotka k\u00e4sittelev\u00e4t jopa 2A 30VDC tai 50VAC.<\/li>\n<li><strong>Valittavissa oleva k\u00e4ytt\u00f6j\u00e4nnite<\/strong>: Voidaan sovittaa 12 V:lle tai 24 V:lle jumpperia k\u00e4ytt\u00e4m\u00e4ll\u00e4.<\/li>\n<li><strong>LED-ilmaisin<\/strong>: Optinen ilmaisin n\u00e4ytt\u00e4\u00e4 releen toiminnan nopeaa ja selke\u00e4\u00e4 valvontaa varten.<\/li>\n<li><strong>Korkea turvallisuus<\/strong>: Galvaaninen eristys signaalien ja virtal\u00e4hteiden v\u00e4lill\u00e4 suojaa kytkettyj\u00e4 j\u00e4rjestelmi\u00e4.<\/li>\n<li><strong>Kompakti muotoilu<\/strong>: Pieni ja helppo asentaa asennusteipill\u00e4 tai ruuveilla.<\/li>\n<\/ul>\n<h5>Edut<\/h5>\n<ul>\n<li><strong>Turvallinen ja tehokas toiminta<\/strong>: T\u00e4ydellinen j\u00e4rjestelmiin, joissa on suuri virrankulutus OC-l\u00e4ht\u00f6jen kautta.<\/li>\n<li><strong>Monipuolisuus<\/strong>: Soveltuu h\u00e4lyttimiin, teollisuusautomaatioon ja kulunvalvontaan.<\/li>\n<li><strong>Pitk\u00e4 k\u00e4ytt\u00f6ik\u00e4<\/strong>: Tukeva rakenne ja kahden vuoden takuu valmistusp\u00e4iv\u00e4st\u00e4.<\/li>\n<\/ul>\n<h5>Tekniset tiedot<\/h5>\n<ul>\n<li><strong>K\u00e4ytt\u00f6j\u00e4nnite<\/strong>: 12 V (10\u201315 VDC) tai 24 V (21\u201328 VDC)<\/li>\n<li><strong>Suurin kytkent\u00e4virta<\/strong>: 2A 30VDC \/ 50VAC<\/li>\n<li><strong>Mitat<\/strong>: 80 x 43 x 22 mm<\/li>\n<li><strong>K\u00e4ytt\u00f6l\u00e4mp\u00f6tila<\/strong>: -10\u00b0C - +50\u00b0C<\/li>\n<li><strong>Asennus<\/strong>: Teippi tai ruuvit<\/li>\n<\/ul>\n<p>T\u00e4m\u00e4n kanssa <strong>relemoduuli<\/strong> saat luotettavan ja turvallisen ratkaisun pienj\u00e4nnitej\u00e4rjestelmien hallintaan.<\/p>","protected":false},"excerpt":{"rendered":"<p>Relemoduuli 12-24VDC kaksoiskytkent\u00e4releill\u00e4 ja LED-n\u00e4yt\u00f6ll\u00e4.<\/p>\n<p>T\u00e4ydellinen h\u00e4lytys- ja ohjausj\u00e4rjestelmiin, jotka vaativat turvallista ja joustavaa tehons\u00e4\u00e4t\u00f6\u00e4.<\/p>","protected":false},"featured_media":145362,"template":"","meta":{"_acf_changed":false},"product_brand":[],"product_cat":[1548],"product_tag":[2427,2234],"class_list":{"0":"post-56516","1":"product","2":"type-product","3":"status-publish","4":"has-post-thumbnail","6":"product_cat-relaer-elektronik","7":"product_tag-rel-relaelektonik","8":"product_tag-rela-12-24v","9":"product_shipping_class-postnord-varubrev","10":"pa_brands-pulsar","11":"tm-no-options","13":"first","14":"instock","15":"sale","16":"featured","17":"taxable","18":"shipping-taxable","19":"purchasable","20":"product-type-simple"},"acf":[],"_links":{"self":[{"href":"https:\/\/secureus.se\/fi\/wp-json\/wp\/v2\/product\/56516","targetHints":{"allow":["GET"]}}],"collection":[{"href":"https:\/\/secureus.se\/fi\/wp-json\/wp\/v2\/product"}],"about":[{"href":"https:\/\/secureus.se\/fi\/wp-json\/wp\/v2\/types\/product"}],"wp:featuredmedia":[{"embeddable":true,"href":"https:\/\/secureus.se\/fi\/wp-json\/wp\/v2\/media\/145362"}],"wp:attachment":[{"href":"https:\/\/secureus.se\/fi\/wp-json\/wp\/v2\/media?parent=56516"}],"wp:term":[{"taxonomy":"product_brand","embeddable":true,"href":"https:\/\/secureus.se\/fi\/wp-json\/wp\/v2\/product_brand?post=56516"},{"taxonomy":"product_cat","embeddable":true,"href":"https:\/\/secureus.se\/fi\/wp-json\/wp\/v2\/product_cat?post=56516"},{"taxonomy":"product_tag","embeddable":true,"href":"https:\/\/secureus.se\/fi\/wp-json\/wp\/v2\/product_tag?post=56516"}],"curies":[{"name":"wp","href":"https:\/\/api.w.org\/{rel}","templated":true}]}}