{"id":56520,"date":"2022-03-11T07:13:00","date_gmt":"2022-03-11T06:13:00","guid":{"rendered":"https:\/\/secureus.se\/produkt\/rela-12-dc-ac-1a-1-st-vxl-rela-c-nc-no\/"},"modified":"2026-04-27T15:47:58","modified_gmt":"2026-04-27T13:47:58","slug":"relamodul-12v-dc-ac-1a-1-st-vxl-rela-c-nc-no","status":"publish","type":"product","link":"https:\/\/secureus.se\/fi\/relamodul-12v-dc-ac-1a-1-st-vxl-rela-c-nc-no\/","title":{"rendered":"Relemoduuli 12V DC\/AC 1A 1 x vaihtorele C\/NC\/NO"},"content":{"rendered":"<h1>Relemoduuli 12V DC\/AC 1A \u2013 Turvallinen ja joustava ohjaus pienj\u00e4nnitej\u00e4rjestelmiss\u00e4<\/h1>\n<p>The <strong>Relemoduuli 12V DC\/AC 1A<\/strong> on kompakti ja luotettava laite, joka on ihanteellinen ohjaus- ja tilanilmaisuun h\u00e4lytys- ja kulunvalvontaj\u00e4rjestelmiss\u00e4.<\/p>\n<p>Kytkinreleell\u00e4 ja optisella LED-ilmaisulla varustettu se tarjoaa turvallisen ja tehokkaan tehons\u00e4\u00e4d\u00f6n.<\/p>\n<h5>P\u00e4\u00e4toiminnot<\/h5>\n<ul>\n<li><strong>Vaihtorele (C\/NC\/NO)<\/strong>: Tarjoaa jopa 1A kytkent\u00e4virran 30VDC tai 50VAC, joten se sopii ihanteellisesti pienj\u00e4nnitej\u00e4rjestelmiin.<\/li>\n<li><strong>Turvallisuutta lis\u00e4\u00e4v\u00e4 lasisulake<\/strong>: Sis\u00e4\u00e4nrakennettu 1,5 A lasisulake suojaa relepiirej\u00e4 ylikuormitukselta.<\/li>\n<li><strong>Optinen LED-ilmaisin<\/strong>: Selke\u00e4 visuaalinen palaute reletoiminnasta helpottaa valvontaa.<\/li>\n<li><strong>Alhainen energiankulutus<\/strong>: Tehokas toiminta 400mW virrankulutuksella.<\/li>\n<li><strong>Kompakti muotoilu<\/strong>: T\u00e4ydellinen asennettavaksi ahtaisiin tiloihin teippi- tai ruuvikiinnitysvaihtoehdoilla.<\/li>\n<\/ul>\n<h5>Edut<\/h5>\n<ul>\n<li><strong>Turvallinen toiminta<\/strong>: Galvaaninen eristys signaalien ja virtal\u00e4hteiden v\u00e4lill\u00e4.<\/li>\n<li><strong>Muokattava<\/strong>: Tukee sek\u00e4 AC- ett\u00e4 DC-k\u00e4ytt\u00f6j\u00e4nnitett\u00e4 v\u00e4lill\u00e4 10-16V DC ja 10-13V AC.<\/li>\n<li><strong>Pitk\u00e4 k\u00e4ytt\u00f6ik\u00e4<\/strong>: Laadukas rakenne kahden vuoden takuulla.<\/li>\n<\/ul>\n<h5>Tekniset tiedot<\/h5>\n<ul>\n<li><strong>K\u00e4ytt\u00f6j\u00e4nnite<\/strong>: 10-16V DC \/ 10-13V AC<\/li>\n<li><strong>Vaihtovirta<\/strong>: Max 1A 30VDC \/ 50VAC<\/li>\n<li><strong>Mitat<\/strong>: 50 x 20 x 43 mm<\/li>\n<li><strong>K\u00e4ytt\u00f6l\u00e4mp\u00f6tila<\/strong>: -10\u00b0C - +40\u00b0C<\/li>\n<li><strong>Paino<\/strong>: 20 g<\/li>\n<\/ul>\n<p>T\u00e4m\u00e4 <strong>relemoduuli<\/strong> on t\u00e4ydellinen ratkaisu luotettavan ja turvallisen tehons\u00e4\u00e4d\u00f6n varmistamiseksi pienj\u00e4nnitej\u00e4rjestelmiss\u00e4.<\/p>","protected":false},"excerpt":{"rendered":"<p>Relemoduuli 12V DC\/AC vaihtuvalla releell\u00e4 ja optisella LED-ilmaisulla.<\/p>\n<p>T\u00e4ydellinen h\u00e4lytys- ja ohjausj\u00e4rjestelmiin, joissa on turvallinen ja joustava tehons\u00e4\u00e4t\u00f6.<\/p>","protected":false},"featured_media":144888,"template":"","meta":{"_acf_changed":false},"product_brand":[],"product_cat":[4151,1548],"product_tag":[2427,2229],"class_list":{"0":"post-56520","1":"product","2":"type-product","3":"status-publish","4":"has-post-thumbnail","6":"product_cat-rela-12-volt","7":"product_cat-relaer-elektronik","8":"product_tag-rel-relaelektonik","9":"product_tag-rela-12v","10":"product_shipping_class-postnord-varubrev","11":"pa_brands-pulsar","12":"tm-no-options","14":"first","15":"instock","16":"sale","17":"featured","18":"taxable","19":"shipping-taxable","20":"purchasable","21":"product-type-simple"},"acf":[],"_links":{"self":[{"href":"https:\/\/secureus.se\/fi\/wp-json\/wp\/v2\/product\/56520","targetHints":{"allow":["GET"]}}],"collection":[{"href":"https:\/\/secureus.se\/fi\/wp-json\/wp\/v2\/product"}],"about":[{"href":"https:\/\/secureus.se\/fi\/wp-json\/wp\/v2\/types\/product"}],"wp:featuredmedia":[{"embeddable":true,"href":"https:\/\/secureus.se\/fi\/wp-json\/wp\/v2\/media\/144888"}],"wp:attachment":[{"href":"https:\/\/secureus.se\/fi\/wp-json\/wp\/v2\/media?parent=56520"}],"wp:term":[{"taxonomy":"product_brand","embeddable":true,"href":"https:\/\/secureus.se\/fi\/wp-json\/wp\/v2\/product_brand?post=56520"},{"taxonomy":"product_cat","embeddable":true,"href":"https:\/\/secureus.se\/fi\/wp-json\/wp\/v2\/product_cat?post=56520"},{"taxonomy":"product_tag","embeddable":true,"href":"https:\/\/secureus.se\/fi\/wp-json\/wp\/v2\/product_tag?post=56520"}],"curies":[{"name":"wp","href":"https:\/\/api.w.org\/{rel}","templated":true}]}}