{"id":56521,"date":"2022-03-11T07:13:00","date_gmt":"2022-03-11T06:13:00","guid":{"rendered":"https:\/\/secureus.se\/produkt\/tidrela-12v-0-45-sekunder-1-st-vxl-rela-m-ind\/"},"modified":"2026-03-13T19:01:57","modified_gmt":"2026-03-13T18:01:57","slug":"tidrela-12v-0-45-sekunder-1-st-vxl-rela-m-ind","status":"publish","type":"product","link":"https:\/\/secureus.se\/fi\/tidrela-12v-0-45-sekunder-1-st-vxl-rela-m-ind\/","title":{"rendered":"Aikarele 12V \u2013 0-45 sekuntia 1 kpl xxl rele m ind."},"content":{"rendered":"<p>Releen toiminta-aika voidaan s\u00e4\u00e4t\u00e4\u00e4 v\u00e4lill\u00e4 0 - noin 45 sekuntia (\/ - 15 sekuntia).<\/p>\n<p>LED osoittaa, ett\u00e4 rele on aktivoitu.<\/p>\n<p>Relel\u00e4ht\u00f6<\/p>\n<p>Yhteystietojen kuvaus:<\/p>\n<p>\u201cCOM\u201d \u2013 yhteinen l\u00e4ht\u00f6 NO \/ NC-l\u00e4hd\u00f6lle<\/p>\n<p>\u201cNO\u201d \u2013 EI l\u00e4ht\u00f6\u00e4 (normaalisti auki)<\/p>\n<p>&quot;NC&quot; - NC-l\u00e4ht\u00f6 (normaalisti suljettu)<\/p>\n<p>Sy\u00f6tt\u00f6j\u00e4nnite: 12-16 VDC<\/p>\n<p>&quot;S&quot; \u2013 ohjaustulo.<\/p>\n<p>&quot;-S&quot; \u2013 ohjaustulo.<\/p>","protected":false},"excerpt":{"rendered":"<p>Releen toiminta-aika voidaan s\u00e4\u00e4t\u00e4\u00e4 v\u00e4lill\u00e4 0 - noin 45 sekuntia (\/ - 15 sekuntia). LED osoittaa, ett\u00e4 rele on aktivoitu. Relel\u00e4ht\u00f6 Koskettimien kuvaus: \u201cCOM\u201d \u2013 yhteinen l\u00e4ht\u00f6 NO \/<\/p>","protected":false},"featured_media":144666,"template":"","meta":{"_acf_changed":false},"product_brand":[],"product_cat":[4154,1548],"product_tag":[2427,2231],"class_list":{"0":"post-56521","1":"product","2":"type-product","3":"status-publish","4":"has-post-thumbnail","6":"product_cat-tidrela","7":"product_cat-relaer-elektronik","8":"product_tag-rel-relaelektonik","9":"product_tag-tidrelaer","10":"product_shipping_class-postnord-varubrev","11":"pa_brands-stonehouse-security","12":"tm-no-options","14":"first","15":"instock","16":"sale","17":"featured","18":"taxable","19":"shipping-taxable","20":"purchasable","21":"product-type-simple"},"acf":[],"_links":{"self":[{"href":"https:\/\/secureus.se\/fi\/wp-json\/wp\/v2\/product\/56521","targetHints":{"allow":["GET"]}}],"collection":[{"href":"https:\/\/secureus.se\/fi\/wp-json\/wp\/v2\/product"}],"about":[{"href":"https:\/\/secureus.se\/fi\/wp-json\/wp\/v2\/types\/product"}],"wp:featuredmedia":[{"embeddable":true,"href":"https:\/\/secureus.se\/fi\/wp-json\/wp\/v2\/media\/144666"}],"wp:attachment":[{"href":"https:\/\/secureus.se\/fi\/wp-json\/wp\/v2\/media?parent=56521"}],"wp:term":[{"taxonomy":"product_brand","embeddable":true,"href":"https:\/\/secureus.se\/fi\/wp-json\/wp\/v2\/product_brand?post=56521"},{"taxonomy":"product_cat","embeddable":true,"href":"https:\/\/secureus.se\/fi\/wp-json\/wp\/v2\/product_cat?post=56521"},{"taxonomy":"product_tag","embeddable":true,"href":"https:\/\/secureus.se\/fi\/wp-json\/wp\/v2\/product_tag?post=56521"}],"curies":[{"name":"wp","href":"https:\/\/api.w.org\/{rel}","templated":true}]}}