{"id":56522,"date":"2022-03-11T07:13:00","date_gmt":"2022-03-11T06:13:00","guid":{"rendered":"https:\/\/secureus.se\/produkt\/oppnaknapp-touch-standard-smalprofil-metall\/"},"modified":"2025-12-31T20:00:22","modified_gmt":"2025-12-31T19:00:22","slug":"oppnaknapp-touch-standard-smalprofil-metall","status":"publish","type":"product","link":"https:\/\/secureus.se\/fi\/oppnaknapp-touch-standard-smalprofil-metall\/","title":{"rendered":"Avauspainike Kosketus Vakio - Kapeaprofiilinen Metalli, IP65, 12-36V (NO\/NC\/COM)"},"content":{"rendered":"<p data-start=\"731\" data-end=\"1026\"><strong data-start=\"731\" data-end=\"780\">Avauspainike Kosketa Vakio \u2013 Kapea profiili metalli<\/strong> on kest\u00e4v\u00e4 ja tyylik\u00e4s avauspainike, joka on suunniteltu ammattimaisiin kulunvalvontaj\u00e4rjestelmiin ja ovien ohjaukseen.<br data-start=\"876\" data-end=\"879\" \/>Painike aktivoidaan kevyell\u00e4 kosketuksella ja se vaihtaa releen NO\/NC\/COM-tilojen v\u00e4lill\u00e4 \u2013 ilman mekaanisia osia, mik\u00e4 takaa pitk\u00e4n k\u00e4ytt\u00f6i\u00e4n ja korkean k\u00e4ytt\u00f6luotettavuuden.<\/p>\n<p data-start=\"1028\" data-end=\"1254\">Sis\u00e4\u00e4nrakennettu LED-merkkivalo vaihtaa tilojen v\u00e4lill\u00e4 <strong data-start=\"1072\" data-end=\"1090\">punainen (valmiustila)<\/strong> ja <strong data-start=\"1095\" data-end=\"1116\">vihre\u00e4 (aktivoitu)<\/strong> selke\u00e4\u00e4 visuaalista palautetta varten.<br data-start=\"1145\" data-end=\"1148\" \/>Rakentaminen <strong data-start=\"1165\" data-end=\"1179\">Sinkkiseos<\/strong> kanssa <strong data-start=\"1184\" data-end=\"1209\">epoksit\u00e4ytteinen elektroniikka<\/strong> suojaa kosteudelta, p\u00f6lylt\u00e4 ja ulkoisilta vaikutuksilta.<\/p>\n<p data-start=\"1256\" data-end=\"1484\">Sen ansiosta <strong data-start=\"1270\" data-end=\"1288\">IP65-luokitus<\/strong> ja <strong data-start=\"1293\" data-end=\"1316\">kompakti ja ohut profiili<\/strong> Se voidaan asentaa sek\u00e4 sis\u00e4- ett\u00e4 ulkotiloihin, jopa ahtaisiin tiloihin.<br data-start=\"1383\" data-end=\"1386\" \/>Ei ohjelmointia \u2013 kytke vain virta- ja relejohdot, niin se on k\u00e4ytt\u00f6valmis.<\/p>\n<hr data-start=\"1486\" data-end=\"1489\" \/>\n<h3 data-start=\"1491\" data-end=\"1526\"><strong data-start=\"1498\" data-end=\"1526\">Tekniset tiedot<\/strong><\/h3>\n<div class=\"_tableContainer_1rjym_1\">\n<div class=\"group _tableWrapper_1rjym_13 flex w-fit flex-col-reverse\">\n<table class=\"w-fit min-w-(--thread-content-width)\" data-start=\"1527\" data-end=\"2096\">\n<thead data-start=\"1527\" data-end=\"1547\">\n<tr data-start=\"1527\" data-end=\"1547\">\n<th data-start=\"1527\" data-end=\"1538\" data-col-size=\"sm\">Kiinteist\u00f6<\/th>\n<th data-start=\"1538\" data-end=\"1547\" data-col-size=\"md\">Arvo<\/th>\n<\/tr>\n<\/thead>\n<tbody data-start=\"1571\" data-end=\"2096\">\n<tr data-start=\"1571\" data-end=\"1608\">\n<td data-start=\"1571\" data-end=\"1577\" data-col-size=\"sm\">Tyyppi<\/td>\n<td data-col-size=\"md\" data-start=\"1577\" data-end=\"1608\">Kosketusherkk\u00e4 avauspainike<\/td>\n<\/tr>\n<tr data-start=\"1609\" data-end=\"1647\">\n<td data-start=\"1609\" data-end=\"1618\" data-col-size=\"sm\">Malli<\/td>\n<td data-col-size=\"md\" data-start=\"1618\" data-end=\"1647\">Kosketa vakiona kapeaa profiilia<\/td>\n<\/tr>\n<tr data-start=\"1648\" data-end=\"1682\">\n<td data-start=\"1648\" data-end=\"1659\" data-col-size=\"sm\">Materiaali<\/td>\n<td data-col-size=\"md\" data-start=\"1659\" data-end=\"1682\">Sinkkiseos (metalli)<\/td>\n<\/tr>\n<tr data-start=\"1683\" data-end=\"1720\">\n<td data-start=\"1683\" data-end=\"1691\" data-col-size=\"sm\">Suojaus<\/td>\n<td data-start=\"1691\" data-end=\"1720\" data-col-size=\"md\">Epoksitiivistetty elektroniikka<\/td>\n<\/tr>\n<tr data-start=\"1721\" data-end=\"1746\">\n<td data-start=\"1721\" data-end=\"1732\" data-col-size=\"sm\">J\u00e4nnite<\/td>\n<td data-start=\"1732\" data-end=\"1746\" data-col-size=\"md\">12\u201336 V tasavirta<\/td>\n<\/tr>\n<tr data-start=\"1747\" data-end=\"1781\">\n<td data-start=\"1747\" data-end=\"1764\" data-col-size=\"sm\">Nykyinen kapasiteetti<\/td>\n<td data-start=\"1764\" data-end=\"1781\" data-col-size=\"md\">3A @ 36VDC<\/td>\n<\/tr>\n<tr data-start=\"1782\" data-end=\"1812\">\n<td data-start=\"1782\" data-end=\"1795\" data-col-size=\"sm\">Relel\u00e4ht\u00f6<\/td>\n<td data-start=\"1795\" data-end=\"1812\" data-col-size=\"md\">EI \/ NC \/ COM<\/td>\n<\/tr>\n<tr data-start=\"1813\" data-end=\"1866\">\n<td data-start=\"1813\" data-end=\"1826\" data-col-size=\"sm\">Indikaatio<\/td>\n<td data-start=\"1826\" data-end=\"1866\" data-col-size=\"md\">LED: Punainen (valmiustila), Vihre\u00e4 (aktivoitu)<\/td>\n<\/tr>\n<tr data-start=\"1867\" data-end=\"1902\">\n<td data-start=\"1867\" data-end=\"1882\" data-col-size=\"sm\">IP-luokitus<\/td>\n<td data-start=\"1882\" data-end=\"1902\" data-col-size=\"md\">IP65 (roiskevesitiivis)<\/td>\n<\/tr>\n<tr data-start=\"1903\" data-end=\"1941\">\n<td data-start=\"1903\" data-end=\"1915\" data-col-size=\"sm\">El\u00e4m\u00e4<\/td>\n<td data-start=\"1915\" data-end=\"1941\" data-col-size=\"md\">&gt; 500 000 aktivointia<\/td>\n<\/tr>\n<tr data-start=\"1942\" data-end=\"1968\">\n<td data-start=\"1942\" data-end=\"1949\" data-col-size=\"sm\">Mitata<\/td>\n<td data-start=\"1949\" data-end=\"1968\" data-col-size=\"md\">80 \u00d7 32 \u00d7 16 mm<\/td>\n<\/tr>\n<tr data-start=\"1969\" data-end=\"2004\">\n<td data-start=\"1969\" data-end=\"1982\" data-col-size=\"sm\">L\u00e4mp\u00f6tila<\/td>\n<td data-col-size=\"md\" data-start=\"1982\" data-end=\"2004\">\u201320 \u00b0C \u2013 +55 \u00b0C<\/td>\n<\/tr>\n<tr data-start=\"2005\" data-end=\"2070\">\n<td data-start=\"2005\" data-end=\"2017\" data-col-size=\"sm\">Asennus<\/td>\n<td data-col-size=\"md\" data-start=\"2017\" data-end=\"2070\">Sein\u00e4- tai ovenkarmi, helppo kiinnitt\u00e4\u00e4 ruuvilla<\/td>\n<\/tr>\n<tr data-start=\"2071\" data-end=\"2096\">\n<td data-start=\"2071\" data-end=\"2084\" data-col-size=\"sm\">Todistus<\/td>\n<td data-start=\"2084\" data-end=\"2096\" data-col-size=\"md\">CE, RoHS<\/td>\n<\/tr>\n<\/tbody>\n<\/table>\n<\/div>\n<\/div>\n<hr data-start=\"2098\" data-end=\"2101\" \/>\n<h3 data-start=\"2103\" data-end=\"2122\"><strong data-start=\"2110\" data-end=\"2122\">Edut<\/strong><\/h3>\n<ul data-start=\"2123\" data-end=\"2474\">\n<li data-start=\"2123\" data-end=\"2183\">\n<p data-start=\"2125\" data-end=\"2183\">Metallikotelo (sinkkiseos) \u2013 kest\u00e4\u00e4 kulumista ja ymp\u00e4rist\u00f6vaikutuksia<\/p>\n<\/li>\n<li data-start=\"2184\" data-end=\"2233\">\n<p data-start=\"2186\" data-end=\"2233\">IP65-luokiteltu ja epoksitiivistetty kosteussuojan takaamiseksi<\/p>\n<\/li>\n<li data-start=\"2234\" data-end=\"2263\">\n<p data-start=\"2236\" data-end=\"2263\">Ei ohjelmointia vaadita<\/p>\n<\/li>\n<li data-start=\"2264\" data-end=\"2308\">\n<p data-start=\"2266\" data-end=\"2308\">LED-valo visuaalista palautetta varten (punainen\/vihre\u00e4)<\/p>\n<\/li>\n<li data-start=\"2309\" data-end=\"2360\">\n<p data-start=\"2311\" data-end=\"2360\">Helppo asennus \u2013 t\u00e4ydellinen j\u00e4lkiasennukseen<\/p>\n<\/li>\n<li data-start=\"2361\" data-end=\"2421\">\n<p data-start=\"2363\" data-end=\"2421\">Kompakti ja ohut profiili sopii my\u00f6s ahtaisiin tiloihin<\/p>\n<\/li>\n<li data-start=\"2422\" data-end=\"2474\">\n<p data-start=\"2424\" data-end=\"2474\">Sopii kaikkiin vakio-ohjaimiin, joissa on NO\/NC-tulo<\/p>\n<\/li>\n<\/ul>\n<hr data-start=\"2476\" data-end=\"2479\" \/>\n<h3 data-start=\"2481\" data-end=\"2510\"><strong data-start=\"2488\" data-end=\"2510\">K\u00e4ytt\u00f6alueet<\/strong><\/h3>\n<ul data-start=\"2511\" data-end=\"2679\">\n<li data-start=\"2511\" data-end=\"2549\">\n<p data-start=\"2513\" data-end=\"2549\">Oven avaaminen kulunvalvontaj\u00e4rjestelm\u00e4ss\u00e4<\/p>\n<\/li>\n<li data-start=\"2550\" data-end=\"2589\">\n<p data-start=\"2552\" data-end=\"2589\">Portit, portit ja ovien automatiikka<\/p>\n<\/li>\n<li data-start=\"2590\" data-end=\"2619\">\n<p data-start=\"2592\" data-end=\"2619\">H\u00e4lytys- ja turvaj\u00e4rjestelm\u00e4t<\/p>\n<\/li>\n<li data-start=\"2620\" data-end=\"2679\">\n<p data-start=\"2622\" data-end=\"2679\">Sairaalat, toimistot, teollisuus, koulut, julkiset rakennukset<\/p>\n<\/li>\n<\/ul>","protected":false},"excerpt":{"rendered":"<p>Kosketusherkk\u00e4 metallinen avauspainike, jossa LED-merkkivalo (punainen\/vihre\u00e4).<br data-start=\"551\" data-end=\"554\" \/>IP65-luokiteltu, kest\u00e4v\u00e4 rakenne ja 500 000 aktivointia.<br data-start=\"616\" data-end=\"619\" \/>Sopii oviin, portteihin ja kulunvalvontaj\u00e4rjestelmiin - helppo asennus, 12-36 V.<\/p>","protected":false},"featured_media":159140,"template":"","meta":{"_acf_changed":false},"product_brand":[],"product_cat":[4867],"product_tag":[3068,2937,2958],"class_list":{"0":"post-56522","1":"product","2":"type-product","3":"status-publish","4":"has-post-thumbnail","6":"product_cat-oppnaknappar-kategorier","7":"product_tag-oppnaknapp-beroringsfria","8":"product_tag-oppnaknappar","9":"product_tag-stonehouse-produkt","10":"product_shipping_class-postnord-varubrev","11":"pa_brands-stonehouse-security","12":"tm-no-options","14":"first","15":"instock","16":"sale","17":"featured","18":"taxable","19":"shipping-taxable","20":"purchasable","21":"product-type-simple"},"acf":[],"_links":{"self":[{"href":"https:\/\/secureus.se\/fi\/wp-json\/wp\/v2\/product\/56522","targetHints":{"allow":["GET"]}}],"collection":[{"href":"https:\/\/secureus.se\/fi\/wp-json\/wp\/v2\/product"}],"about":[{"href":"https:\/\/secureus.se\/fi\/wp-json\/wp\/v2\/types\/product"}],"wp:featuredmedia":[{"embeddable":true,"href":"https:\/\/secureus.se\/fi\/wp-json\/wp\/v2\/media\/159140"}],"wp:attachment":[{"href":"https:\/\/secureus.se\/fi\/wp-json\/wp\/v2\/media?parent=56522"}],"wp:term":[{"taxonomy":"product_brand","embeddable":true,"href":"https:\/\/secureus.se\/fi\/wp-json\/wp\/v2\/product_brand?post=56522"},{"taxonomy":"product_cat","embeddable":true,"href":"https:\/\/secureus.se\/fi\/wp-json\/wp\/v2\/product_cat?post=56522"},{"taxonomy":"product_tag","embeddable":true,"href":"https:\/\/secureus.se\/fi\/wp-json\/wp\/v2\/product_tag?post=56522"}],"curies":[{"name":"wp","href":"https:\/\/api.w.org\/{rel}","templated":true}]}}