{"id":56524,"date":"2022-03-11T07:13:00","date_gmt":"2022-03-11T06:13:00","guid":{"rendered":"https:\/\/secureus.se\/produkt\/rela-12v-dc-ac-1a-med-2-st-vxl-relaer\/"},"modified":"2026-04-01T13:44:37","modified_gmt":"2026-04-01T11:44:37","slug":"relamodul-12v-dc-ac-1a-med-2-st-vxl-relaer","status":"publish","type":"product","link":"https:\/\/secureus.se\/fi\/relamodul-12v-dc-ac-1a-med-2-st-vxl-relaer\/","title":{"rendered":"Relemoduuli 12V DC\/AC 1A 2 VXL-releell\u00e4"},"content":{"rendered":"<h1>Relemoduuli 12V DC\/AC 1A \u2013 Joustava ja turvallinen virrans\u00e4\u00e4t\u00f6<\/h1>\n<p>The <strong>Relemoduuli 12V DC\/AC 1A<\/strong> on edistyksellinen ja luotettava ratkaisu pienj\u00e4nnitej\u00e4rjestelmien tehons\u00e4\u00e4d\u00f6n hallintaan.<\/p>\n<p>Kahden kytkent\u00e4releen ja vankan rakenteen ansiosta t\u00e4m\u00e4 moduuli sopii erinomaisesti kotien ja teollisuusymp\u00e4rist\u00f6jen turva- ja ohjausj\u00e4rjestelmiin.<\/p>\n<h5>P\u00e4\u00e4toiminnot<\/h5>\n<ul>\n<li><strong>Kaksinkertaiset vaihtoreleet<\/strong>: Kaksi erillist\u00e4 relett\u00e4, jotka k\u00e4sittelev\u00e4t 1A j\u00e4nnitett\u00e4 30VDC tai 50VAC.<\/li>\n<li><strong>LED-ilmaisin<\/strong>: Optiset signaalit releen tilan nopeaan n\u00e4ytt\u00f6\u00f6n.<\/li>\n<li><strong>Suojaus lasisulakkeilla<\/strong>: Varustettu kahdella 1,5 A:n lasisulakkeella lis\u00e4\u00e4 turvallisuutta.<\/li>\n<li><strong>Mukautettava k\u00e4ytt\u00f6j\u00e4nnite<\/strong>: Yhteensopiva sek\u00e4 12V DC\/AC (10-16V DC, 10-13V AC) kanssa.<\/li>\n<li><strong>Vankka rakenne<\/strong>: Suunniteltu pitk\u00e4aikaiseen ja turvalliseen k\u00e4ytt\u00f6\u00f6n vaativissa ymp\u00e4rist\u00f6iss\u00e4.<\/li>\n<\/ul>\n<h5>Edut<\/h5>\n<ul>\n<li><strong>Turvallinen toiminta<\/strong>: Galvaaninen eristys tulojen ja l\u00e4ht\u00f6jen v\u00e4lill\u00e4 suojaa kytkettyj\u00e4 laitteita.<\/li>\n<li><strong>Monipuolisuus<\/strong>: Soveltuu t\u00e4ydellisesti h\u00e4lyttimiin, teollisuusautomaatioon ja kulunvalvontaan.<\/li>\n<li><strong>Helppo asennus<\/strong>: Mukana itseliimautuva teippi tai kiinnitysruuvit.<\/li>\n<\/ul>\n<h5>Tekniset tiedot<\/h5>\n<ul>\n<li><strong>J\u00e4nnite<\/strong>: 10-16V DC \/ 10-13V AC<\/li>\n<li><strong>Vaihtovirta<\/strong>: 1A 30VDC tai 50VAC<\/li>\n<li><strong>Mitat<\/strong>: 80 x 20 x 43 mm<\/li>\n<li><strong>K\u00e4ytt\u00f6l\u00e4mp\u00f6tila<\/strong>: -10\u00b0C - +50\u00b0C<\/li>\n<li><strong>Paino<\/strong>: 40 g<\/li>\n<\/ul>\n<p>T\u00e4m\u00e4n kanssa <strong>Relemoduuli 12V DC\/AC 1A<\/strong> saat joustavan ja turvallisen ratkaisun pienj\u00e4nnitesovelluksiin, luotettavuudella ja helpolla asennuksella.<\/p>","protected":false},"excerpt":{"rendered":"<p>Relemoduuli 12V DC\/AC kahdella vaihtuvalla releell\u00e4 ja optisella LED-ilmaisulla.<\/p>\n<p>Turvallinen ja luotettava ratkaisu h\u00e4lytys- ja ohjausj\u00e4rjestelmiin.<\/p>","protected":false},"featured_media":145020,"template":"","meta":{"_acf_changed":false},"product_brand":[],"product_cat":[4151,1548],"product_tag":[2427,2229],"class_list":{"0":"post-56524","1":"product","2":"type-product","3":"status-publish","4":"has-post-thumbnail","6":"product_cat-rela-12-volt","7":"product_cat-relaer-elektronik","8":"product_tag-rel-relaelektonik","9":"product_tag-rela-12v","10":"product_shipping_class-postnord-varubrev","11":"pa_brands-pulsar","12":"tm-no-options","14":"first","15":"instock","16":"sale","17":"featured","18":"taxable","19":"shipping-taxable","20":"purchasable","21":"product-type-simple"},"acf":[],"_links":{"self":[{"href":"https:\/\/secureus.se\/fi\/wp-json\/wp\/v2\/product\/56524","targetHints":{"allow":["GET"]}}],"collection":[{"href":"https:\/\/secureus.se\/fi\/wp-json\/wp\/v2\/product"}],"about":[{"href":"https:\/\/secureus.se\/fi\/wp-json\/wp\/v2\/types\/product"}],"wp:featuredmedia":[{"embeddable":true,"href":"https:\/\/secureus.se\/fi\/wp-json\/wp\/v2\/media\/145020"}],"wp:attachment":[{"href":"https:\/\/secureus.se\/fi\/wp-json\/wp\/v2\/media?parent=56524"}],"wp:term":[{"taxonomy":"product_brand","embeddable":true,"href":"https:\/\/secureus.se\/fi\/wp-json\/wp\/v2\/product_brand?post=56524"},{"taxonomy":"product_cat","embeddable":true,"href":"https:\/\/secureus.se\/fi\/wp-json\/wp\/v2\/product_cat?post=56524"},{"taxonomy":"product_tag","embeddable":true,"href":"https:\/\/secureus.se\/fi\/wp-json\/wp\/v2\/product_tag?post=56524"}],"curies":[{"name":"wp","href":"https:\/\/api.w.org\/{rel}","templated":true}]}}