{"id":56525,"date":"2022-03-11T07:13:00","date_gmt":"2022-03-11T06:13:00","guid":{"rendered":"https:\/\/secureus.se\/produkt\/oppnaknapp-touch-standard-metall\/"},"modified":"2025-12-31T19:49:19","modified_gmt":"2025-12-31T18:49:19","slug":"oppnaknapp-touch-standard-metall","status":"publish","type":"product","link":"https:\/\/secureus.se\/fi\/oppnaknapp-touch-standard-metall\/","title":{"rendered":"Avauspainike Touch Standard - Metalli, 12-24V, IP65, CE\/ROHS"},"content":{"rendered":"<p data-start=\"806\" data-end=\"1128\"><strong data-start=\"806\" data-end=\"844\">Avauspainike Kosketa Vakio \u2013 Metalli<\/strong> on kest\u00e4v\u00e4 ja moderni avauspainike h\u00e4lytys-, ovenohjaus- ja kulunvalvontaj\u00e4rjestelmiin.<br data-start=\"931\" data-end=\"934\" \/>Painike aktivoidaan yksinkertaisesti koskettamalla \u2013 mekaanista painetta ei tarvita. Kun painike aktivoidaan, rele kytkeytyy selke\u00e4ll\u00e4 naksahduksella ja <strong data-start=\"1074\" data-end=\"1097\">vihre\u00e4 LED-merkkivalo<\/strong> syttyy visuaalisena vahvistuksena.<\/p>\n<p data-start=\"1130\" data-end=\"1380\">Painike on rakennettu kest\u00e4m\u00e4\u00e4n vaativia ymp\u00e4rist\u00f6j\u00e4 ja pitk\u00e4aikaista k\u00e4ytt\u00f6\u00e4 \u2013 jopa <strong data-start=\"1211\" data-end=\"1235\">500 000 aktivointia<\/strong>.<br data-start=\"1236\" data-end=\"1239\" \/>Kotelo on valmistettu <strong data-start=\"1262\" data-end=\"1291\">Sinkkiseos<\/strong> ja kaikki sis\u00e4iset komponentit ovat <strong data-start=\"1324\" data-end=\"1339\">epoksit\u00e4ytteinen<\/strong> kest\u00e4m\u00e4\u00e4n kosteutta, p\u00f6ly\u00e4 ja kulumista.<\/p>\n<h3 data-start=\"1382\" data-end=\"1400\"><strong data-start=\"1386\" data-end=\"1400\">Ominaisuudet<\/strong><\/h3>\n<ul data-start=\"1401\" data-end=\"1855\">\n<li data-start=\"1401\" data-end=\"1458\">\n<p data-start=\"1403\" data-end=\"1458\">Kosketusaktivoitu \u2013 ei mekaanista painiketta<\/p>\n<\/li>\n<li data-start=\"1459\" data-end=\"1496\">\n<p data-start=\"1461\" data-end=\"1496\">Jopa <strong data-start=\"1470\" data-end=\"1494\">500 000 aktivointia<\/strong><\/p>\n<\/li>\n<li data-start=\"1497\" data-end=\"1524\">\n<p data-start=\"1499\" data-end=\"1524\">J\u00e4nnite: <strong data-start=\"1509\" data-end=\"1522\">12\u201324 V tasavirta<\/strong><\/p>\n<\/li>\n<li data-start=\"1525\" data-end=\"1562\">\n<p data-start=\"1527\" data-end=\"1562\">Relel\u00e4ht\u00f6: <strong data-start=\"1539\" data-end=\"1560\">jopa 36 V \/ 3 A<\/strong><\/p>\n<\/li>\n<li data-start=\"1563\" data-end=\"1600\">\n<p data-start=\"1565\" data-end=\"1600\">Materiaali: <strong data-start=\"1575\" data-end=\"1598\">Metalli (sinkkiseos)<\/strong><\/p>\n<\/li>\n<li data-start=\"1601\" data-end=\"1641\">\n<p data-start=\"1603\" data-end=\"1641\"><strong data-start=\"1603\" data-end=\"1620\">Epoksit\u00e4ytt\u00f6<\/strong> suojaamaan kosteudelta<\/p>\n<\/li>\n<li data-start=\"1642\" data-end=\"1692\">\n<p data-start=\"1644\" data-end=\"1692\"><strong data-start=\"1644\" data-end=\"1660\">IP65-luokiteltu<\/strong> \u2013 huuhtelunkest\u00e4v\u00e4 veden sis\u00e4\u00e4np\u00e4\u00e4sy\u00e4 vastaan<\/p>\n<\/li>\n<li data-start=\"1693\" data-end=\"1725\">\n<p data-start=\"1695\" data-end=\"1725\"><strong data-start=\"1695\" data-end=\"1723\">CE- ja ROHS-sertifioitu<\/strong><\/p>\n<\/li>\n<li data-start=\"1726\" data-end=\"1789\">\n<p data-start=\"1728\" data-end=\"1789\">Helppo asennus mukana tulevan pohjalevyn ja yhden ruuvin avulla<\/p>\n<\/li>\n<li data-start=\"1790\" data-end=\"1855\">\n<p data-start=\"1792\" data-end=\"1855\">Sopii useimpiin ovenohjausj\u00e4rjestelmiin, h\u00e4lytysj\u00e4rjestelmiin ja kulunvalvontaj\u00e4rjestelmiin<\/p>\n<\/li>\n<\/ul>\n<h3 data-start=\"1857\" data-end=\"1874\"><strong data-start=\"1861\" data-end=\"1874\">Asennus<\/strong><\/h3>\n<p data-start=\"1875\" data-end=\"2109\">Painike asennetaan nopeasti l\u00f6ys\u00e4\u00e4m\u00e4ll\u00e4 pohjalevy\u00e4 ruuvilla, kiinnitt\u00e4m\u00e4ll\u00e4 levy sein\u00e4\u00e4n ja kytkem\u00e4ll\u00e4 sitten kaapelit. Kun johdot on kytketty, painike yksinkertaisesti napsahtaa takaisin paikalleen \u2013 <strong data-start=\"2057\" data-end=\"2108\">ei vaadi ohjelmointia tai erikoisty\u00f6kaluja<\/strong>.<\/p>","protected":false},"excerpt":{"rendered":"<p>Vankka metallinen vapautuspainike h\u00e4lytys- ja kulunvalvontaj\u00e4rjestelmiin.<br data-start=\"567\" data-end=\"570\" \/>Aktivoituu kosketuksella - painetta ei tarvita.<br data-start=\"614\" data-end=\"617\" \/>IP65-luokiteltu, 12-24V k\u00e4ytt\u00f6, jopa <strong data-start=\"654\" data-end=\"678\">500 000 aktivointia<\/strong>.<br data-start=\"679\" data-end=\"682\" \/>Valmistettu kest\u00e4v\u00e4st\u00e4 <strong data-start=\"705\" data-end=\"721\">sinkkiseos<\/strong> epoksit\u00e4ytteell\u00e4, joka takaa maksimaalisen kosteudenkest\u00e4vyyden.<\/p>","protected":false},"featured_media":159126,"template":"","meta":{"_acf_changed":false},"product_brand":[],"product_cat":[4867],"product_tag":[3068,2937,2958],"class_list":{"0":"post-56525","1":"product","2":"type-product","3":"status-publish","4":"has-post-thumbnail","6":"product_cat-oppnaknappar-kategorier","7":"product_tag-oppnaknapp-beroringsfria","8":"product_tag-oppnaknappar","9":"product_tag-stonehouse-produkt","10":"product_shipping_class-postnord-varubrev","11":"pa_brands-stonehouse-security","12":"tm-no-options","14":"first","15":"instock","16":"sale","17":"featured","18":"taxable","19":"shipping-taxable","20":"purchasable","21":"product-type-simple"},"acf":[],"_links":{"self":[{"href":"https:\/\/secureus.se\/fi\/wp-json\/wp\/v2\/product\/56525","targetHints":{"allow":["GET"]}}],"collection":[{"href":"https:\/\/secureus.se\/fi\/wp-json\/wp\/v2\/product"}],"about":[{"href":"https:\/\/secureus.se\/fi\/wp-json\/wp\/v2\/types\/product"}],"wp:featuredmedia":[{"embeddable":true,"href":"https:\/\/secureus.se\/fi\/wp-json\/wp\/v2\/media\/159126"}],"wp:attachment":[{"href":"https:\/\/secureus.se\/fi\/wp-json\/wp\/v2\/media?parent=56525"}],"wp:term":[{"taxonomy":"product_brand","embeddable":true,"href":"https:\/\/secureus.se\/fi\/wp-json\/wp\/v2\/product_brand?post=56525"},{"taxonomy":"product_cat","embeddable":true,"href":"https:\/\/secureus.se\/fi\/wp-json\/wp\/v2\/product_cat?post=56525"},{"taxonomy":"product_tag","embeddable":true,"href":"https:\/\/secureus.se\/fi\/wp-json\/wp\/v2\/product_tag?post=56525"}],"curies":[{"name":"wp","href":"https:\/\/api.w.org\/{rel}","templated":true}]}}