{"id":56530,"date":"2022-03-11T07:13:00","date_gmt":"2022-03-11T06:13:00","guid":{"rendered":"https:\/\/secureus.se\/produkt\/rela-20-28v-dc-2a-med-2-stycken-vxl-relaer-c-nc-no\/"},"modified":"2025-12-31T19:56:26","modified_gmt":"2025-12-31T18:56:26","slug":"relamodul-20-28v-dc-2a-med-2-stycken","status":"publish","type":"product","link":"https:\/\/secureus.se\/fi\/relamodul-20-28v-dc-2a-med-2-stycken\/","title":{"rendered":"Relemoduuli 20-28V DC 2A, 2 VXL-relett\u00e4 C\/NC\/NO"},"content":{"rendered":"<h1>Relemoduuli 20-28V DC 2A \u2013 Luotettava tehons\u00e4\u00e4t\u00f6 h\u00e4lytys- ja ohjausj\u00e4rjestelmille<\/h1>\n<p>The <strong>Relemoduuli 20-28V DC 2A<\/strong> on monipuolinen ja luotettava ratkaisu pienj\u00e4nniteasennusten hallintaan.<\/p>\n<p>Varustettu kahdella kytkent\u00e4releell\u00e4 ja optisella LED-ilmaisulla, se tarjoaa sek\u00e4 turvallisuutta ett\u00e4 tehokkuutta sovelluksissa, kuten h\u00e4lytyksiss\u00e4 ja kulunvalvonnassa.<\/p>\n<h5>P\u00e4\u00e4toiminnot<\/h5>\n<ul>\n<li><strong>Kaksoisvaihtoreleet (C\/NC\/NO)<\/strong>: K\u00e4sittelee jopa 2 A 30 VDC:ll\u00e4 tai 50 VAC:lla, t\u00e4ydellinen laitteille, joiden virrankulutus on kohtalainen.<\/li>\n<li><strong>LED-ilmaisin<\/strong>: Optinen signalointi releen tilan helposti valvomiseksi.<\/li>\n<li><strong>Tehokas toiminta<\/strong>: Alhainen virrankulutus 18mA 24V DC.<\/li>\n<li><strong>Turvallinen toiminta<\/strong>: Galvaaninen eristys suojaa kytkettyj\u00e4 j\u00e4rjestelmi\u00e4 s\u00e4hk\u00f6isilt\u00e4 h\u00e4iri\u00f6ilt\u00e4.<\/li>\n<li><strong>Kompakti ja kevyt<\/strong>: Helppo asentaa ahtaisiin tiloihin asennusvaihtoehdoilla, kuten teipill\u00e4 tai ruuveilla.<\/li>\n<\/ul>\n<h5>Edut<\/h5>\n<ul>\n<li><strong>Joustava k\u00e4ytt\u00f6<\/strong>: Ihanteellinen h\u00e4lytys-, automaatio- ja ohjausj\u00e4rjestelmiin.<\/li>\n<li><strong>Kest\u00e4v\u00e4 muotoilu<\/strong>: Vankka rakenne, CE-sertifikaatti ja kahden vuoden takuu.<\/li>\n<li><strong>Monipuolinen asennus<\/strong>: Voidaan asentaa erityyppisiin asennuksiin helpolla konfiguraatiolla.<\/li>\n<\/ul>\n<h5>Tekniset tiedot<\/h5>\n<ul>\n<li><strong>K\u00e4ytt\u00f6j\u00e4nnite<\/strong>: 20-28V DC<\/li>\n<li><strong>Suurin kytkent\u00e4virta<\/strong>: 2A 30VDC \/ 50VAC<\/li>\n<li><strong>Mitat<\/strong>: 70 x 43 x 22 mm<\/li>\n<li><strong>K\u00e4ytt\u00f6l\u00e4mp\u00f6tila<\/strong>: -10\u00b0C - +40\u00b0C<\/li>\n<li><strong>Paino<\/strong>: 40 g<\/li>\n<\/ul>\n<p>Kanssa <strong>Relemoduuli 20-28V DC 2A<\/strong> saat luotettavan ratkaisun, joka on helppo asentaa ja tarjoaa korkean turvallisuuden pienj\u00e4nniteasennuksiin.<\/p>","protected":false},"excerpt":{"rendered":"<p>Relemoduuli 20-28V DC kahdella vaihtuvalla releell\u00e4 ja optisella LED-ilmaisulla.<\/p>\n<p>Korkea suorituskyky ja turvallisuus h\u00e4lytys- ja ohjausj\u00e4rjestelmille matalaj\u00e4nniteasennuksissa.<\/p>","protected":false},"featured_media":145371,"template":"","meta":{"_acf_changed":false},"product_brand":[],"product_cat":[4152,1548],"product_tag":[2427,2230],"class_list":{"0":"post-56530","1":"product","2":"type-product","3":"status-publish","4":"has-post-thumbnail","6":"product_cat-rela-24-volt","7":"product_cat-relaer-elektronik","8":"product_tag-rel-relaelektonik","9":"product_tag-rela-24v","10":"product_shipping_class-postnord-varubrev","11":"pa_brands-pulsar","12":"tm-no-options","14":"first","15":"instock","16":"sale","17":"featured","18":"taxable","19":"shipping-taxable","20":"purchasable","21":"product-type-simple"},"acf":[],"_links":{"self":[{"href":"https:\/\/secureus.se\/fi\/wp-json\/wp\/v2\/product\/56530","targetHints":{"allow":["GET"]}}],"collection":[{"href":"https:\/\/secureus.se\/fi\/wp-json\/wp\/v2\/product"}],"about":[{"href":"https:\/\/secureus.se\/fi\/wp-json\/wp\/v2\/types\/product"}],"wp:featuredmedia":[{"embeddable":true,"href":"https:\/\/secureus.se\/fi\/wp-json\/wp\/v2\/media\/145371"}],"wp:attachment":[{"href":"https:\/\/secureus.se\/fi\/wp-json\/wp\/v2\/media?parent=56530"}],"wp:term":[{"taxonomy":"product_brand","embeddable":true,"href":"https:\/\/secureus.se\/fi\/wp-json\/wp\/v2\/product_brand?post=56530"},{"taxonomy":"product_cat","embeddable":true,"href":"https:\/\/secureus.se\/fi\/wp-json\/wp\/v2\/product_cat?post=56530"},{"taxonomy":"product_tag","embeddable":true,"href":"https:\/\/secureus.se\/fi\/wp-json\/wp\/v2\/product_tag?post=56530"}],"curies":[{"name":"wp","href":"https:\/\/api.w.org\/{rel}","templated":true}]}}