{"id":56531,"date":"2022-03-11T07:13:00","date_gmt":"2022-03-11T06:13:00","guid":{"rendered":"https:\/\/secureus.se\/produkt\/stonehouse-larmplint-10-par-slits-skruv-med-sabotage\/"},"modified":"2025-12-31T19:52:14","modified_gmt":"2025-12-31T18:52:14","slug":"stonehouse-larmplint-10-par-slits-skruv-med-sabotage","status":"publish","type":"product","link":"https:\/\/secureus.se\/fi\/stonehouse-larmplint-10-par-slits-skruv-med-sabotage\/","title":{"rendered":"Stonehouse Alarm liitin 10 parin aukko\/ruuvi peukalolla"},"content":{"rendered":"<p>10 parin h\u00e4lytysliitin erillisell\u00e4 liit\u00e4nt\u00e4liittimell\u00e4 tulevaa sy\u00f6tt\u00f6kaapelia varten.<\/p>\n<p>Erillinen riviliitin peukalokytkimelle ja n\u00e4yt\u00f6lle.<\/p>\n<p>Uraliit\u00e4nt\u00e4 sis\u00e4\u00e4n ja ruuviliitos ulos.<\/p>\n<p>Toimittaja: Kivitalo<\/p>\n<p>Liit\u00e4nt\u00e4: ura \/ ruuvi<\/p>\n<p>Napiparit: 10<\/p>\n<p>Mitat: 116x40x12 mm<\/p>","protected":false},"excerpt":{"rendered":"<p>11 paria h\u00e4lytyksi\u00e4 ja teleboxeja Ruotsin halvimmalla hinnalla - Ammattilaisille ammattilaisilta<\/p>","protected":false},"featured_media":144702,"template":"","meta":{"_acf_changed":false},"product_brand":[],"product_cat":[1547],"product_tag":[2205,2958],"class_list":{"0":"post-56531","1":"product","2":"type-product","3":"status-publish","4":"has-post-thumbnail","6":"product_cat-plint-larm-telebox","7":"product_tag-box-larmbox-larmplint","8":"product_tag-stonehouse-produkt","9":"product_shipping_class-postnord-varubrev","10":"pa_brands-stonehouse-security","11":"tm-no-options","13":"first","14":"instock","15":"sale","16":"featured","17":"taxable","18":"shipping-taxable","19":"purchasable","20":"product-type-simple"},"acf":[],"_links":{"self":[{"href":"https:\/\/secureus.se\/fi\/wp-json\/wp\/v2\/product\/56531","targetHints":{"allow":["GET"]}}],"collection":[{"href":"https:\/\/secureus.se\/fi\/wp-json\/wp\/v2\/product"}],"about":[{"href":"https:\/\/secureus.se\/fi\/wp-json\/wp\/v2\/types\/product"}],"wp:featuredmedia":[{"embeddable":true,"href":"https:\/\/secureus.se\/fi\/wp-json\/wp\/v2\/media\/144702"}],"wp:attachment":[{"href":"https:\/\/secureus.se\/fi\/wp-json\/wp\/v2\/media?parent=56531"}],"wp:term":[{"taxonomy":"product_brand","embeddable":true,"href":"https:\/\/secureus.se\/fi\/wp-json\/wp\/v2\/product_brand?post=56531"},{"taxonomy":"product_cat","embeddable":true,"href":"https:\/\/secureus.se\/fi\/wp-json\/wp\/v2\/product_cat?post=56531"},{"taxonomy":"product_tag","embeddable":true,"href":"https:\/\/secureus.se\/fi\/wp-json\/wp\/v2\/product_tag?post=56531"}],"curies":[{"name":"wp","href":"https:\/\/api.w.org\/{rel}","templated":true}]}}