{"id":56538,"date":"2022-03-11T07:13:00","date_gmt":"2022-03-11T06:13:00","guid":{"rendered":"https:\/\/secureus.se\/produkt\/kopplingsdosa-5-par-slits\/"},"modified":"2026-04-17T14:45:51","modified_gmt":"2026-04-17T12:45:51","slug":"kopplingsdosa-mz-1-5-par-slits","status":"publish","type":"product","link":"https:\/\/secureus.se\/fi\/kopplingsdosa-mz-1-5-par-slits\/","title":{"rendered":"Jakorasia MZ-1 5 paria Slot"},"content":{"rendered":"<h1>Jakorasia MZ-1 \u2013 Joustava ratkaisu turvaj\u00e4rjestelm\u00e4\u00e4si<\/h1>\n<p>MZ-1 on innovatiivinen ja luotettava kytkent\u00e4rasia, joka on suunniteltu yksinkertaistamaan pienj\u00e4nniteasennuksia, kuten turva- ja h\u00e4lytysj\u00e4rjestelmi\u00e4.<\/p>\n<p>Kest\u00e4v\u00e4n rakenteensa ja k\u00e4ytt\u00e4j\u00e4yst\u00e4v\u00e4llisen suunnittelunsa ansiosta MZ-1 on v\u00e4ltt\u00e4m\u00e4t\u00f6n komponentti s\u00e4hk\u00f6asennuksissa.<\/p>\n<h4>Ominaisuudet ja edut<\/h4>\n<ul>\n<li><strong>Numeroidut liit\u00e4nn\u00e4t:<\/strong> Helppo tunnistaa ja yhdist\u00e4\u00e4.<\/li>\n<li><strong>Peukalointisuojaus:<\/strong> Integroitu kytkin, joka suojaa luvattomalta avaamiselta.<\/li>\n<li><strong>Kompakti muotoilu:<\/strong> Vain 89 x 28 x 30 mm, t\u00e4ydellinen pieniin tiloihin.<\/li>\n<li><strong>Joustava k\u00e4ytt\u00f6:<\/strong> K\u00e4sittelee jopa 24 V DC\/AC virtaa 500 mA liit\u00e4nt\u00e4\u00e4 kohti.<\/li>\n<\/ul>\n<h4>Helppo asennus<\/h4>\n<p>MZ-1 on helppo koota sen modulaarisen rakenteen ansiosta.<\/p>\n<p>T\u00e4ydellinen sek\u00e4 koti- ett\u00e4 kaupallisiin asennuksiin.<\/p>\n<p>Sen suojaominaisuudet takaavat pitk\u00e4aikaisen toiminnan haastavissa ymp\u00e4rist\u00f6iss\u00e4.<\/p>\n<p>Valitse MZ-1-liit\u00e4nt\u00e4rasia varmistaaksesi asennuksesi luotettavuuden ja suorituskyvyn.<\/p>\n<p>T\u00e4ydellinen turvallisuusalan ammattilaisille, jotka vaativat laatua ja yksinkertaisuutta.<\/p>","protected":false},"excerpt":{"rendered":"<p>Yksinkertaista pienj\u00e4nniteasennuksiasi MZ-1-liit\u00e4nt\u00e4rasian avulla.<\/p>\n<p>Peukalokytkimien ja numeroitujen liit\u00e4nt\u00f6jen ansiosta se on ihanteellinen turva- ja h\u00e4lytysj\u00e4rjestelmiin.<\/p>","protected":false},"featured_media":144722,"template":"","meta":{"_acf_changed":false},"product_brand":[],"product_cat":[1545],"product_tag":[2215,2421],"class_list":{"0":"post-56538","1":"product","2":"type-product","3":"status-publish","4":"has-post-thumbnail","6":"product_cat-kopplingsdosa-larmdosa","7":"product_tag-dosa-8-polig","8":"product_tag-rel-installationstillbehor","9":"product_shipping_class-postnord-varubrev","10":"pa_brands-satel","11":"tm-no-options","13":"first","14":"instock","15":"sale","16":"featured","17":"taxable","18":"shipping-taxable","19":"purchasable","20":"product-type-simple"},"acf":[],"_links":{"self":[{"href":"https:\/\/secureus.se\/fi\/wp-json\/wp\/v2\/product\/56538","targetHints":{"allow":["GET"]}}],"collection":[{"href":"https:\/\/secureus.se\/fi\/wp-json\/wp\/v2\/product"}],"about":[{"href":"https:\/\/secureus.se\/fi\/wp-json\/wp\/v2\/types\/product"}],"wp:featuredmedia":[{"embeddable":true,"href":"https:\/\/secureus.se\/fi\/wp-json\/wp\/v2\/media\/144722"}],"wp:attachment":[{"href":"https:\/\/secureus.se\/fi\/wp-json\/wp\/v2\/media?parent=56538"}],"wp:term":[{"taxonomy":"product_brand","embeddable":true,"href":"https:\/\/secureus.se\/fi\/wp-json\/wp\/v2\/product_brand?post=56538"},{"taxonomy":"product_cat","embeddable":true,"href":"https:\/\/secureus.se\/fi\/wp-json\/wp\/v2\/product_cat?post=56538"},{"taxonomy":"product_tag","embeddable":true,"href":"https:\/\/secureus.se\/fi\/wp-json\/wp\/v2\/product_tag?post=56538"}],"curies":[{"name":"wp","href":"https:\/\/api.w.org\/{rel}","templated":true}]}}