{"id":56540,"date":"2022-03-11T07:13:00","date_gmt":"2022-03-11T06:13:00","guid":{"rendered":"https:\/\/secureus.se\/produkt\/stonehouse-larmbox-10-par-slits-skruv\/"},"modified":"2026-04-27T14:43:30","modified_gmt":"2026-04-27T12:43:30","slug":"stonehouse-larmbox-10-par-slits-skruv","status":"publish","type":"product","link":"https:\/\/secureus.se\/fi\/stonehouse-larmbox-10-par-slits-skruv\/","title":{"rendered":"Stonehouse H\u00e4lytinlaatikko 10 parin aukko\/ruuvi"},"content":{"rendered":"<p>10 parin h\u00e4lytysrasia, jossa on erillinen liitin sy\u00f6tt\u00f6kaapelille.<\/p>\n<p>Erillinen riviliitin peukalokytkimelle ja n\u00e4yt\u00f6lle.<\/p>\n<p>Uraliit\u00e4nt\u00e4 sis\u00e4\u00e4n ja ruuviliitos ulos. Toimittaja: Kivitalo<\/p>\n<p>Huomaa, ett\u00e4 voit my\u00f6s kaivertaa numeroita tai logosi laatikkoon alla olevien vaihtoehtojen mukaisesti.<\/p>\n<p>Liit\u00e4nt\u00e4: ura \/ ruuvi<\/p>\n<p>Napiparit: 10<\/p>\n<p>Mitat: 133x72x50 mm<\/p>","protected":false},"excerpt":{"rendered":"<p>10 paria h\u00e4lytyksi\u00e4 ja teleboxeja Ruotsin halvimmalla hinnalla - Ammattilaisille ammattilaisilta<\/p>","protected":false},"featured_media":144832,"template":"","meta":{"_acf_changed":false},"product_brand":[],"product_cat":[1547],"product_tag":[2205,2989,2421,2958],"class_list":{"0":"post-56540","1":"product","2":"type-product","3":"status-publish","4":"has-post-thumbnail","6":"product_cat-plint-larm-telebox","7":"product_tag-box-larmbox-larmplint","8":"product_tag-egen-logo-ej-taggar-kort","9":"product_tag-rel-installationstillbehor","10":"product_tag-stonehouse-produkt","11":"product_shipping_class-postnord-varubrev","12":"pa_brands-stonehouse-security","13":"tm-no-options","15":"first","16":"instock","17":"sale","18":"featured","19":"taxable","20":"shipping-taxable","21":"purchasable","22":"product-type-simple"},"acf":[],"_links":{"self":[{"href":"https:\/\/secureus.se\/fi\/wp-json\/wp\/v2\/product\/56540","targetHints":{"allow":["GET"]}}],"collection":[{"href":"https:\/\/secureus.se\/fi\/wp-json\/wp\/v2\/product"}],"about":[{"href":"https:\/\/secureus.se\/fi\/wp-json\/wp\/v2\/types\/product"}],"wp:featuredmedia":[{"embeddable":true,"href":"https:\/\/secureus.se\/fi\/wp-json\/wp\/v2\/media\/144832"}],"wp:attachment":[{"href":"https:\/\/secureus.se\/fi\/wp-json\/wp\/v2\/media?parent=56540"}],"wp:term":[{"taxonomy":"product_brand","embeddable":true,"href":"https:\/\/secureus.se\/fi\/wp-json\/wp\/v2\/product_brand?post=56540"},{"taxonomy":"product_cat","embeddable":true,"href":"https:\/\/secureus.se\/fi\/wp-json\/wp\/v2\/product_cat?post=56540"},{"taxonomy":"product_tag","embeddable":true,"href":"https:\/\/secureus.se\/fi\/wp-json\/wp\/v2\/product_tag?post=56540"}],"curies":[{"name":"wp","href":"https:\/\/api.w.org\/{rel}","templated":true}]}}