{"id":56541,"date":"2022-03-11T07:13:00","date_gmt":"2022-03-11T06:13:00","guid":{"rendered":"https:\/\/secureus.se\/produkt\/kopplingsdosa-6-skruvar-2-5-mm2-sabotage\/"},"modified":"2026-04-01T14:14:18","modified_gmt":"2026-04-01T12:14:18","slug":"kopplingsdosa-mz-1-l-6-skruvar-2-5-mm2-sabotage","status":"publish","type":"product","link":"https:\/\/secureus.se\/fi\/kopplingsdosa-mz-1-l-6-skruvar-2-5-mm2-sabotage\/","title":{"rendered":"Jakorasia MZ-1-L 6 ruuvia 2,5 mm2 + peukalointi"},"content":{"rendered":"<h1>Jakorasia MZ-1-L \u2013 Turvallisuus ja toiminnallisuus yhdess\u00e4<\/h1>\n<p>MZ-1 L on edistyksellinen kytkent\u00e4rasia, joka on suunniteltu pienj\u00e4nniteasennuksiin, kuten turvah\u00e4lytysj\u00e4rjestelmiin ja sis\u00e4puhelimiin.<\/p>\n<p>Kuuden numeroidun ruuviliittimen ja peukalokytkimien ansiosta se tarjoaa sek\u00e4 turvallisuuden ett\u00e4 helppok\u00e4ytt\u00f6isyyden.<\/p>\n<p>Kompakti muotoilu tekee MZ-1 L:st\u00e4 t\u00e4ydellisen istuvuuden erilaisiin ymp\u00e4rist\u00f6ihin asuinrakennuksista liikerakennuksiin.<\/p>\n<p>Lis\u00e4ksi laatikko on yhteensopiva 24 V AC\/DC maksimik\u00e4ytt\u00f6j\u00e4nnitteen ja 500 mA virran kanssa, joten se on monipuolinen ty\u00f6kalu teknisiin asennuksiin.<\/p>\n<h3>Edut:<\/h3>\n<ul>\n<li><strong>Korkea turvallisuus:<\/strong> Varustettu peukalokytkimell\u00e4, joka h\u00e4lytt\u00e4\u00e4 luvattoman k\u00e4yt\u00f6n sattuessa.<\/li>\n<li><strong>Numeroidut p\u00e4\u00e4tteet:<\/strong> Liit\u00e4nt\u00f6jen nopeaan ja helppoon tunnistamiseen.<\/li>\n<li><strong>Monipuolisuus:<\/strong> Voidaan k\u00e4ytt\u00e4\u00e4 sek\u00e4 turva- ett\u00e4 pienj\u00e4nniteasennuksissa.<\/li>\n<\/ul>\n<h3>Tekniset tiedot:<\/h3>\n<ul>\n<li><strong>Liit\u00e4nn\u00e4t:<\/strong> 6 ruuviliitint\u00e4 (jopa 2,5 mm\u00b2)<\/li>\n<li><strong>K\u00e4ytt\u00f6j\u00e4nnite:<\/strong> 24 V AC\/DC<\/li>\n<li><strong>Nykyinen:<\/strong> Max 500mA<\/li>\n<li><strong>Koko:<\/strong> 89 x 28 x 30 mm<\/li>\n<li><strong>Peukalointisuojaus:<\/strong> Kyll\u00e4<\/li>\n<\/ul>\n<p>MZ-1 L on ilmeinen valinta niille, jotka etsiv\u00e4t luotettavaa ja turvallista kytkent\u00e4ratkaisua.<\/p>\n<p>T\u00e4ydellinen kaikkeen h\u00e4lytysj\u00e4rjestelmist\u00e4 teknisiin verkkoihin.<\/p>","protected":false},"excerpt":{"rendered":"<p><strong>Jakorasia MZ-1-L \u2013 turvallinen ja tehokas <\/strong><\/p>\n<p>MZ-1-L on kompakti ja luotettava liit\u00e4nt\u00e4rasia, jossa on 6 ruuviliitint\u00e4 pienj\u00e4nniteasennuksiin.<\/p>\n<p>Peukalokytkimien ja helpon asennuksen ansiosta se on ihanteellinen valinta turvah\u00e4lytysj\u00e4rjestelmiin ja muihin sovelluksiin.<\/p>","protected":false},"featured_media":145004,"template":"","meta":{"_acf_changed":false},"product_brand":[],"product_cat":[1545],"product_tag":[2220,2417,2421],"class_list":{"0":"post-56541","1":"product","2":"type-product","3":"status-publish","4":"has-post-thumbnail","6":"product_cat-kopplingsdosa-larmdosa","7":"product_tag-dosor-rekommenderade-lagt-pris","8":"product_tag-rel-abloy-ellas","9":"product_tag-rel-installationstillbehor","10":"product_shipping_class-postnord-varubrev","11":"pa_brands-satel","12":"tm-no-options","14":"first","15":"instock","16":"sale","17":"featured","18":"taxable","19":"shipping-taxable","20":"purchasable","21":"product-type-simple"},"acf":[],"_links":{"self":[{"href":"https:\/\/secureus.se\/fi\/wp-json\/wp\/v2\/product\/56541","targetHints":{"allow":["GET"]}}],"collection":[{"href":"https:\/\/secureus.se\/fi\/wp-json\/wp\/v2\/product"}],"about":[{"href":"https:\/\/secureus.se\/fi\/wp-json\/wp\/v2\/types\/product"}],"wp:featuredmedia":[{"embeddable":true,"href":"https:\/\/secureus.se\/fi\/wp-json\/wp\/v2\/media\/145004"}],"wp:attachment":[{"href":"https:\/\/secureus.se\/fi\/wp-json\/wp\/v2\/media?parent=56541"}],"wp:term":[{"taxonomy":"product_brand","embeddable":true,"href":"https:\/\/secureus.se\/fi\/wp-json\/wp\/v2\/product_brand?post=56541"},{"taxonomy":"product_cat","embeddable":true,"href":"https:\/\/secureus.se\/fi\/wp-json\/wp\/v2\/product_cat?post=56541"},{"taxonomy":"product_tag","embeddable":true,"href":"https:\/\/secureus.se\/fi\/wp-json\/wp\/v2\/product_tag?post=56541"}],"curies":[{"name":"wp","href":"https:\/\/api.w.org\/{rel}","templated":true}]}}