{"id":56544,"date":"2022-03-11T07:13:00","date_gmt":"2022-03-11T06:13:00","guid":{"rendered":"https:\/\/secureus.se\/produkt\/kopplingsdosa-6-skruvar-sabotage\/"},"modified":"2025-12-31T19:50:10","modified_gmt":"2025-12-31T18:50:10","slug":"kopplingsdosa-mz-1-s-6-skruvar-sabotage","status":"publish","type":"product","link":"https:\/\/secureus.se\/fi\/kopplingsdosa-mz-1-s-6-skruvar-sabotage\/","title":{"rendered":"Jakorasia MZ-1-S 6 ruuvia + peukalointi"},"content":{"rendered":"<h1>Jakorasia MZ-1-S \u2013 Turvalliseen ja tehokkaaseen asennukseen<\/h1>\n<p>MZ-1 S on korkealaatuinen kytkent\u00e4rasia, joka sopii erinomaisesti pienj\u00e4nniteasennuksiin, kuten turvah\u00e4lytysj\u00e4rjestelmiin ja sis\u00e4puhelimiin.<\/p>\n<p>Se on varustettu 6 ruuviliittimell\u00e4, jotka kest\u00e4v\u00e4t jopa 24 V AC\/DC ja 500 mA virran.<\/p>\n<p>Laatikossa on lis\u00e4turvallisuutta lis\u00e4\u00e4v\u00e4 suojakytkin, joka varoittaa luvattomasta avaamisesta.<\/p>\n<p><strong>Ominaisuudet ja edut:<\/strong><\/p>\n<ul>\n<li><strong>Suojattu yhteys:<\/strong> 6 numeroitua ruuviliitint\u00e4 helpottaa tunnistamista ja nopeaa asennusta.<\/li>\n<li><strong>Lis\u00e4turvallisuus:<\/strong> Sis\u00e4\u00e4nrakennettu peukalointikytkin suojaa luvattomalta k\u00e4yt\u00f6lt\u00e4.<\/li>\n<li><strong>Vankka muotoilu:<\/strong> Valmistettu kest\u00e4m\u00e4\u00e4n pitk\u00e4aikaista k\u00e4ytt\u00f6\u00e4 erilaisissa ymp\u00e4rist\u00f6iss\u00e4.<\/li>\n<li><strong>Kompakti koko:<\/strong> Mitoiltaan 89 x 28 x 30 mm se sopii t\u00e4ydellisesti kaikkiin asennuksiin.<\/li>\n<\/ul>\n<p>MZ-1 S on ihanteellinen ratkaisu sek\u00e4 kaupallisiin ett\u00e4 yksityisiin turvaj\u00e4rjestelmiin.<\/p>\n<p>Se varmistaa, ett\u00e4 s\u00e4hk\u00f6liittymisesi ovat sek\u00e4 turvallisia ett\u00e4 tehokkaita.<\/p>\n<p><strong>K\u00e4ytt\u00f6alueet:<\/strong><\/p>\n<ul>\n<li>Turvah\u00e4lytysj\u00e4rjestelm\u00e4<\/li>\n<li>Intercom-asennukset<\/li>\n<li>Muut pienj\u00e4nniteratkaisut<\/li>\n<\/ul>\n<p>Kest\u00e4v\u00e4n rakenteensa ja luotettavan suorituskyvyn ansiosta MZ-1 S on erinomainen valinta kaikentyyppisiin s\u00e4hk\u00f6asennuksiin.<\/p>","protected":false},"excerpt":{"rendered":"<p>MZ-1 S on pienj\u00e4nniteasennuksiin suunniteltu kytkent\u00e4rasia, mukaan lukien turvah\u00e4lytysj\u00e4rjestelm\u00e4t.<\/p>\n<p>Siin\u00e4 on 6 ruuviliitint\u00e4 ja sis\u00e4\u00e4nrakennettu peukalointikytkin lis\u00e4\u00e4 turvallisuutta.<\/p>\n<p>Helppo asentaa ja luotettava toiminta.<\/p>","protected":false},"featured_media":145353,"template":"","meta":{"_acf_changed":false},"product_brand":[],"product_cat":[1545],"product_tag":[2220,2421],"class_list":{"0":"post-56544","1":"product","2":"type-product","3":"status-publish","4":"has-post-thumbnail","6":"product_cat-kopplingsdosa-larmdosa","7":"product_tag-dosor-rekommenderade-lagt-pris","8":"product_tag-rel-installationstillbehor","9":"product_shipping_class-postnord-varubrev","10":"pa_brands-satel","11":"tm-no-options","13":"first","14":"instock","15":"sale","16":"featured","17":"taxable","18":"shipping-taxable","19":"purchasable","20":"product-type-simple"},"acf":[],"_links":{"self":[{"href":"https:\/\/secureus.se\/fi\/wp-json\/wp\/v2\/product\/56544","targetHints":{"allow":["GET"]}}],"collection":[{"href":"https:\/\/secureus.se\/fi\/wp-json\/wp\/v2\/product"}],"about":[{"href":"https:\/\/secureus.se\/fi\/wp-json\/wp\/v2\/types\/product"}],"wp:featuredmedia":[{"embeddable":true,"href":"https:\/\/secureus.se\/fi\/wp-json\/wp\/v2\/media\/145353"}],"wp:attachment":[{"href":"https:\/\/secureus.se\/fi\/wp-json\/wp\/v2\/media?parent=56544"}],"wp:term":[{"taxonomy":"product_brand","embeddable":true,"href":"https:\/\/secureus.se\/fi\/wp-json\/wp\/v2\/product_brand?post=56544"},{"taxonomy":"product_cat","embeddable":true,"href":"https:\/\/secureus.se\/fi\/wp-json\/wp\/v2\/product_cat?post=56544"},{"taxonomy":"product_tag","embeddable":true,"href":"https:\/\/secureus.se\/fi\/wp-json\/wp\/v2\/product_tag?post=56544"}],"curies":[{"name":"wp","href":"https:\/\/api.w.org\/{rel}","templated":true}]}}