{"id":56545,"date":"2022-03-11T07:13:00","date_gmt":"2022-03-11T06:13:00","guid":{"rendered":"https:\/\/secureus.se\/produkt\/sakringsmodul-5x0-5-a-eller-5x1a-med-inbyggt-felrela-och-indikeringar\/"},"modified":"2025-12-31T20:02:29","modified_gmt":"2025-12-31T19:02:29","slug":"sakringsmodul-5x0-5-a-eller-5x1a","status":"publish","type":"product","link":"https:\/\/secureus.se\/fi\/sakringsmodul-5x0-5-a-eller-5x1a\/","title":{"rendered":"Sulakemoduuli 5\u00d70,5 A tai 5x1 A sis\u00e4\u00e4nrakennetulla vikareleell\u00e4 ja ilmaisuilla"},"content":{"rendered":"<h1>Sulakemoduuli 5\u00d70,5A\/1A \u2013 Turvallinen ja luotettava virranjako<\/h1>\n<p>Sis\u00e4\u00e4nrakennetulla vikareleell\u00e4 ja LED-ilmaisulla varustettu sulakemoduuli on monipuolinen ja luotettava ratkaisu pienj\u00e4nnitej\u00e4rjestelmiin.<\/p>\n<p>Se on ihanteellinen sovelluksiin, jotka vaativat turvallista virranjakoa ja suojausta useille laitteille.<\/p>\n<h5>P\u00e4\u00e4toiminnot<\/h5>\n<ul>\n<li><strong>Viisi itsen\u00e4ist\u00e4 l\u00e4ht\u00f6\u00e4<\/strong>: Jokainen l\u00e4ht\u00f6 on varustettu oikosulkusuojauksella (SCP) ja voi k\u00e4ytt\u00e4\u00e4 0,5A (vakio) tai 1A (valinnainen) sulakkeita.<\/li>\n<li><strong>Sis\u00e4\u00e4nrakennettu vikarele<\/strong>: FPS-tekniikka vikatilan valvontaan ja et\u00e4ilmaisuun.<\/li>\n<li><strong>LED-ilmaisin<\/strong>: Jokaisessa l\u00e4hd\u00f6ss\u00e4 on vihre\u00e4 LED, joka n\u00e4ytt\u00e4\u00e4 tilan, kun taas punainen LED ilmaisee virheen.<\/li>\n<li><strong>Vahvat suojatoiminnot<\/strong>: Suojaus oikosulkua, ylikuormitusta ja ylij\u00e4nnitett\u00e4 vastaan varistoreilla.<\/li>\n<li><strong>Mukautettava sulaketyyppi<\/strong>: Puskuri, jolla voit valita polymeeri- tai lasisulakkeiden v\u00e4lill\u00e4.<\/li>\n<\/ul>\n<h5>Edut<\/h5>\n<ul>\n<li><strong>Joustava k\u00e4ytt\u00f6<\/strong>: T\u00e4ydellinen h\u00e4lytyksiin, valvontaj\u00e4rjestelmiin ja pienj\u00e4nniteasennuksiin.<\/li>\n<li><strong>Helppo asennus<\/strong>: Mukana teippi ja asennusrei\u00e4t nopeaa ja varmaa asennusta varten.<\/li>\n<li><strong>Kest\u00e4v\u00e4 muotoilu<\/strong>: CE-merkitty ja toimitetaan 2 vuoden takuulla.<\/li>\n<\/ul>\n<h5>Tekniset tiedot<\/h5>\n<ul>\n<li><strong>K\u00e4ytt\u00f6j\u00e4nnite<\/strong>: 10\u201330 V DC tai 10\u201324 V AC<\/li>\n<li><strong>Suurin l\u00e4ht\u00f6virta<\/strong>: 0.5A\/1A l\u00e4ht\u00f6\u00e4 kohti<\/li>\n<li><strong>Mitat<\/strong>: 150 x 43 x 30 mm<\/li>\n<li><strong>Virrankulutus<\/strong>: 6\u201341 mA tuloj\u00e4nnitteest\u00e4 riippuen<\/li>\n<\/ul>\n<p>Sulakemoduuli on t\u00e4ydellinen ratkaisu virran turvaamiseen ja jakamiseen useille laitteille luotettavan suorituskyvyn ja helppok\u00e4ytt\u00f6isyyden ansiosta.<\/p>","protected":false},"excerpt":{"rendered":"<p>Tehokas sulakemoduuli pienj\u00e4nnitej\u00e4rjestelmiin 5 sulakkeella ja sis\u00e4\u00e4nrakennetulla vikareleell\u00e4.<\/p>\n<p>LED-ilmaisin ja edistyneet suojaukset varmistavat toimintavarmuuden.<\/p>","protected":false},"featured_media":144752,"template":"","meta":{"_acf_changed":false},"product_brand":[],"product_cat":[4153,1548],"product_tag":[2427,2232],"class_list":{"0":"post-56545","1":"product","2":"type-product","3":"status-publish","4":"has-post-thumbnail","6":"product_cat-sakringsmodul","7":"product_cat-relaer-elektronik","8":"product_tag-rel-relaelektonik","9":"product_tag-rela-sakringsmodul","10":"product_shipping_class-postnord-varubrev","11":"pa_brands-pulsar","12":"tm-no-options","14":"first","15":"instock","16":"sale","17":"featured","18":"taxable","19":"shipping-taxable","20":"purchasable","21":"product-type-simple"},"acf":[],"_links":{"self":[{"href":"https:\/\/secureus.se\/fi\/wp-json\/wp\/v2\/product\/56545","targetHints":{"allow":["GET"]}}],"collection":[{"href":"https:\/\/secureus.se\/fi\/wp-json\/wp\/v2\/product"}],"about":[{"href":"https:\/\/secureus.se\/fi\/wp-json\/wp\/v2\/types\/product"}],"wp:featuredmedia":[{"embeddable":true,"href":"https:\/\/secureus.se\/fi\/wp-json\/wp\/v2\/media\/144752"}],"wp:attachment":[{"href":"https:\/\/secureus.se\/fi\/wp-json\/wp\/v2\/media?parent=56545"}],"wp:term":[{"taxonomy":"product_brand","embeddable":true,"href":"https:\/\/secureus.se\/fi\/wp-json\/wp\/v2\/product_brand?post=56545"},{"taxonomy":"product_cat","embeddable":true,"href":"https:\/\/secureus.se\/fi\/wp-json\/wp\/v2\/product_cat?post=56545"},{"taxonomy":"product_tag","embeddable":true,"href":"https:\/\/secureus.se\/fi\/wp-json\/wp\/v2\/product_tag?post=56545"}],"curies":[{"name":"wp","href":"https:\/\/api.w.org\/{rel}","templated":true}]}}