{"id":56546,"date":"2022-03-11T07:13:00","date_gmt":"2022-03-11T06:13:00","guid":{"rendered":"https:\/\/secureus.se\/produkt\/stonehouse-teleplint-10-par-slits-slits\/"},"modified":"2026-04-17T14:45:25","modified_gmt":"2026-04-17T12:45:25","slug":"stonehouse-teleplint-10-par-slits-slits","status":"publish","type":"product","link":"https:\/\/secureus.se\/fi\/stonehouse-teleplint-10-par-slits-slits\/","title":{"rendered":"Stonehouse Puhelinp\u00e4\u00e4te 10 parin paikka\/paikka"},"content":{"rendered":"<p>10 parin puhelinp\u00e4\u00e4te, jossa on erillinen liitin sy\u00f6tt\u00f6kaapelille.<\/p>\n<p>Erillinen liitin n\u00e4yt\u00f6lle.<\/p>\n<p>Lokeroliit\u00e4nt\u00e4 sis\u00e4\u00e4n ja paikkaliit\u00e4nt\u00e4 ulos.<\/p>\n<p>Toimittaja: Kivitalo<\/p>\n<p>Liit\u00e4nt\u00e4: Slot \/ Slot<\/p>\n<p>Napiparit: 10<\/p>\n<p>Mitat: 116x40x12 mm<\/p>","protected":false},"excerpt":{"rendered":"<p>10 paria h\u00e4lytyksi\u00e4 ja teleboxeja Ruotsin halvimmalla hinnalla - Ammattilaisille ammattilaisilta<\/p>","protected":false},"featured_media":145323,"template":"","meta":{"_acf_changed":false},"product_brand":[],"product_cat":[1547],"product_tag":[2207,2958],"class_list":{"0":"post-56546","1":"product","2":"type-product","3":"status-publish","4":"has-post-thumbnail","6":"product_cat-plint-larm-telebox","7":"product_tag-box-telebox-teleplint","8":"product_tag-stonehouse-produkt","9":"product_shipping_class-postnord-varubrev","10":"pa_brands-stonehouse-security","11":"tm-no-options","13":"first","14":"instock","15":"sale","16":"featured","17":"taxable","18":"shipping-taxable","19":"purchasable","20":"product-type-simple"},"acf":[],"_links":{"self":[{"href":"https:\/\/secureus.se\/fi\/wp-json\/wp\/v2\/product\/56546","targetHints":{"allow":["GET"]}}],"collection":[{"href":"https:\/\/secureus.se\/fi\/wp-json\/wp\/v2\/product"}],"about":[{"href":"https:\/\/secureus.se\/fi\/wp-json\/wp\/v2\/types\/product"}],"wp:featuredmedia":[{"embeddable":true,"href":"https:\/\/secureus.se\/fi\/wp-json\/wp\/v2\/media\/145323"}],"wp:attachment":[{"href":"https:\/\/secureus.se\/fi\/wp-json\/wp\/v2\/media?parent=56546"}],"wp:term":[{"taxonomy":"product_brand","embeddable":true,"href":"https:\/\/secureus.se\/fi\/wp-json\/wp\/v2\/product_brand?post=56546"},{"taxonomy":"product_cat","embeddable":true,"href":"https:\/\/secureus.se\/fi\/wp-json\/wp\/v2\/product_cat?post=56546"},{"taxonomy":"product_tag","embeddable":true,"href":"https:\/\/secureus.se\/fi\/wp-json\/wp\/v2\/product_tag?post=56546"}],"curies":[{"name":"wp","href":"https:\/\/api.w.org\/{rel}","templated":true}]}}