{"id":56553,"date":"2022-03-11T07:13:00","date_gmt":"2022-03-11T06:13:00","guid":{"rendered":"https:\/\/secureus.se\/produkt\/kopplingsdosa-18-skruvar-sabotage\/"},"modified":"2025-12-31T20:01:59","modified_gmt":"2025-12-31T19:01:59","slug":"kopplingsdosa-mz-2-s-18-skruvar","status":"publish","type":"product","link":"https:\/\/secureus.se\/fi\/kopplingsdosa-mz-2-s-18-skruvar\/","title":{"rendered":"Jakorasia MZ-2 S 18 ruuvia + peukalointi"},"content":{"rendered":"<h1>Jakorasia MZ-2 S \u2013 Turvallinen ja tehokas pienj\u00e4nniteasennuksiin<\/h1>\n<p>MZ-2 S on yleisk\u00e4ytt\u00f6inen kytkent\u00e4rasia, joka on suunniteltu pienj\u00e4nniteasennuksiin, kuten turvaj\u00e4rjestelmiin ja sis\u00e4puhelinratkaisuihin.<\/p>\n<p>18 numeroidulla ruuviliittimell\u00e4 ja tukevalla rakenteella se tarjoaa korkeimman luotettavuuden ja helppok\u00e4ytt\u00f6isyyden.<\/p>\n<p>Se on varustettu peukalokytkimell\u00e4 j\u00e4rjestelm\u00e4si turvallisuuden varmistamiseksi.<\/p>\n<p>Kompaktin rakenteensa ansiosta se on helppo asentaa ja se on yhteensopiva useiden pienj\u00e4nniteratkaisujen kanssa.<\/p>\n<h4>Ominaisuudet ja edut:<\/h4>\n<ul>\n<li><strong>18 Ruuviliittimet<\/strong>: Numeroitu tunnistamisen ja liitt\u00e4misen helpottamiseksi.<\/li>\n<li><strong>Peukalointisuoja<\/strong>: Suojakytkin lis\u00e4\u00e4 turvallisuutta.<\/li>\n<li><strong>Suuri kapasiteetti<\/strong>: Kest\u00e4\u00e4 j\u00e4nnitteen 24 V AC\/DC asti ja virran 500 mA asti.<\/li>\n<li><strong>Vankka muotoilu<\/strong>: Soveltuu sis\u00e4asennuksiin.<\/li>\n<li><strong>K\u00e4ytt\u00e4j\u00e4yst\u00e4v\u00e4llinen<\/strong>: Helppo asennus ja nopea kaapeliliit\u00e4nt\u00e4.<\/li>\n<\/ul>\n<h4>Tekniset tiedot:<\/h4>\n<ul>\n<li><strong>J\u00e4nnite<\/strong>: 12\u201324 V AC\/DC \u00b110%<\/li>\n<li><strong>Maksimivirta<\/strong>: 500mA<\/li>\n<li><strong>Mitat<\/strong>: 89 x 28 x 30 mm<\/li>\n<li><strong>Materiaali<\/strong>: Kest\u00e4v\u00e4\u00e4 muovia<\/li>\n<li><strong>Peukalointikytkin<\/strong>: Kyll\u00e4<\/li>\n<\/ul>\n<p>MZ-2 S on t\u00e4ydellinen valinta sek\u00e4 kaupallisiin ett\u00e4 asuinrakennuksiin, jotka vaativat turvallisuutta ja tehokkuutta.<\/p>\n<p>Varmista, ett\u00e4 j\u00e4rjestelm\u00e4si on liitetty oikein ja suojattu t\u00e4ll\u00e4 korkealaatuisella liit\u00e4nt\u00e4rasialla.<\/p>","protected":false},"excerpt":{"rendered":"<p>MZ-2 S on turvallinen ja monipuolinen kytkent\u00e4rasia pienj\u00e4nniteasennuksiin.<\/p>\n<p>18 ruuviliittimen, peukalokytkimen ja vankan rakenteen ansiosta se on ihanteellinen turvaj\u00e4rjestelmiin ja muihin sovelluksiin.<\/p>","protected":false},"featured_media":144737,"template":"","meta":{"_acf_changed":false},"product_brand":[],"product_cat":[1545],"product_tag":[2220,2421],"class_list":{"0":"post-56553","1":"product","2":"type-product","3":"status-publish","4":"has-post-thumbnail","6":"product_cat-kopplingsdosa-larmdosa","7":"product_tag-dosor-rekommenderade-lagt-pris","8":"product_tag-rel-installationstillbehor","9":"product_shipping_class-postnord-varubrev","10":"pa_brands-satel","11":"tm-no-options","13":"first","14":"instock","15":"sale","16":"featured","17":"taxable","18":"shipping-taxable","19":"purchasable","20":"product-type-simple"},"acf":[],"_links":{"self":[{"href":"https:\/\/secureus.se\/fi\/wp-json\/wp\/v2\/product\/56553","targetHints":{"allow":["GET"]}}],"collection":[{"href":"https:\/\/secureus.se\/fi\/wp-json\/wp\/v2\/product"}],"about":[{"href":"https:\/\/secureus.se\/fi\/wp-json\/wp\/v2\/types\/product"}],"wp:featuredmedia":[{"embeddable":true,"href":"https:\/\/secureus.se\/fi\/wp-json\/wp\/v2\/media\/144737"}],"wp:attachment":[{"href":"https:\/\/secureus.se\/fi\/wp-json\/wp\/v2\/media?parent=56553"}],"wp:term":[{"taxonomy":"product_brand","embeddable":true,"href":"https:\/\/secureus.se\/fi\/wp-json\/wp\/v2\/product_brand?post=56553"},{"taxonomy":"product_cat","embeddable":true,"href":"https:\/\/secureus.se\/fi\/wp-json\/wp\/v2\/product_cat?post=56553"},{"taxonomy":"product_tag","embeddable":true,"href":"https:\/\/secureus.se\/fi\/wp-json\/wp\/v2\/product_tag?post=56553"}],"curies":[{"name":"wp","href":"https:\/\/api.w.org\/{rel}","templated":true}]}}