{"id":56554,"date":"2022-03-11T07:13:00","date_gmt":"2022-03-11T06:13:00","guid":{"rendered":"https:\/\/secureus.se\/produkt\/sd-6000-utomhussiren-120-db-blixt-grade-2\/"},"modified":"2026-01-03T15:37:58","modified_gmt":"2026-01-03T14:37:58","slug":"sd-6000r-utomhussiren-120-db","status":"publish","type":"product","link":"https:\/\/secureus.se\/fi\/sd-6000r-utomhussiren-120-db\/","title":{"rendered":"SD 6000R ulkosireeni 120 db + salama \u2013 luokka 2"},"content":{"rendered":"<h1>SATEL SD-6000R ulkosireeni salamavalolla ja muokattavilla toiminnoilla<\/h1>\n<p>SATEL SD-6000R on monipuolinen ja suorituskykyinen ulkosireeni, joka yhdist\u00e4\u00e4 tehokkaan akustisen signaalin vilkkuviin LED-valoihin. Jopa 120 dB:n \u00e4\u00e4nenvoimakkuuden ja optisen signaalin ansiosta se on suunniteltu varmistamaan, etteiv\u00e4t h\u00e4lytykset j\u00e4\u00e4 koskaan huomiotta.<\/p>\n<p><strong>Ominaisuudet, jotka erottuvat:<\/strong><\/p>\n<ul>\n<li><strong>Joustavat asetukset:<\/strong> S\u00e4\u00e4d\u00e4 h\u00e4lytyksen kesto ja \u00e4\u00e4nenvoimakkuus tarpeidesi mukaan.<\/li>\n<li><strong>Korkea turvallisuus:<\/strong> Sek\u00e4 kannen ett\u00e4 sein\u00e4telineen peukalointisuoja suojaa laitetta ei-toivotulta k\u00e4sittelylt\u00e4.<\/li>\n<li><strong>Luotettava suorituskyky:<\/strong> Kest\u00e4\u00e4 \u00e4\u00e4rimm\u00e4isi\u00e4 l\u00e4mp\u00f6tiloja -25\u00b0C - +70\u00b0C, mik\u00e4 tekee siit\u00e4 t\u00e4ydellisen pohjoismaisiin olosuhteisiin.<\/li>\n<li><strong>Akun varmuuskopiointi:<\/strong> Mahdollisuus lis\u00e4t\u00e4 12 V \/ 2,3 Ah akku jatkuvaa k\u00e4ytt\u00f6\u00e4 varten s\u00e4hk\u00f6katkon sattuessa.<\/li>\n<\/ul>\n<p>SD-6000R sopii yht\u00e4 lailla yksityiskoteihin kuin liikerakennuksiin ja on yhteensopiva useimpien turvaj\u00e4rjestelmien kanssa. Vankka polykarbonaattikotelo ja galvanoitu sis\u00e4suoja takaavat sek\u00e4 pitk\u00e4n k\u00e4ytt\u00f6i\u00e4n ett\u00e4 kest\u00e4vyyden.<\/p>\n<p><strong>Miksi valita SATEL SD-6000R?<\/strong><\/p>\n<ul>\n<li>Luotettavuus: \u00c4\u00e4nenvoimakkuus ja valosignaalit, joita ei voi ohittaa.<\/li>\n<li>Helppok\u00e4ytt\u00f6isyys: Helppo asennus ja s\u00e4\u00e4dett\u00e4v\u00e4t asetukset.<\/li>\n<li>Joustavuus: Voidaan k\u00e4ytt\u00e4\u00e4 erityyppisten keskusyksik\u00f6iden ja turvaj\u00e4rjestelmien kanssa.<\/li>\n<\/ul>\n<p>SD-6000R:n avulla varmistat, ett\u00e4 kiinteist\u00f6si on aina hyvin suojattu s\u00e4\u00e4st\u00e4 ja ymp\u00e4rist\u00f6olosuhteista riippumatta.<\/p>","protected":false},"excerpt":{"rendered":"<p>SATEL SD-6000R on tehokas ulkosireeni 120 dB:n \u00e4\u00e4nenvoimakkuudella ja ohjelmoitavalla salamavalolla.<\/p>\n<p>Tukevan kotelonsa ja peukalointisuojansa ansiosta se on ihanteellinen kaikkiin turvaj\u00e4rjestelmiin.<\/p>\n<p>S\u00e4\u00e4d\u00e4 \u00e4\u00e4ni-, valo- ja h\u00e4lytysaika helposti tarpeidesi mukaan.<\/p>","protected":false},"featured_media":145042,"template":"","meta":{"_acf_changed":false},"product_brand":[],"product_cat":[1562],"product_tag":[2266,2268,2262,2420],"class_list":{"0":"post-56554","1":"product","2":"type-product","3":"status-publish","4":"has-post-thumbnail","6":"product_cat-larmdon-blixtljus","7":"product_tag-larmdon-blixtljus-blixtljus-i-samma-enhet","8":"product_tag-larmdon-siren-inomhus","9":"product_tag-larmdon-siren-utomhus","10":"product_tag-rel-larmdonblixt","11":"product_shipping_class-tunga-paket","12":"pa_brands-satel","13":"tm-no-options","15":"first","16":"onbackorder","17":"sale","18":"featured","19":"taxable","20":"shipping-taxable","21":"purchasable","22":"product-type-simple"},"acf":[],"_links":{"self":[{"href":"https:\/\/secureus.se\/fi\/wp-json\/wp\/v2\/product\/56554","targetHints":{"allow":["GET"]}}],"collection":[{"href":"https:\/\/secureus.se\/fi\/wp-json\/wp\/v2\/product"}],"about":[{"href":"https:\/\/secureus.se\/fi\/wp-json\/wp\/v2\/types\/product"}],"wp:featuredmedia":[{"embeddable":true,"href":"https:\/\/secureus.se\/fi\/wp-json\/wp\/v2\/media\/145042"}],"wp:attachment":[{"href":"https:\/\/secureus.se\/fi\/wp-json\/wp\/v2\/media?parent=56554"}],"wp:term":[{"taxonomy":"product_brand","embeddable":true,"href":"https:\/\/secureus.se\/fi\/wp-json\/wp\/v2\/product_brand?post=56554"},{"taxonomy":"product_cat","embeddable":true,"href":"https:\/\/secureus.se\/fi\/wp-json\/wp\/v2\/product_cat?post=56554"},{"taxonomy":"product_tag","embeddable":true,"href":"https:\/\/secureus.se\/fi\/wp-json\/wp\/v2\/product_tag?post=56554"}],"curies":[{"name":"wp","href":"https:\/\/api.w.org\/{rel}","templated":true}]}}