{"id":56862,"date":"2022-03-10T16:24:00","date_gmt":"2022-03-10T15:24:00","guid":{"rendered":"https:\/\/secureus.se\/produkt\/dokumentskap-a4-parm-smal-brandkarslas\/"},"modified":"2026-03-19T10:49:59","modified_gmt":"2026-03-19T09:49:59","slug":"dokumentskap-a4-parm-smal-brandkarslas","status":"publish","type":"product","link":"https:\/\/secureus.se\/fi\/dokumentskap-a4-parm-smal-brandkarslas\/","title":{"rendered":"TAI kaappi Paloh\u00e4lytin A4 Ohut palokunnan lukko"},"content":{"rendered":"<h1>TAI kaappi Paloh\u00e4lytin A4 Ohut palokunnan lukko<\/h1>\n<h1>TAI KAAPPI Paloh\u00e4lytin<\/h1>\n<p>Asiakirjakaappi paloh\u00e4lytysj\u00e4rjestelmien suunta- ja huoltopiirustuksille.<br \/>\nLuukku avataan palokunnan avaimella.<\/p>\n<p>OR-3-BLACK:ssa on vahvistettu kansi, jota voidaan k\u00e4ytt\u00e4\u00e4 kannettavan tietokoneen tai piirustusten p\u00f6yt\u00e4n\u00e4.<br \/>\nOR-3 \u2013 ASSA:ssa on avoin takaosa, joka voidaan asentaa h\u00e4lytyspainikkeiden jne. p\u00e4\u00e4lle.<\/p>\n<p>Kaapit on valmistettu ter\u00e4slevyst\u00e4 ja v\u00e4reiss\u00e4 alla olevan taulukon mukaan.<\/p>\n<p><img decoding=\"async\" class=\"alignnone size-full wp-image-123513183\" title=\"TAI KAAPPI Paloh\u00e4lytin A3 VALKOINEN ASSA LUKKOON 6308235\" src=\"https:\/\/securityonline.se\/wp-content\/uploads\/2023\/09\/Swanson-Or-skap.jpg\" alt=\"TAI KAAPPI Paloh\u00e4lytin A3 VALKOINEN ASSA LUKKOON 6308235\" width=\"618\" height=\"292\" \/><\/p>\n<p>Palokunnan lukolla varustettu asiakirjakaappi valkoista pelti\u00e4, jossa tilaa mm. A4-kansio (puoliselk\u00e4). Teline asiakirjoille tai kansioille.<\/p>\n<p>Kaappi on k\u00e4\u00e4nnett\u00e4v\u00e4, jos ovi on avattava oikealle tai vasemmalle. Voidaan peukalointisuojata, takana on valmis reik\u00e4 peukalointikontaktia varten<\/p>","protected":false},"excerpt":{"rendered":"<p>S\u00e4ilytystila asiakirjoille TAI h\u00e4lytys- ja palovaroittimien suunnitelmille\/piirustuksille tai asiakirjoille.<\/p>\n<p><span data-teams=\"true\">N\u00e4m\u00e4 kaapit toimitetaan ilman avainta, ja tarvittaessa se ostetaan erikseen.<\/span><\/p>","protected":false},"featured_media":144939,"template":"","meta":{"_acf_changed":false},"product_brand":[],"product_cat":[1837,3977,2950],"product_tag":[],"class_list":{"0":"post-56862","1":"product","2":"type-product","3":"status-publish","4":"has-post-thumbnail","6":"product_cat-dokumentskap","7":"product_cat-or-skap-brand-brandskydd","8":"product_cat-or-skap-sakerhet","9":"product_shipping_class-tunga-paket","10":"pa_brands-swansons","11":"pa_sakerhetssystem-larmtillbehor-elektronik","12":"tm-no-options","14":"first","15":"instock","16":"sale","17":"featured","18":"taxable","19":"shipping-taxable","20":"purchasable","21":"product-type-simple"},"acf":[],"_links":{"self":[{"href":"https:\/\/secureus.se\/fi\/wp-json\/wp\/v2\/product\/56862","targetHints":{"allow":["GET"]}}],"collection":[{"href":"https:\/\/secureus.se\/fi\/wp-json\/wp\/v2\/product"}],"about":[{"href":"https:\/\/secureus.se\/fi\/wp-json\/wp\/v2\/types\/product"}],"wp:featuredmedia":[{"embeddable":true,"href":"https:\/\/secureus.se\/fi\/wp-json\/wp\/v2\/media\/144939"}],"wp:attachment":[{"href":"https:\/\/secureus.se\/fi\/wp-json\/wp\/v2\/media?parent=56862"}],"wp:term":[{"taxonomy":"product_brand","embeddable":true,"href":"https:\/\/secureus.se\/fi\/wp-json\/wp\/v2\/product_brand?post=56862"},{"taxonomy":"product_cat","embeddable":true,"href":"https:\/\/secureus.se\/fi\/wp-json\/wp\/v2\/product_cat?post=56862"},{"taxonomy":"product_tag","embeddable":true,"href":"https:\/\/secureus.se\/fi\/wp-json\/wp\/v2\/product_tag?post=56862"}],"curies":[{"name":"wp","href":"https:\/\/api.w.org\/{rel}","templated":true}]}}