{"id":56865,"date":"2022-03-10T16:24:00","date_gmt":"2022-03-10T15:24:00","guid":{"rendered":"https:\/\/secureus.se\/produkt\/easybadge-professional-id-card-design-software-unlimited\/"},"modified":"2025-12-31T19:59:29","modified_gmt":"2025-12-31T18:59:29","slug":"easybadge-professional-id-card-design-software-unlimited","status":"publish","type":"product","link":"https:\/\/secureus.se\/fi\/easybadge-professional-id-card-design-software-unlimited\/","title":{"rendered":"EasyBadge Professional henkil\u00f6korttisuunnitteluohjelmisto (rajoittamaton)"},"content":{"rendered":"<div id=\"Product-Description\">\n<p>Koska EasyBadge on maailman edistyksellisin muovikorttitulostusohjelmisto, se on stressit\u00f6n ratkaisu, jota tarvitset. EasyBadge Pron avulla voit luoda rajattomasti tietueita, ja se on niin yksinkertainen ja intuitiivinen, ett\u00e4 kuka tahansa voi k\u00e4ytt\u00e4\u00e4 sit\u00e4.<\/p>\n<p>Yksi EasyBadgen p\u00e4\u00e4ominaisuuksista on ohjattu asennustoiminto, jonka avulla voit aloittaa muovikorttien tulostamisen 60 sekunnin kuluessa ohjelmiston asennuksesta. Ohjelmisto k\u00e4ytt\u00e4\u00e4 sitten olemassa olevaa logoasi tai mukautettua taidetta ammattimaisen korttisuunnittelun luomiseen.<\/p>\n<p>Ohjelmiston mukana tulee my\u00f6s oma sovellus, jonka avulla voit etsi\u00e4, lis\u00e4t\u00e4 tai muokata tietueita, ottaa valokuvan matkapuhelimesta tai tabletista kaikkialla maailmassa, joten sinun ei tarvitse asentaa kameraa ja pitk\u00e4t jonot ovat yksi asia. mennyt asia.<\/p>\n<p>EasyBadgen mukana ei tule paperia, joten jos kohtaat ongelman, kirjoita kysymyksesi ohjelmistoon ja EasyBadge vastaa t\u00e4h\u00e4n puolestasi ja suorittaa teht\u00e4v\u00e4n, jos haluat.<\/p>\n<p>EasyBadge Pro on t\u00e4ydellinen henkil\u00f6korttij\u00e4rjestelm\u00e4ratkaisu suurille yrityksille ja valtakunnallisille klubeille tai organisaatioille, jotka haluavat helposti my\u00f6nt\u00e4\u00e4 j\u00e4senille uuden j\u00e4senkortin.<\/p>\n<p>Huomaa, ett\u00e4 EasyBadge Pro on yhteensopiva kaikkien yleisimpien muovikorttitulostimien kanssa, mutta se ei voi koodata kontaktittomia ja NFC-kortteja. Jos tarvitset kontaktittoman korttikoodauksen, EasyBadge Enterprise -versio sopii paremmin tarpeisiisi.<\/p>\n<p>* HUOMAA, ETT\u00c4 KAIKKI EASYBADGE-OHJELMISTON VERSIOIT EIV\u00c4T OLE MAC-YHTEENSOPIvia. *<\/p>\n<p>Tuotteen paino: 0,02 kg<\/p>\n<\/div>","protected":false},"excerpt":{"rendered":"<p>Att vara den mest avancerade mjukvaran f&ouml;r plastkortutskrift p&aring; planeten EasyBadge &auml;r den stressfria l&ouml;sningen du beh&ouml;ver. EasyBadge Pro l&aring;ter dig skapa obegr&auml;nsade poster och &auml;r s&aring; enkelt och intuitivt<\/p>","protected":false},"featured_media":144675,"template":"","meta":{"_acf_changed":false},"product_brand":[],"product_cat":[1653],"product_tag":[],"class_list":{"0":"post-56865","1":"product","2":"type-product","3":"status-publish","4":"has-post-thumbnail","6":"product_cat-gor-dina-egna-foretagskort","7":"product_shipping_class-postnord-varubrev","8":"pa_brands-easybadge","9":"pa_sakerhetssystem-kortprinter-fargband","10":"tm-has-options","12":"first","13":"instock","14":"sale","15":"featured","16":"taxable","17":"shipping-taxable","18":"purchasable","19":"product-type-simple"},"acf":[],"_links":{"self":[{"href":"https:\/\/secureus.se\/fi\/wp-json\/wp\/v2\/product\/56865","targetHints":{"allow":["GET"]}}],"collection":[{"href":"https:\/\/secureus.se\/fi\/wp-json\/wp\/v2\/product"}],"about":[{"href":"https:\/\/secureus.se\/fi\/wp-json\/wp\/v2\/types\/product"}],"wp:featuredmedia":[{"embeddable":true,"href":"https:\/\/secureus.se\/fi\/wp-json\/wp\/v2\/media\/144675"}],"wp:attachment":[{"href":"https:\/\/secureus.se\/fi\/wp-json\/wp\/v2\/media?parent=56865"}],"wp:term":[{"taxonomy":"product_brand","embeddable":true,"href":"https:\/\/secureus.se\/fi\/wp-json\/wp\/v2\/product_brand?post=56865"},{"taxonomy":"product_cat","embeddable":true,"href":"https:\/\/secureus.se\/fi\/wp-json\/wp\/v2\/product_cat?post=56865"},{"taxonomy":"product_tag","embeddable":true,"href":"https:\/\/secureus.se\/fi\/wp-json\/wp\/v2\/product_tag?post=56865"}],"curies":[{"name":"wp","href":"https:\/\/api.w.org\/{rel}","templated":true}]}}