{"id":56867,"date":"2022-03-10T16:24:00","date_gmt":"2022-03-10T15:24:00","guid":{"rendered":"https:\/\/secureus.se\/produkt\/easybadge-lite-id-card-design-software-100-records\/"},"modified":"2025-12-31T19:50:28","modified_gmt":"2025-12-31T18:50:28","slug":"easybadge-lite-id-card-design-software-100-records","status":"publish","type":"product","link":"https:\/\/secureus.se\/fi\/easybadge-lite-id-card-design-software-100-records\/","title":{"rendered":"EasyBadge Lite -lisenssi \u2013 henkil\u00f6korttisuunnitteluohjelmisto"},"content":{"rendered":"<div id=\"Product-Description\">\n<div id=\"Product-Description\">\n<p>Erityisesti loppuk\u00e4ytt\u00e4j\u00e4lle suunniteltu EasyBadge Lite on maailman edistyksellisin muovikorttitulostusohjelmisto.<\/p>\n<p>EasyBadge Lite ei vaadi pitki\u00e4 asennusaikoja, sill\u00e4 ohjatun asennustoiminnon avulla voit tulostaa muovikortteja 60 sekunnin sis\u00e4ll\u00e4 ohjelmiston asentamisesta olemassa olevan logon tai kuvituksen kanssa luodaksesi ainutlaatuisen ja upean korttimallin.<\/p>\n<p>Kuvien ottaminen on aina ollut p\u00e4\u00e4ns\u00e4rky henkil\u00f6korttien tuotannossa, mutta EasyBadge-sovelluksella voit nopeasti lis\u00e4t\u00e4 tai muokata merkint\u00f6j\u00e4, ottaa uuden kuvan tai etsi\u00e4 tietokannastasi matkapuhelimella tai tabletilla mist\u00e4 p\u00e4in maailmaa tahansa.<\/p>\n<p>EasyBadge Liten avulla voit luoda 100 yksitt\u00e4ist\u00e4 merkint\u00e4\u00e4, mik\u00e4 tekee t\u00e4st\u00e4 t\u00e4ydellisen henkil\u00f6korttiratkaisun pienille ja keskisuurille ty\u00f6ntekij\u00f6ille ja pienemmille alle 100 j\u00e4senen klubeille tai organisaatioille.<\/p>\n<p>Toinen EasyBadgen etu on interaktiivinen ohjej\u00e4rjestelm\u00e4, jonka avulla voit esitt\u00e4\u00e4 kysymyksi\u00e4 suoraan ohjelmistossa. J\u00e4rjestelm\u00e4 ei ainoastaan tarjoa sinulle vastausta, vaan EasyBadge suorittaa teht\u00e4v\u00e4n puolestasi, jos haluat.<\/p>\n<p>Jos haluat n\u00e4hd\u00e4, kuinka EasyBadge voi v\u00e4hent\u00e4\u00e4 muovikorttien tuottamiseen k\u00e4ytetty\u00e4 aikaa, parantaa identiteettiohjelmasi turvallisuutta ja parantaa yritysprofiiliasi, katso hy\u00f6dyllinen videomme tai soita tiimille suoraan t\u00e4n\u00e4\u00e4n ja j\u00e4rjest\u00e4 ilmainen esittely. Huomaa, ett\u00e4 EasyBadge Lite on yhteensopiva kaikkien t\u00e4rkeimpien muovikorttitulostimien kanssa.<\/p>\n<p>* HUOMAA, ETT\u00c4 KAIKKI EASYBADGE-OHJELMISTON VERSIOIT EIV\u00c4T OLE MAC-YHTEENSOPImattomia. *<\/p>\n<\/div>\n<\/div>","protected":false},"excerpt":{"rendered":"<p>Erityisesti loppuk\u00e4ytt\u00e4j\u00e4lle suunniteltu EasyBadge Lite on maailman edistyksellisin muovikorttitulostusohjelmisto. EasyBadge Lite ei vaadi pitki\u00e4 asennusaikoja, koska ohjattu asennus tekee sinusta<\/p>","protected":false},"featured_media":144947,"template":"","meta":{"_acf_changed":false},"product_brand":[],"product_cat":[1653,3211],"product_tag":[],"class_list":{"0":"post-56867","1":"product","2":"type-product","3":"status-publish","4":"has-post-thumbnail","6":"product_cat-gor-dina-egna-foretagskort","7":"product_cat-software-programvara","8":"product_shipping_class-postnord-varubrev","9":"pa_brands-easybadge","10":"pa_sakerhetssystem-kortprinter-fargband","11":"tm-has-options","13":"first","14":"instock","15":"sale","16":"featured","17":"taxable","18":"shipping-taxable","19":"purchasable","20":"product-type-simple"},"acf":[],"_links":{"self":[{"href":"https:\/\/secureus.se\/fi\/wp-json\/wp\/v2\/product\/56867","targetHints":{"allow":["GET"]}}],"collection":[{"href":"https:\/\/secureus.se\/fi\/wp-json\/wp\/v2\/product"}],"about":[{"href":"https:\/\/secureus.se\/fi\/wp-json\/wp\/v2\/types\/product"}],"wp:featuredmedia":[{"embeddable":true,"href":"https:\/\/secureus.se\/fi\/wp-json\/wp\/v2\/media\/144947"}],"wp:attachment":[{"href":"https:\/\/secureus.se\/fi\/wp-json\/wp\/v2\/media?parent=56867"}],"wp:term":[{"taxonomy":"product_brand","embeddable":true,"href":"https:\/\/secureus.se\/fi\/wp-json\/wp\/v2\/product_brand?post=56867"},{"taxonomy":"product_cat","embeddable":true,"href":"https:\/\/secureus.se\/fi\/wp-json\/wp\/v2\/product_cat?post=56867"},{"taxonomy":"product_tag","embeddable":true,"href":"https:\/\/secureus.se\/fi\/wp-json\/wp\/v2\/product_tag?post=56867"}],"curies":[{"name":"wp","href":"https:\/\/api.w.org\/{rel}","templated":true}]}}