{"id":56871,"date":"2022-03-10T16:24:00","date_gmt":"2022-03-10T15:24:00","guid":{"rendered":"https:\/\/secureus.se\/produkt\/easybadge-smart-id-card-design-software\/"},"modified":"2025-12-31T19:59:42","modified_gmt":"2025-12-31T18:59:42","slug":"easybadge-smart-id-card-design-software","status":"publish","type":"product","link":"https:\/\/secureus.se\/fi\/easybadge-smart-id-card-design-software\/","title":{"rendered":"EasyBadge Smart ID Card -suunnitteluohjelmisto"},"content":{"rendered":"<div id=\"Product-Description\">\n<div>\n<div id=\"Product-Description\">\n<div id=\"Product-Description\">\n<div id=\"Product-Description\">\n<div>\n<div id=\"Product-Description\">\n<div id=\"Product-Description\">\n<div id=\"Product-Description\">\n<p>EasyBadge Smart -ohjelmisto voi koodata NFC- ja kontaktittomia \u00e4lykortteja organisaatiollesi, ja se on edistynyt muovikorttitulostusohjelmisto.<\/p>\n<p>Intuitiivisen j\u00e4rjestelm\u00e4n ansiosta p\u00e4\u00e4set alkuun vain 60 sekunnissa.<\/p>\n<p>Ohjattu asennustoiminto opastaa sinut prosessin l\u00e4pi vaihe vaiheelta k\u00e4ytt\u00e4m\u00e4ll\u00e4 logoasi tai mukautettua taideteosta upean mukautetun korttimallin luomiseksi.<\/p>\n<p>Smart-ohjelmiston lis\u00e4ksi EasyBadgessa on my\u00f6s oma sovellus, jonka avulla voit lis\u00e4t\u00e4 tai muokata merkint\u00f6j\u00e4, ottaa valokuvia matkapuhelimesta tai tabletista, ladata uusia tai muokattuja merkint\u00f6j\u00e4 mist\u00e4 p\u00e4in maailmaa tahansa.<\/p>\n<p>EasyBadge kehitettiin s\u00e4\u00e4st\u00e4m\u00e4\u00e4n aikaasi, ja vuorovaikutteisen ohjej\u00e4rjestelm\u00e4n avulla voit esitt\u00e4\u00e4 kysymyksen ohjelmistossa, ja EasyBadge ei ainoastaan anna sinulle vastausta, vaan my\u00f6s suorittaa teht\u00e4v\u00e4n puolestasi, jolloin sinun ei tarvitse viett\u00e4\u00e4 aikaa paperioppaan selaamiseen. apua varten.<\/p>\n<p>Rajoittamattomalla merkinn\u00f6ill\u00e4 ja NFC- ja kontaktittomien korttien koodaamismahdollisuuksilla EasyBadge Smart on t\u00e4ydellinen ratkaisu yliopiston\/opiston opiskelijakortteihin, suuriin yritysten henkil\u00f6st\u00f6tunnuksiin ja matkakorttien my\u00f6nt\u00e4misj\u00e4rjestelmiin.<\/p>\n<p>Jos haluat n\u00e4hd\u00e4, kuinka EasyBadge on oikea ratkaisu sinulle, katso video tai soita suoraan tiimille ja varaa ilmainen esittely.<\/p>\n<p>EasyBadge Smart on yhteensopiva kaikkien t\u00e4rkeimpien muovikorttitulostimien kanssa.<\/p>\n<p>* HUOMAA, ETT\u00c4 KAIKKI EASYBADGE-OHJELMISTON VERSIOIT EIV\u00c4T OLE MAC-YHTEENSOPIvia. *<\/p>\n<p>Tuotteen paino: 0,02 kg<\/p>\n<\/div>\n<\/div>\n<\/div>\n<\/div>\n<\/div>\n<\/div>\n<\/div>\n<\/div>\n<\/div>","protected":false},"excerpt":{"rendered":"<p>EasyBadge Smart-programvara kan koda NFC och kontaktl&ouml;sa smartkort f&ouml;r din organisation och &auml;r en avancerad&nbsp;programvaran f&ouml;r plastkortutskrift. Med sitt intuitiva system kan du komma ig&aring;ng p&aring; bara 60 sekunder. Installationsguiden<\/p>","protected":false},"featured_media":144951,"template":"","meta":{"_acf_changed":false},"product_brand":[],"product_cat":[1653],"product_tag":[],"class_list":{"0":"post-56871","1":"product","2":"type-product","3":"status-publish","4":"has-post-thumbnail","6":"product_cat-gor-dina-egna-foretagskort","7":"product_shipping_class-postnord-varubrev","8":"pa_brands-easybadge","9":"pa_sakerhetssystem-kortprinter-fargband","10":"tm-has-options","12":"first","13":"instock","14":"sale","15":"featured","16":"taxable","17":"shipping-taxable","18":"purchasable","19":"product-type-simple"},"acf":[],"_links":{"self":[{"href":"https:\/\/secureus.se\/fi\/wp-json\/wp\/v2\/product\/56871","targetHints":{"allow":["GET"]}}],"collection":[{"href":"https:\/\/secureus.se\/fi\/wp-json\/wp\/v2\/product"}],"about":[{"href":"https:\/\/secureus.se\/fi\/wp-json\/wp\/v2\/types\/product"}],"wp:featuredmedia":[{"embeddable":true,"href":"https:\/\/secureus.se\/fi\/wp-json\/wp\/v2\/media\/144951"}],"wp:attachment":[{"href":"https:\/\/secureus.se\/fi\/wp-json\/wp\/v2\/media?parent=56871"}],"wp:term":[{"taxonomy":"product_brand","embeddable":true,"href":"https:\/\/secureus.se\/fi\/wp-json\/wp\/v2\/product_brand?post=56871"},{"taxonomy":"product_cat","embeddable":true,"href":"https:\/\/secureus.se\/fi\/wp-json\/wp\/v2\/product_cat?post=56871"},{"taxonomy":"product_tag","embeddable":true,"href":"https:\/\/secureus.se\/fi\/wp-json\/wp\/v2\/product_tag?post=56871"}],"curies":[{"name":"wp","href":"https:\/\/api.w.org\/{rel}","templated":true}]}}