{"id":56874,"date":"2022-03-10T16:23:00","date_gmt":"2022-03-10T15:23:00","guid":{"rendered":"https:\/\/secureus.se\/produkt\/t-4-fjarrkontroll\/"},"modified":"2026-04-17T14:44:40","modified_gmt":"2026-04-17T12:44:40","slug":"t-4-fjarrkontroll","status":"publish","type":"product","link":"https:\/\/secureus.se\/fi\/t-4-fjarrkontroll\/","title":{"rendered":"T-4 Kaukos\u00e4\u00e4din Radio sovitettu radiovastaanottimeen RK-4, RK-2K, RK-1k"},"content":{"rendered":"<h1>T-4 Kaukos\u00e4\u00e4din \u2013 Nelikanavainen ja turvallinen tiedonsiirto SATEL-radiovastaanottimen kanssa<\/h1>\n<p>T-4 on edistyksellinen nelikanavainen kaukos\u00e4\u00e4din, joka on suunniteltu toimimaan SATEL-radiovastaanottimien RK-4, RK-2K ja RK-1K kanssa. K\u00e4ytt\u00e4m\u00e4ll\u00e4 KEELOQ\u00ae-salaustekniikkaa ja SAW-resonaattoria T-4 tarjoaa luotettavan ja turvallisen tiedonsiirron, joka suojaa luvattomalta k\u00e4yt\u00f6lt\u00e4 ja h\u00e4iri\u00f6ilt\u00e4.<\/p>\n<p><strong>P\u00e4\u00e4ominaisuudet:<\/strong><\/p>\n<ul>\n<li><strong>Salaus:<\/strong> Dynaaminen KEELOQ\u00ae-koodihyppy takaa korkean turvallisuuden.<\/li>\n<li><strong>Laajuus:<\/strong> Jopa 350 metri\u00e4 ulkoilmassa ja 500 metri\u00e4 ulkoisella SMA-antennilla.<\/li>\n<li><strong>Nelikanavainen ohjaus:<\/strong> Nelj\u00e4 erillist\u00e4 kanavaa v\u00e4rikoodatuilla painikkeilla k\u00e4yt\u00f6n helpottamiseksi.<\/li>\n<li><strong>Vankka muotoilu:<\/strong> Suojaa ymp\u00e4rist\u00f6olosuhteiden vaikutuksilta.<\/li>\n<li><strong>Energiatehokas:<\/strong> Toimii 12 V akulla.<\/li>\n<\/ul>\n<p>Ergonomisen muotoilunsa ja huipputeknologian toiminnallisuutensa ansiosta T-4 on ihanteellinen valinta turvallisuutta vaativiin sovelluksiin, kuten automaattisiin portteihin, turvaj\u00e4rjestelmiin ja kauko-ohjattaviin laitteisiin.<\/p>","protected":false},"excerpt":{"rendered":"<p>T-4 on nelikanavainen kaukos\u00e4\u00e4din SATELin radiovastaanottimelle.<\/p>\n<p>KEELOQ\u00ae-salauksen ja vankan rakenteen ansiosta se tarjoaa luotettavan ja turvallisen toiminnan jopa 500 metrin kantamalla.<\/p>\n<p>&nbsp;<\/p>","protected":false},"featured_media":145425,"template":"","meta":{"_acf_changed":false},"product_brand":[],"product_cat":[1616],"product_tag":[2275,2424],"class_list":{"0":"post-56874","1":"product","2":"type-product","3":"status-publish","4":"has-post-thumbnail","6":"product_cat-radiosandare-mottagare","7":"product_tag-radio-mottagare-satel","8":"product_tag-rel-pulsarradio","9":"product_shipping_class-postnord-varubrev","10":"pa_brands-satel","11":"pa_sakerhetssystem-smart-home","12":"tm-has-options","14":"first","15":"instock","16":"sale","17":"featured","18":"taxable","19":"shipping-taxable","20":"purchasable","21":"product-type-simple"},"acf":[],"_links":{"self":[{"href":"https:\/\/secureus.se\/fi\/wp-json\/wp\/v2\/product\/56874","targetHints":{"allow":["GET"]}}],"collection":[{"href":"https:\/\/secureus.se\/fi\/wp-json\/wp\/v2\/product"}],"about":[{"href":"https:\/\/secureus.se\/fi\/wp-json\/wp\/v2\/types\/product"}],"wp:featuredmedia":[{"embeddable":true,"href":"https:\/\/secureus.se\/fi\/wp-json\/wp\/v2\/media\/145425"}],"wp:attachment":[{"href":"https:\/\/secureus.se\/fi\/wp-json\/wp\/v2\/media?parent=56874"}],"wp:term":[{"taxonomy":"product_brand","embeddable":true,"href":"https:\/\/secureus.se\/fi\/wp-json\/wp\/v2\/product_brand?post=56874"},{"taxonomy":"product_cat","embeddable":true,"href":"https:\/\/secureus.se\/fi\/wp-json\/wp\/v2\/product_cat?post=56874"},{"taxonomy":"product_tag","embeddable":true,"href":"https:\/\/secureus.se\/fi\/wp-json\/wp\/v2\/product_tag?post=56874"}],"curies":[{"name":"wp","href":"https:\/\/api.w.org\/{rel}","templated":true}]}}