{"id":56876,"date":"2022-03-10T16:23:00","date_gmt":"2022-03-10T15:23:00","guid":{"rendered":"https:\/\/secureus.se\/produkt\/dokumentskap-for-ritningsparm-tjock-rygg\/"},"modified":"2026-03-10T17:35:16","modified_gmt":"2026-03-10T16:35:16","slug":"dokumentskap-for-ritningsparm-tjock-rygg","status":"publish","type":"product","link":"https:\/\/secureus.se\/fi\/dokumentskap-for-ritningsparm-tjock-rygg\/","title":{"rendered":"Asiakirjakaappi Murtokansion piirt\u00e4miseen paksu selk\u00e4"},"content":{"rendered":"<h1>Asiakirjakaappi Murtokansion piirt\u00e4miseen paksu selk\u00e4<\/h1>\n<p>Kaappi on tarkoitettu A4-kansioille, joissa kapea selk\u00e4, lukko kahdella avaimella.<\/p>\n<p>Kaapit on valmistettu valkoisesta ter\u00e4slevyst\u00e4. Vasen. Takaosassa on reik\u00e4 peukalointikosketinta varten.<\/p>\n<p>Asiakirjakaappi murtoh\u00e4lytysj\u00e4rjestelmien piirustuksille ja huoltopiirustuksille.<\/p>\n<p>Kaappi on saatavana paksuselk\u00e4isen\u00e4 A4-kansioille ja ohuella selk\u00e4rangalla varustettuna kaappi A4-kansioille. Luukku avataan avainkytkimell\u00e4.<\/p>\n<p>Kaappi on k\u00e4\u00e4nnett\u00e4v\u00e4, jos ovi on avattava oikealle tai vasemmalle.<\/p>\n<p>Voidaan peukalointisuojata, takana on valmis reik\u00e4 peukalointikontaktia varten.<br \/>\nKaapit on valmistettu valkoisesta ter\u00e4slevyst\u00e4.<br \/>\nSaatavana palokunnan lukolla ja valmiina ASSA-lukkosylinterille.<\/p>\n<p>Kaappi on tarkoitettu A4-kansioille, joissa kapea selk\u00e4, lukko kahdella avaimella.<\/p>\n<p><img decoding=\"async\" class=\"alignnone size-full wp-image-123513183\" src=\"https:\/\/securityonline.se\/wp-content\/uploads\/2023\/09\/Swanson-Or-skap.jpg\" alt=\"\" width=\"618\" height=\"292\" \/><\/p>\n<div>\n<p><label>T\u00e4rkeimm\u00e4t ominaisuudet<\/label><\/p>\n<ul>\n<li>Viimeistely \/ v\u00e4ri: harmaa<\/li>\n<li>Korkeuslajit (mm): 360<\/li>\n<li>Leveyslajit (mm): 310<\/li>\n<li>Syvyyslajit (mm): 90<\/li>\n<\/ul>\n<\/div>\n<div>\n<div>\n<p><label>Pikaisia faktoja<\/label><\/p>\n<ul>\n<li>K\u00e4\u00e4nnett\u00e4v\u00e4 kaappi<\/li>\n<li>Asiakirjan pidike<\/li>\n<\/ul>\n<\/div>\n<div>\n<div><\/div>\n<\/div>\n<\/div>","protected":false},"excerpt":{"rendered":"<p>S\u00e4ilytystila asiakirjoille TAI h\u00e4lytys- ja palovaroittimien suunnitelmille\/piirustuksille tai asiakirjoille.<\/p>\n<p><span data-teams=\"true\">N\u00e4m\u00e4 kaapit toimitetaan ilman avainta, ja tarvittaessa se ostetaan erikseen.<\/span><\/p>","protected":false},"featured_media":145433,"template":"","meta":{"_acf_changed":false},"product_brand":[],"product_cat":[1837,2950],"product_tag":[],"class_list":{"0":"post-56876","1":"product","2":"type-product","3":"status-publish","4":"has-post-thumbnail","6":"product_cat-dokumentskap","7":"product_cat-or-skap-sakerhet","8":"product_shipping_class-tunga-paket","9":"pa_brands-swansons","10":"pa_sakerhetssystem-larmtillbehor-elektronik","11":"tm-no-options","13":"first","14":"instock","15":"sale","16":"taxable","17":"shipping-taxable","18":"purchasable","19":"product-type-simple"},"acf":[],"_links":{"self":[{"href":"https:\/\/secureus.se\/fi\/wp-json\/wp\/v2\/product\/56876","targetHints":{"allow":["GET"]}}],"collection":[{"href":"https:\/\/secureus.se\/fi\/wp-json\/wp\/v2\/product"}],"about":[{"href":"https:\/\/secureus.se\/fi\/wp-json\/wp\/v2\/types\/product"}],"wp:featuredmedia":[{"embeddable":true,"href":"https:\/\/secureus.se\/fi\/wp-json\/wp\/v2\/media\/145433"}],"wp:attachment":[{"href":"https:\/\/secureus.se\/fi\/wp-json\/wp\/v2\/media?parent=56876"}],"wp:term":[{"taxonomy":"product_brand","embeddable":true,"href":"https:\/\/secureus.se\/fi\/wp-json\/wp\/v2\/product_brand?post=56876"},{"taxonomy":"product_cat","embeddable":true,"href":"https:\/\/secureus.se\/fi\/wp-json\/wp\/v2\/product_cat?post=56876"},{"taxonomy":"product_tag","embeddable":true,"href":"https:\/\/secureus.se\/fi\/wp-json\/wp\/v2\/product_tag?post=56876"}],"curies":[{"name":"wp","href":"https:\/\/api.w.org\/{rel}","templated":true}]}}