{"id":56877,"date":"2022-03-10T16:23:00","date_gmt":"2022-03-10T15:23:00","guid":{"rendered":"https:\/\/secureus.se\/produkt\/a4-skap-for-or-ritningar-gra-farg\/"},"modified":"2026-03-10T17:35:53","modified_gmt":"2026-03-10T16:35:53","slug":"a4-skap-for-or-ritningar-gra-farg","status":"publish","type":"product","link":"https:\/\/secureus.se\/fi\/a4-skap-for-or-ritningar-gra-farg\/","title":{"rendered":"A4 Kaappi Palovaroitin TAI-piirustuksille Harmaa v\u00e4ri"},"content":{"rendered":"<div class=\"row\">\n<h1>A4 Kaappi Palovaroitin TAI-piirustuksille Harmaa v\u00e4ri<\/h1>\n<h1>TAI KAAPPI Paloh\u00e4lytin<\/h1>\n<p>Asiakirjakaappi paloh\u00e4lytysj\u00e4rjestelmien suunta- ja huoltopiirustuksille.<br \/>\nLuukku avataan palokunnan avaimella.<\/p>\n<p>OR-3-BLACK:ssa on vahvistettu kansi, jota voidaan k\u00e4ytt\u00e4\u00e4 kannettavan tietokoneen tai piirustusten p\u00f6yt\u00e4n\u00e4.<br \/>\nOR-3 \u2013 ASSA:ssa on avoin takaosa, joka voidaan asentaa h\u00e4lytyspainikkeiden jne. p\u00e4\u00e4lle.<\/p>\n<p>Kaapit on valmistettu ter\u00e4slevyst\u00e4 ja v\u00e4reiss\u00e4 alla olevan taulukon mukaan.<\/p>\n<p><img decoding=\"async\" class=\"alignnone size-full wp-image-123513183\" title=\"TAI KAAPPI Paloh\u00e4lytin A3 VALKOINEN ASSA LUKKOON 6308235\" src=\"https:\/\/securityonline.se\/wp-content\/uploads\/2023\/09\/Swanson-Or-skap.jpg\" alt=\"TAI KAAPPI Paloh\u00e4lytin A3 VALKOINEN ASSA LUKKOON 6308235\" width=\"618\" height=\"292\" \/><\/p>\n<p>T\u00e4rkeimm\u00e4t ominaisuudet<\/p>\n<p>Korkeuslajit (mm): 350<\/p>\n<p>Leveyslajit (mm): 360<\/p>\n<p>Syvyyslajit (mm): 90<\/p>\n<\/div>","protected":false},"excerpt":{"rendered":"<p>S\u00e4ilytys asiakirjoillesi TAI suunnitelmille\/piirustuksille tai asiakirjoille h\u00e4lytyksi\u00e4 ja palovaroittimia varten<\/p>\n<p><span data-teams=\"true\">N\u00e4m\u00e4 kaapit toimitetaan ilman avainta, ja tarvittaessa se ostetaan erikseen.<\/span><\/p>","protected":false},"featured_media":144818,"template":"","meta":{"_acf_changed":false},"product_brand":[],"product_cat":[1837,3977,2950],"product_tag":[],"class_list":{"0":"post-56877","1":"product","2":"type-product","3":"status-publish","4":"has-post-thumbnail","6":"product_cat-dokumentskap","7":"product_cat-or-skap-brand-brandskydd","8":"product_cat-or-skap-sakerhet","9":"product_shipping_class-tunga-paket","10":"pa_brands-swansons","11":"pa_sakerhetssystem-larmtillbehor-elektronik","12":"tm-no-options","14":"first","15":"instock","16":"sale","17":"taxable","18":"shipping-taxable","19":"purchasable","20":"product-type-simple"},"acf":[],"_links":{"self":[{"href":"https:\/\/secureus.se\/fi\/wp-json\/wp\/v2\/product\/56877","targetHints":{"allow":["GET"]}}],"collection":[{"href":"https:\/\/secureus.se\/fi\/wp-json\/wp\/v2\/product"}],"about":[{"href":"https:\/\/secureus.se\/fi\/wp-json\/wp\/v2\/types\/product"}],"wp:featuredmedia":[{"embeddable":true,"href":"https:\/\/secureus.se\/fi\/wp-json\/wp\/v2\/media\/144818"}],"wp:attachment":[{"href":"https:\/\/secureus.se\/fi\/wp-json\/wp\/v2\/media?parent=56877"}],"wp:term":[{"taxonomy":"product_brand","embeddable":true,"href":"https:\/\/secureus.se\/fi\/wp-json\/wp\/v2\/product_brand?post=56877"},{"taxonomy":"product_cat","embeddable":true,"href":"https:\/\/secureus.se\/fi\/wp-json\/wp\/v2\/product_cat?post=56877"},{"taxonomy":"product_tag","embeddable":true,"href":"https:\/\/secureus.se\/fi\/wp-json\/wp\/v2\/product_tag?post=56877"}],"curies":[{"name":"wp","href":"https:\/\/api.w.org\/{rel}","templated":true}]}}