{"id":56882,"date":"2022-03-10T16:23:00","date_gmt":"2022-03-10T15:23:00","guid":{"rendered":"https:\/\/secureus.se\/produkt\/larmknapp-nodoppning-gron-2-vaxlande-lk-50g\/"},"modified":"2026-04-16T12:52:16","modified_gmt":"2026-04-16T10:52:16","slug":"larmknapp-nodoppning-gron-2-vaxlande-lk-50g","status":"publish","type":"product","link":"https:\/\/secureus.se\/fi\/larmknapp-nodoppning-gron-2-vaxlande-lk-50g\/","title":{"rendered":"H\u00e4t\u00e4avauspainike Vihre\u00e4 \u2013 H\u00e4lytyspainike \u2013 2 vapaata kytkint\u00e4, nollattavissa ilman lasin vaihtoa"},"content":{"rendered":"<h4 class=\"\" data-start=\"431\" data-end=\"508\"><strong data-start=\"436\" data-end=\"508\">H\u00e4t\u00e4avauspainike, vihre\u00e4 \u2013 2 vapaata kytkint\u00e4, nollattavissa ilman lasin vaihtoa<\/strong><\/h4>\n<p class=\"\" data-start=\"510\" data-end=\"782\">T\u00e4m\u00e4 vihre\u00e4 h\u00e4t\u00e4vapautuspainike on kest\u00e4v\u00e4 ja k\u00e4yt\u00e4nn\u00f6llinen vaihtoehto turvallisuus- ja h\u00e4lytysj\u00e4rjestelmiin. Se on varustettu <strong data-start=\"636\" data-end=\"660\">kaksi relett\u00e4 (C\/NC\/NO)<\/strong> ovien, h\u00e4lytysten tai muiden j\u00e4rjestelmien joustavaan ohjaukseen ja noudattaa kytkent\u00e4kaaviota <strong data-start=\"745\" data-end=\"757\">FA1054AX<\/strong> (katso mukana tuleva k\u00e4ytt\u00f6ohje).<\/p>\n<p class=\"\" data-start=\"784\" data-end=\"1138\">Etupuolella on selke\u00e4 merkint\u00e4 <strong data-start=\"821\" data-end=\"855\">juokseva mies ovea kohti -symboli<\/strong> helpottaakseen ymm\u00e4rryst\u00e4 my\u00f6s kokemattomille k\u00e4ytt\u00e4jille. Aktivoinnin j\u00e4lkeen lasia ei tarvitse vaihtaa \u2013 painike nollataan helposti <strong data-start=\"979\" data-end=\"1002\">mukana tuleva avain<\/strong>, mik\u00e4 poistaa k\u00e4ytt\u00f6kustannukset. Visuaalinen ilmaisin n\u00e4ytt\u00e4\u00e4, kun painike on aktivoitu, ja katoaa automaattisesti nollauksen yhteydess\u00e4.<\/p>\n<p data-start=\"784\" data-end=\"1138\"><span style=\"text-decoration: underline;\"><strong>Tuotteella on CE-merkint\u00e4 Euroopan ja Pohjoismaiden markkinoille.<\/strong><\/span><\/p>\n<hr class=\"\" data-start=\"1140\" data-end=\"1143\" \/>\n<h4 class=\"\" data-start=\"1145\" data-end=\"1172\"><strong data-start=\"1152\" data-end=\"1172\">Paketti sis\u00e4lt\u00e4\u00e4:<\/strong><\/h4>\n<ul data-start=\"1174\" data-end=\"1340\">\n<li class=\"\" data-start=\"1174\" data-end=\"1220\">\n<p class=\"\" data-start=\"1176\" data-end=\"1220\">Vihre\u00e4 h\u00e4lytyspainike (2 vapaata vaihtoa, C\/NC\/NO)<\/p>\n<\/li>\n<li class=\"\" data-start=\"1221\" data-end=\"1243\">\n<p class=\"\" data-start=\"1223\" data-end=\"1243\">Muovinen suojalasi<\/p>\n<\/li>\n<li class=\"\" data-start=\"1244\" data-end=\"1275\">\n<p class=\"\" data-start=\"1246\" data-end=\"1275\">Kiinnitysruuvit<\/p>\n<\/li>\n<li class=\"\" data-start=\"1276\" data-end=\"1329\">\n<p class=\"\" data-start=\"1278\" data-end=\"1329\">Nollausn\u00e4pp\u00e4in (nollausta ja testausta varten)<\/p>\n<\/li>\n<li class=\"\" data-start=\"1330\" data-end=\"1340\">\n<p class=\"\" data-start=\"1332\" data-end=\"1340\">Manuaalinen<\/p>\n<\/li>\n<\/ul>\n<hr class=\"\" data-start=\"1342\" data-end=\"1345\" \/>\n<h4 class=\"\" data-start=\"1347\" data-end=\"1377\"><strong data-start=\"1355\" data-end=\"1377\">Tekniset tiedot:<\/strong><\/h4>\n<ul data-start=\"1379\" data-end=\"1657\">\n<li class=\"\" data-start=\"1379\" data-end=\"1409\">\n<p class=\"\" data-start=\"1381\" data-end=\"1409\"><strong data-start=\"1381\" data-end=\"1392\">Releet:<\/strong> 2 kpl (C\/NC\/NO)<\/p>\n<\/li>\n<li class=\"\" data-start=\"1410\" data-end=\"1443\">\n<p class=\"\" data-start=\"1412\" data-end=\"1443\"><strong data-start=\"1412\" data-end=\"1432\">Kytkent\u00e4kaavio:<\/strong> FA1054AX<\/p>\n<\/li>\n<li class=\"\" data-start=\"1444\" data-end=\"1492\">\n<p class=\"\" data-start=\"1446\" data-end=\"1492\"><strong data-start=\"1446\" data-end=\"1468\">Visuaalinen merkint\u00e4:<\/strong> Kyll\u00e4, n\u00e4kyy t\u00f6rm\u00e4yksen yhteydess\u00e4<\/p>\n<\/li>\n<li class=\"\" data-start=\"1493\" data-end=\"1541\">\n<p class=\"\" data-start=\"1495\" data-end=\"1541\"><strong data-start=\"1495\" data-end=\"1513\">Nollaa:<\/strong> Avaimella, ilman lasinvaihtoa<\/p>\n<\/li>\n<li class=\"\" data-start=\"1542\" data-end=\"1657\">\n<p class=\"\" data-start=\"1544\" data-end=\"1568\"><strong data-start=\"1544\" data-end=\"1566\">Lis\u00e4varusteet (lis\u00e4varusteet \/ varaosat):<\/strong><\/p>\n<ul data-start=\"1572\" data-end=\"1657\">\n<li class=\"\" data-start=\"1572\" data-end=\"1617\">\n<p class=\"\" data-start=\"1574\" data-end=\"1617\">Suojakansi LK-5-GLAS (tuotenro 6301061-SH)<\/p>\n<\/li>\n<li class=\"\" data-start=\"1621\" data-end=\"1657\">\n<p class=\"\" data-start=\"1623\" data-end=\"1657\">Lis\u00e4avain (osanumero 6301060-SH)<\/p>\n<\/li>\n<\/ul>\n<\/li>\n<\/ul>\n<hr class=\"\" data-start=\"1659\" data-end=\"1662\" \/>\n<p class=\"\" data-start=\"1664\" data-end=\"1799\">Luotettava ja helposti asennettava h\u00e4t\u00e4painike, joka tarjoaa selke\u00e4n signaalin ja pitk\u00e4n k\u00e4ytt\u00f6i\u00e4n \u2013 t\u00e4ydellinen sek\u00e4 uusiin asennuksiin ett\u00e4 korvaaviin laitteisiin.<\/p>","protected":false},"excerpt":{"rendered":"<p><strong data-start=\"153\" data-end=\"214\">H\u00e4t\u00e4avauspainike, vihre\u00e4 \u2013 2 relett\u00e4, nollattavissa avaimella<\/strong><br data-start=\"214\" data-end=\"217\" \/>Vihre\u00e4 h\u00e4lytyspainike, jossa juoksevan miehen symboli evakuointia varten, kaksi vapaata vaihtoa (C\/NC\/NO), nollaus ilman lasin vaihtoa, t\u00e4ydellinen avain, k\u00e4ytt\u00f6ohje ja kiinnitysruuvit mukana.<\/p>","protected":false},"featured_media":159122,"template":"","meta":{"_acf_changed":false},"product_brand":[],"product_cat":[1830,4828,1332],"product_tag":[2937,2958],"class_list":{"0":"post-56882","1":"product","2":"type-product","3":"status-publish","4":"has-post-thumbnail","6":"product_cat-brandknappar","7":"product_cat-nodknappar","8":"product_cat-utrymning-tillbehor","9":"product_tag-oppnaknappar","10":"product_tag-stonehouse-produkt","11":"product_shipping_class-postnord-varubrev","12":"pa_brands-stonehouse-security","13":"pa_farg-gron","14":"pa_sakerhetssystem-larmtillbehor-elektronik","15":"tm-no-options","17":"first","18":"instock","19":"sale","20":"featured","21":"taxable","22":"shipping-taxable","23":"purchasable","24":"product-type-simple"},"acf":[],"_links":{"self":[{"href":"https:\/\/secureus.se\/fi\/wp-json\/wp\/v2\/product\/56882","targetHints":{"allow":["GET"]}}],"collection":[{"href":"https:\/\/secureus.se\/fi\/wp-json\/wp\/v2\/product"}],"about":[{"href":"https:\/\/secureus.se\/fi\/wp-json\/wp\/v2\/types\/product"}],"wp:featuredmedia":[{"embeddable":true,"href":"https:\/\/secureus.se\/fi\/wp-json\/wp\/v2\/media\/159122"}],"wp:attachment":[{"href":"https:\/\/secureus.se\/fi\/wp-json\/wp\/v2\/media?parent=56882"}],"wp:term":[{"taxonomy":"product_brand","embeddable":true,"href":"https:\/\/secureus.se\/fi\/wp-json\/wp\/v2\/product_brand?post=56882"},{"taxonomy":"product_cat","embeddable":true,"href":"https:\/\/secureus.se\/fi\/wp-json\/wp\/v2\/product_cat?post=56882"},{"taxonomy":"product_tag","embeddable":true,"href":"https:\/\/secureus.se\/fi\/wp-json\/wp\/v2\/product_tag?post=56882"}],"curies":[{"name":"wp","href":"https:\/\/api.w.org\/{rel}","templated":true}]}}