{"id":56886,"date":"2022-03-10T16:23:00","date_gmt":"2022-03-10T15:23:00","guid":{"rendered":"https:\/\/secureus.se\/produkt\/rk-1k-1-kanal-med-2-stycken-fjarrkontroller-rullande-kod\/"},"modified":"2026-04-17T14:44:08","modified_gmt":"2026-04-17T12:44:08","slug":"radiomottagare-rk-1k-1-kanal","status":"publish","type":"product","link":"https:\/\/secureus.se\/fi\/radiomottagare-rk-1k-1-kanal\/","title":{"rendered":"Radiovastaanotin RK-1K 1-kanavainen + 2 kaukos\u00e4\u00e4dint\u00e4 Sarja"},"content":{"rendered":"<h1>Radiovastaanotin RK-1K: Yksinkertaiset ja turvalliset ratkaisut tarpeisiisi<\/h1>\n<p>RK-1K radiovastaanotin on k\u00e4ytt\u00e4j\u00e4yst\u00e4v\u00e4llinen ja turvallinen ratkaisu porttien, h\u00e4lyttimien ja rullakaihtimien kauko-ohjaukseen.<\/p>\n<p>Sen mukana tulee kaksi kaukos\u00e4\u00e4dint\u00e4 ja se k\u00e4ytt\u00e4\u00e4 edistynytt\u00e4 salattua koodihyppelytekniikkaa maksimaalisen suojauksen varmistamiseksi luvattomalta k\u00e4yt\u00f6lt\u00e4.<\/p>\n<p>Jopa 350 metrin kantama vapaassa ilmassa, RK-1K tarjoaa sek\u00e4 joustavuutta ett\u00e4 luotettavuutta.<\/p>\n<p>T\u00e4m\u00e4 radiovastaanotin on ihanteellinen sek\u00e4 koti- ett\u00e4 kaupallisiin sovelluksiin.<\/p>\n<p>Kompakti muotoilu ja helppo asennus tekev\u00e4t siit\u00e4 t\u00e4ydellisen mihin tahansa ymp\u00e4rist\u00f6\u00f6n.<\/p>\n<p>Voit ohjata laitteita helposti yhdell\u00e4 mukana olevista kaukos\u00e4\u00e4timist\u00e4 ja hy\u00f6ty\u00e4 k\u00e4ytt\u00e4j\u00e4yst\u00e4v\u00e4llisest\u00e4 toiminnasta, joka helpottaa jokap\u00e4iv\u00e4ist\u00e4 el\u00e4m\u00e4\u00e4si.<\/p>\n<p><strong>Ominaisuudet ja edut:<\/strong><\/p>\n<ul>\n<li><strong>Salattu suojaus:<\/strong> Koodin ohitustekniikka est\u00e4\u00e4 luvattoman k\u00e4yt\u00f6n.<\/li>\n<li><strong>Pitk\u00e4 kantama:<\/strong> Jopa 350 metri\u00e4 maksimaalista joustavuutta varten.<\/li>\n<li><strong>Helppo asennus:<\/strong> Kompakti muotoilu ja yhteensopiva useimpien laitteiden kanssa.<\/li>\n<li><strong>Yleisk\u00e4ytt\u00f6:<\/strong> Ihanteellinen porteille, rullakaihtimille ja turvaj\u00e4rjestelmille.<\/li>\n<\/ul>\n<p>Sijoita RK-1K-radiovastaanottimeen saadaksesi turvallisen ja tehokkaan ratkaisun, joka tekee laitteidesi ohjaamisesta helppoa.<\/p>","protected":false},"excerpt":{"rendered":"<p>RK-1K-radiovastaanottimen mukana tulee kaksi kaukos\u00e4\u00e4dint\u00e4 porttien, h\u00e4lyttimien tai rullakaihtimien turvalliseen ja k\u00e4tev\u00e4\u00e4n ohjaukseen.<\/p>\n<p>Salatun koodihyppelytekniikan ansiosta se takaa korkean turvallisuuden ja luotettavuuden.<\/p>","protected":false},"featured_media":145421,"template":"","meta":{"_acf_changed":false},"product_brand":[],"product_cat":[1616],"product_tag":[2275,2424],"class_list":{"0":"post-56886","1":"product","2":"type-product","3":"status-publish","4":"has-post-thumbnail","6":"product_cat-radiosandare-mottagare","7":"product_tag-radio-mottagare-satel","8":"product_tag-rel-pulsarradio","9":"product_shipping_class-postnord-varubrev","10":"pa_brands-satel","11":"pa_sakerhetssystem-smart-home","12":"tm-no-options","14":"first","15":"instock","16":"sale","17":"featured","18":"taxable","19":"shipping-taxable","20":"purchasable","21":"product-type-simple"},"acf":[],"_links":{"self":[{"href":"https:\/\/secureus.se\/fi\/wp-json\/wp\/v2\/product\/56886","targetHints":{"allow":["GET"]}}],"collection":[{"href":"https:\/\/secureus.se\/fi\/wp-json\/wp\/v2\/product"}],"about":[{"href":"https:\/\/secureus.se\/fi\/wp-json\/wp\/v2\/types\/product"}],"wp:featuredmedia":[{"embeddable":true,"href":"https:\/\/secureus.se\/fi\/wp-json\/wp\/v2\/media\/145421"}],"wp:attachment":[{"href":"https:\/\/secureus.se\/fi\/wp-json\/wp\/v2\/media?parent=56886"}],"wp:term":[{"taxonomy":"product_brand","embeddable":true,"href":"https:\/\/secureus.se\/fi\/wp-json\/wp\/v2\/product_brand?post=56886"},{"taxonomy":"product_cat","embeddable":true,"href":"https:\/\/secureus.se\/fi\/wp-json\/wp\/v2\/product_cat?post=56886"},{"taxonomy":"product_tag","embeddable":true,"href":"https:\/\/secureus.se\/fi\/wp-json\/wp\/v2\/product_tag?post=56886"}],"curies":[{"name":"wp","href":"https:\/\/api.w.org\/{rel}","templated":true}]}}