{"id":56887,"date":"2022-03-10T16:23:00","date_gmt":"2022-03-10T15:23:00","guid":{"rendered":"https:\/\/secureus.se\/produkt\/rk-2k-2-kanal-med-2-stycken-fjarrkontroller-rullande-kod\/"},"modified":"2026-03-25T19:01:22","modified_gmt":"2026-03-25T18:01:22","slug":"radiomottagare-rk-2k-2-kanal","status":"publish","type":"product","link":"https:\/\/secureus.se\/fi\/radiomottagare-rk-2k-2-kanal\/","title":{"rendered":"Radiovastaanotin RK-2K 2-kanavainen 2 kpl kaukos\u00e4\u00e4dinsarja"},"content":{"rendered":"<h1><strong>Radiovastaanotin RK-2K \u2013 Turvallinen ja joustava kaukos\u00e4\u00e4din<\/strong><\/h1>\n<p>RK-2K-radiovastaanotin on SATELin edistyksellinen ratkaisu, joka on ihanteellinen porttien, rullakaihtimien, pys\u00e4k\u00f6intipuomien ja muiden s\u00e4hk\u00f6laitteiden et\u00e4ohjaukseen.<\/p>\n<p>Kahden kanavan ja mukana toimitettujen T-2-kaukos\u00e4\u00e4timien ansiosta RK-2K tarjoaa korkean turvallisuuden ja joustavuuden erilaisiin sovelluksiin.<\/p>\n<ul>\n<li><strong>Kaksikanavainen<\/strong>: Hallitse kahta laitetta tarkasti ja luotettavasti.<\/li>\n<li><strong>Turvallinen viestint\u00e4<\/strong>: Salattu rullaava koodi, joka suojaa signaalivarkauksilta.<\/li>\n<li><strong>Alhaisen akun ilmaisin<\/strong>: Kaukos\u00e4\u00e4timet varoittavat, kun akku on v\u00e4hiss\u00e4.<\/li>\n<li><strong>Joustava virtal\u00e4hde<\/strong>: K\u00e4yt\u00e4 DC- tai AC-j\u00e4nnitett\u00e4 asennuksen tarpeiden mukaan.<\/li>\n<li><strong>Peukalointisuoja<\/strong>: Est\u00e4\u00e4 luvattoman k\u00e4yt\u00f6n sis\u00e4\u00e4nrakennetulla suojauksella.<\/li>\n<\/ul>\n<p>RK-2K:lla voit liitt\u00e4\u00e4 jopa 1024 kaukos\u00e4\u00e4dint\u00e4, mik\u00e4 tekee siit\u00e4 t\u00e4ydellisen sek\u00e4 pieniin ett\u00e4 suuriin asennuksiin.<\/p>\n<p>Laite on helppo asentaa ja ohjelmoida, joten se on erinomainen valinta sek\u00e4 ammattiasentajille ett\u00e4 loppuk\u00e4ytt\u00e4jille.<\/p>","protected":false},"excerpt":{"rendered":"<p>Radiovastaanotin RK-2K SATELilta kahdella kanavalla ja 2 kaukos\u00e4\u00e4timell\u00e4.<\/p>\n<p>Turvallinen ja luotettava porttien, rullakaihtimien ja puomien kauko-ohjaukseen.<\/p>","protected":false},"featured_media":145077,"template":"","meta":{"_acf_changed":false},"product_brand":[],"product_cat":[1616],"product_tag":[2275,2424],"class_list":{"0":"post-56887","1":"product","2":"type-product","3":"status-publish","4":"has-post-thumbnail","6":"product_cat-radiosandare-mottagare","7":"product_tag-radio-mottagare-satel","8":"product_tag-rel-pulsarradio","9":"product_shipping_class-postnord-varubrev","10":"pa_brands-satel","11":"pa_sakerhetssystem-smart-home","12":"tm-no-options","14":"first","15":"instock","16":"sale","17":"featured","18":"taxable","19":"shipping-taxable","20":"purchasable","21":"product-type-simple"},"acf":[],"_links":{"self":[{"href":"https:\/\/secureus.se\/fi\/wp-json\/wp\/v2\/product\/56887","targetHints":{"allow":["GET"]}}],"collection":[{"href":"https:\/\/secureus.se\/fi\/wp-json\/wp\/v2\/product"}],"about":[{"href":"https:\/\/secureus.se\/fi\/wp-json\/wp\/v2\/types\/product"}],"wp:featuredmedia":[{"embeddable":true,"href":"https:\/\/secureus.se\/fi\/wp-json\/wp\/v2\/media\/145077"}],"wp:attachment":[{"href":"https:\/\/secureus.se\/fi\/wp-json\/wp\/v2\/media?parent=56887"}],"wp:term":[{"taxonomy":"product_brand","embeddable":true,"href":"https:\/\/secureus.se\/fi\/wp-json\/wp\/v2\/product_brand?post=56887"},{"taxonomy":"product_cat","embeddable":true,"href":"https:\/\/secureus.se\/fi\/wp-json\/wp\/v2\/product_cat?post=56887"},{"taxonomy":"product_tag","embeddable":true,"href":"https:\/\/secureus.se\/fi\/wp-json\/wp\/v2\/product_tag?post=56887"}],"curies":[{"name":"wp","href":"https:\/\/api.w.org\/{rel}","templated":true}]}}