{"id":56888,"date":"2022-03-10T16:23:00","date_gmt":"2022-03-10T15:23:00","guid":{"rendered":"https:\/\/secureus.se\/produkt\/rk-4k-4-kanal-med-2-stycken-fjarrkontroller-rullande-kod\/"},"modified":"2026-04-17T14:44:15","modified_gmt":"2026-04-17T12:44:15","slug":"radiomottagare-rk-4k-4-kanal","status":"publish","type":"product","link":"https:\/\/secureus.se\/fi\/radiomottagare-rk-4k-4-kanal\/","title":{"rendered":"Radiovastaanotin RK-4K 4-kanavainen 2 kpl kaukos\u00e4\u00e4dinsarja"},"content":{"rendered":"<h1>Radiovastaanotin RK-4K 4-kanavainen + 2 kaukos\u00e4\u00e4dint\u00e4 Sarja<\/h1>\n<p>RK-4K on paras ratkaisu s\u00e4hk\u00f6laitteiden ja turvaj\u00e4rjestelmien kauko-ohjaukseen.<\/p>\n<p>Nelj\u00e4ll\u00e4 kanavalla ja kahdella mukana tulevalla T-4-kaukos\u00e4\u00e4timell\u00e4 voit ohjata helposti portteja, rullakaihtimia ja muita laitteita.<\/p>\n<p>Turvallinen rullaava kooditekniikka varmistaa, ett\u00e4 vain valtuutettuja kaukos\u00e4\u00e4timi\u00e4 voidaan k\u00e4ytt\u00e4\u00e4, mik\u00e4 takaa mielenrauhan ja turvallisuuden.<\/p>\n<p>Ominaisuuksiin kuuluu tuki jopa 1024 kaukos\u00e4\u00e4timelle, peukalointisuoja koteloa avattaessa ja joustava virtal\u00e4hde (DC tai AC).<\/p>\n<p>Vaikuttava, jopa 500 metrin kantama selke\u00e4ss\u00e4 n\u00e4kym\u00e4ss\u00e4 tekee siit\u00e4 ihanteellisen sek\u00e4 asuin- ett\u00e4 kaupallisiin sovelluksiin.<\/p>\n<p>RK-4K on yhteensopiva SATELin RK Soft -ohjelman kanssa, mik\u00e4 tekee kaukos\u00e4\u00e4timien konfiguroinnista ja hallinnasta helppoa.<\/p>\n<p>Tukevan rakenteen ja k\u00e4ytt\u00e4j\u00e4yst\u00e4v\u00e4llisten ominaisuuksien ansiosta t\u00e4m\u00e4 sarja on pakollinen kaikille, jotka etsiv\u00e4t luotettavaa kaukos\u00e4\u00e4dint\u00e4.<\/p>","protected":false},"excerpt":{"rendered":"<p>RK-4K radiovastaanotin tarjoaa turvallisen kauko-ohjaimen porteille, rullakaihtimille ja h\u00e4lyttimille.<\/p>\n<p>Nelj\u00e4ll\u00e4 kanavalla ja kahdella kaukos\u00e4\u00e4timell\u00e4 se on monipuolinen ratkaisu niin koteihin kuin yrityksille.<\/p>\n<p>Edistyksellinen salaus tarjoaa turvallisuutta, ja jopa 500 metrin kantama tekee siit\u00e4 eritt\u00e4in hy\u00f6dyllisen.<\/p>","protected":false},"featured_media":145084,"template":"","meta":{"_acf_changed":false},"product_brand":[],"product_cat":[1616],"product_tag":[2275,2424],"class_list":{"0":"post-56888","1":"product","2":"type-product","3":"status-publish","4":"has-post-thumbnail","6":"product_cat-radiosandare-mottagare","7":"product_tag-radio-mottagare-satel","8":"product_tag-rel-pulsarradio","9":"product_shipping_class-postnord-varubrev","10":"pa_brands-satel","11":"pa_sakerhetssystem-smart-home","12":"tm-no-options","14":"first","15":"onbackorder","16":"sale","17":"featured","18":"taxable","19":"shipping-taxable","20":"purchasable","21":"product-type-simple"},"acf":[],"_links":{"self":[{"href":"https:\/\/secureus.se\/fi\/wp-json\/wp\/v2\/product\/56888","targetHints":{"allow":["GET"]}}],"collection":[{"href":"https:\/\/secureus.se\/fi\/wp-json\/wp\/v2\/product"}],"about":[{"href":"https:\/\/secureus.se\/fi\/wp-json\/wp\/v2\/types\/product"}],"wp:featuredmedia":[{"embeddable":true,"href":"https:\/\/secureus.se\/fi\/wp-json\/wp\/v2\/media\/145084"}],"wp:attachment":[{"href":"https:\/\/secureus.se\/fi\/wp-json\/wp\/v2\/media?parent=56888"}],"wp:term":[{"taxonomy":"product_brand","embeddable":true,"href":"https:\/\/secureus.se\/fi\/wp-json\/wp\/v2\/product_brand?post=56888"},{"taxonomy":"product_cat","embeddable":true,"href":"https:\/\/secureus.se\/fi\/wp-json\/wp\/v2\/product_cat?post=56888"},{"taxonomy":"product_tag","embeddable":true,"href":"https:\/\/secureus.se\/fi\/wp-json\/wp\/v2\/product_tag?post=56888"}],"curies":[{"name":"wp","href":"https:\/\/api.w.org\/{rel}","templated":true}]}}