{"id":56890,"date":"2022-03-10T16:23:00","date_gmt":"2022-03-10T15:23:00","guid":{"rendered":"https:\/\/secureus.se\/produkt\/t-1-fjarrkontroll\/"},"modified":"2026-04-17T14:44:32","modified_gmt":"2026-04-17T12:44:32","slug":"t-1-fjarrkontroll","status":"publish","type":"product","link":"https:\/\/secureus.se\/fi\/t-1-fjarrkontroll\/","title":{"rendered":"T-1 Kaukos\u00e4\u00e4din Radio sovitettu radiovastaanottimeen RK-4, RK-2K, RK-1k"},"content":{"rendered":"<h1>T-1-kaukos\u00e4\u00e4din \u2013 turvallinen ja luotettava tiedonsiirto SATEL-radiovastaanottimen kanssa<\/h1>\n<p>T-1 on huipputekninen 1-kanavainen kaukos\u00e4\u00e4din, joka on suunniteltu toimimaan SATEL-radiovastaanottimien RK-4, RK-2K ja RK-1K kanssa. KEELOQ\u00ae dynaamisen koodihyppelytekniikan ansiosta se takaa turvallisen tiedonsiirron est\u00e4m\u00e4ll\u00e4 signaalin kopioimisen luvattomilta henkil\u00f6ilt\u00e4.<\/p>\n<p><strong>P\u00e4\u00e4ominaisuudet:<\/strong><\/p>\n<ul>\n<li><strong>Salaus:<\/strong> Dynaaminen KEELOQ\u00ae-koodihyppy takaa maksimaalisen turvallisuuden.<\/li>\n<li><strong>Laajuus:<\/strong> Jopa 350 metri\u00e4 ulkona ja 500 metri\u00e4 ulkoisen antennin kanssa.<\/li>\n<li><strong>Korkea immuniteetti:<\/strong> Kest\u00e4\u00e4 h\u00e4iri\u00f6signaaleja ja ymp\u00e4rist\u00f6n muutoksia SAW-resonaattorin ansiosta.<\/li>\n<li><strong>Akkuk\u00e4ytt\u00f6inen:<\/strong> Helppok\u00e4ytt\u00f6inen 12 V akulla.<\/li>\n<li><strong>Yleisk\u00e4ytt\u00f6:<\/strong> Soveltuu turvallisuutta vaativiin sovelluksiin, kuten portteihin, h\u00e4lytysj\u00e4rjestelmiin ja automatisoituihin laitteisiin.<\/li>\n<\/ul>\n<p>Kompaktin muotoilunsa ja vankan toiminnallisuutensa ansiosta T-1 on luotettava ratkaisu sek\u00e4 kaupallisiin ett\u00e4 yksityisiin asennuksiin, joissa turvallisuus ja k\u00e4ytt\u00f6mukavuus ovat etusijalla.<\/p>","protected":false},"excerpt":{"rendered":"<p>T-1 on turvallinen kaukos\u00e4\u00e4din SATELin radiovastaanottimelle.<\/p>\n<p>Dynaamisen KEELOQ\u00ae-koodin ohituksen ansiosta se suojaa luvattomalta kopioimiselta.<\/p>\n<p>Kantama jopa 500 metri\u00e4 antennin kanssa.<\/p>","protected":false},"featured_media":144709,"template":"","meta":{"_acf_changed":false},"product_brand":[],"product_cat":[1616],"product_tag":[2275,2424],"class_list":{"0":"post-56890","1":"product","2":"type-product","3":"status-publish","4":"has-post-thumbnail","6":"product_cat-radiosandare-mottagare","7":"product_tag-radio-mottagare-satel","8":"product_tag-rel-pulsarradio","9":"product_shipping_class-postnord-varubrev","10":"pa_brands-satel","11":"pa_sakerhetssystem-smart-home","12":"tm-has-options","14":"first","15":"instock","16":"sale","17":"featured","18":"taxable","19":"shipping-taxable","20":"purchasable","21":"product-type-simple"},"acf":[],"_links":{"self":[{"href":"https:\/\/secureus.se\/fi\/wp-json\/wp\/v2\/product\/56890","targetHints":{"allow":["GET"]}}],"collection":[{"href":"https:\/\/secureus.se\/fi\/wp-json\/wp\/v2\/product"}],"about":[{"href":"https:\/\/secureus.se\/fi\/wp-json\/wp\/v2\/types\/product"}],"wp:featuredmedia":[{"embeddable":true,"href":"https:\/\/secureus.se\/fi\/wp-json\/wp\/v2\/media\/144709"}],"wp:attachment":[{"href":"https:\/\/secureus.se\/fi\/wp-json\/wp\/v2\/media?parent=56890"}],"wp:term":[{"taxonomy":"product_brand","embeddable":true,"href":"https:\/\/secureus.se\/fi\/wp-json\/wp\/v2\/product_brand?post=56890"},{"taxonomy":"product_cat","embeddable":true,"href":"https:\/\/secureus.se\/fi\/wp-json\/wp\/v2\/product_cat?post=56890"},{"taxonomy":"product_tag","embeddable":true,"href":"https:\/\/secureus.se\/fi\/wp-json\/wp\/v2\/product_tag?post=56890"}],"curies":[{"name":"wp","href":"https:\/\/api.w.org\/{rel}","templated":true}]}}