{"id":56891,"date":"2022-03-10T16:21:00","date_gmt":"2022-03-10T15:21:00","guid":{"rendered":"https:\/\/secureus.se\/produkt\/sakringsmodul-4-sakringar-till-en54-serien-brand\/"},"modified":"2026-04-27T16:17:25","modified_gmt":"2026-04-27T14:17:25","slug":"sakringsmodul-4-sakringar-till-en54-serien-brand","status":"publish","type":"product","link":"https:\/\/secureus.se\/fi\/sakringsmodul-4-sakringar-till-en54-serien-brand\/","title":{"rendered":"Sulakemoduuli 4 erillist\u00e4 sulaketta 0,5Ah vikarelelell\u00e4"},"content":{"rendered":"<h1>Sulakemoduuli 4 erillisell\u00e4 sulakkeella ja vikareleell\u00e4<\/h1>\n<p>P\u00e4ivit\u00e4 turvaj\u00e4rjestelm\u00e4si a <strong>sulakemoduuli<\/strong> joka tarjoaa luotettavuutta ja yksinkertaisuutta.<\/p>\n<p>T\u00e4m\u00e4 nelj\u00e4ll\u00e4 erillisell\u00e4 0,5 Ah:n sulakkeella ja teknisell\u00e4 relel\u00e4hd\u00f6ll\u00e4 varustettu moduuli t\u00e4ydent\u00e4\u00e4 t\u00e4ydellisesti h\u00e4lytys- ja paloj\u00e4rjestelmi\u00e4.<\/p>\n<p>Optisen vianilmaisun ja EN54-4 RED POWER -sarjan yhteensopivuuden ansiosta se tarjoaa eritt\u00e4in tarkan ja helpon turvaj\u00e4rjestelm\u00e4n valvonnan.<\/p>\n<h5>P\u00e4\u00e4ominaisuudet<\/h5>\n<ul>\n<li><strong>Nelj\u00e4 suojattua l\u00e4ht\u00f6\u00e4<\/strong>: Jokainen l\u00e4ht\u00f6 on suojattu erikseen ylikuormituksen est\u00e4miseksi.<\/li>\n<li><strong>Virheilmoitus<\/strong>: LED-valot antavat nopean palautteen, jos sulake aktivoituu.<\/li>\n<li><strong>Tekninen relel\u00e4ht\u00f6<\/strong>: J\u00e4rjestelm\u00e4n tilan ja kaukos\u00e4\u00e4timen helppo seuranta.<\/li>\n<li><strong>Yhteensopivuus<\/strong>: Ihanteellinen 24 V h\u00e4lytys- ja paloj\u00e4rjestelmiin.<\/li>\n<li><strong>Kest\u00e4v\u00e4 muotoilu<\/strong>: Valmistettu kest\u00e4m\u00e4\u00e4n vaihtelevia ymp\u00e4rist\u00f6olosuhteita.<\/li>\n<\/ul>\n<h5>K\u00e4ytt\u00f6alueet<\/h5>\n<p>Moduuli sopii:<\/p>\n<ul>\n<li><strong>Paloturvaj\u00e4rjestelm\u00e4<\/strong>: Lis\u00e4\u00e4 toimintavarmuutta luotettavan virranjakelun ansiosta.<\/li>\n<li><strong>H\u00e4lytyskeskukset<\/strong>: J\u00e4rjestelmiin, jotka vaativat nopeaa ja tarkkaa virheenk\u00e4sittely\u00e4.<\/li>\n<li><strong>Televiestint\u00e4j\u00e4rjestelm\u00e4<\/strong>: Varmistaa vakaan ja luotettavan virransy\u00f6t\u00f6n.<\/li>\n<\/ul>\n<h5>Tekniset tiedot<\/h5>\n<ul>\n<li>Sy\u00f6tt\u00f6j\u00e4nnite: 20-30V DC<\/li>\n<li>L\u00e4hd\u00f6t: 4 x AUX 0,5 Ah sulakkeilla<\/li>\n<li>Virheilmoitus: Optinen (LED) ja tekninen relel\u00e4ht\u00f6<\/li>\n<li>K\u00e4ytt\u00f6l\u00e4mp\u00f6tila: -10\u00b0C - +50\u00b0C<\/li>\n<li>Mitat: 110,5 x 45 x 32 mm<\/li>\n<\/ul>\n<p>T\u00e4m\u00e4 sulakemoduuli on pitk\u00e4aikainen ratkaisu turva-asennuksiin ja takaa helpon asennuksen, v\u00e4h\u00e4iset huoltovaatimukset ja korkean k\u00e4ytt\u00f6varmuuden.<\/p>","protected":false},"excerpt":{"rendered":"<p>Sulakemoduuli nelj\u00e4ll\u00e4 0,5 Ah sulakkeella ja vikareleell\u00e4.<\/p>\n<p>Paranna h\u00e4lytys- tai paloj\u00e4rjestelm\u00e4si toimintavarmuutta t\u00e4ll\u00e4 kompaktilla ja luotettavalla moduulilla.<\/p>","protected":false},"featured_media":145121,"template":"","meta":{"_acf_changed":false},"product_brand":[],"product_cat":[4152,1548,4153],"product_tag":[2959,2427,2230,2232],"class_list":{"0":"post-56891","1":"product","2":"type-product","3":"status-publish","4":"has-post-thumbnail","6":"product_cat-rela-24-volt","7":"product_cat-relaer-elektronik","8":"product_cat-sakringsmodul","9":"product_tag-certifierad-en54","10":"product_tag-rel-relaelektonik","11":"product_tag-rela-24v","12":"product_tag-rela-sakringsmodul","13":"product_shipping_class-postnord-varubrev","14":"pa_brands-pulsar","15":"pa_sakerhetssystem-larmtillbehor-elektronik","16":"tm-no-options","18":"first","19":"instock","20":"sale","21":"featured","22":"taxable","23":"shipping-taxable","24":"purchasable","25":"product-type-simple"},"acf":[],"_links":{"self":[{"href":"https:\/\/secureus.se\/fi\/wp-json\/wp\/v2\/product\/56891","targetHints":{"allow":["GET"]}}],"collection":[{"href":"https:\/\/secureus.se\/fi\/wp-json\/wp\/v2\/product"}],"about":[{"href":"https:\/\/secureus.se\/fi\/wp-json\/wp\/v2\/types\/product"}],"wp:featuredmedia":[{"embeddable":true,"href":"https:\/\/secureus.se\/fi\/wp-json\/wp\/v2\/media\/145121"}],"wp:attachment":[{"href":"https:\/\/secureus.se\/fi\/wp-json\/wp\/v2\/media?parent=56891"}],"wp:term":[{"taxonomy":"product_brand","embeddable":true,"href":"https:\/\/secureus.se\/fi\/wp-json\/wp\/v2\/product_brand?post=56891"},{"taxonomy":"product_cat","embeddable":true,"href":"https:\/\/secureus.se\/fi\/wp-json\/wp\/v2\/product_cat?post=56891"},{"taxonomy":"product_tag","embeddable":true,"href":"https:\/\/secureus.se\/fi\/wp-json\/wp\/v2\/product_tag?post=56891"}],"curies":[{"name":"wp","href":"https:\/\/api.w.org\/{rel}","templated":true}]}}