{"id":56892,"date":"2022-03-10T16:21:00","date_gmt":"2022-03-10T15:21:00","guid":{"rendered":"https:\/\/secureus.se\/produkt\/sakringsmodul-8-sakringar-till-en54-serien-brand\/"},"modified":"2026-04-01T14:37:29","modified_gmt":"2026-04-01T12:37:29","slug":"sakringsmodul-8-separata-sakringar-0-5ah-med-felrela","status":"publish","type":"product","link":"https:\/\/secureus.se\/fi\/sakringsmodul-8-separata-sakringar-0-5ah-med-felrela\/","title":{"rendered":"Sulakemoduuli 8 erillist\u00e4 sulaketta 0,5Ah vikarelelell\u00e4"},"content":{"rendered":"<h1>Sulakemoduuli 8 erillisell\u00e4 sulakkeella ja vikareleell\u00e4<\/h1>\n<p>Maksimoi j\u00e4rjestelm\u00e4si turvallisuus a <strong>sulakemoduuli 8 erillisell\u00e4 sulakkeella ja vikareleell\u00e4<\/strong>.<\/p>\n<p>Luotettavuuteen ja tarkkuuteen suunniteltu moduuli suojaa kriittisi\u00e4 asennuksiasi hallitsemalla virransy\u00f6tt\u00f6\u00e4 tehokkaasti ja osoittamalla mahdolliset viat.<\/p>\n<p>T\u00e4ydellinen h\u00e4lytys- ja paloj\u00e4rjestelmiin, jotka saavat virtansa 24 V DC:st\u00e4.<\/p>\n<h5>P\u00e4\u00e4toiminnot<\/h5>\n<ul>\n<li><strong>Kahdeksan itsen\u00e4isesti suojattua l\u00e4ht\u00f6\u00e4<\/strong>: Jokainen l\u00e4ht\u00f6 on suojattu 0,5 Ah:n sulakkeilla vakaan virransy\u00f6t\u00f6n takaamiseksi.<\/li>\n<li><strong>Optinen virheilmoitus<\/strong>: LED-valot, jotka n\u00e4ytt\u00e4v\u00e4t nopeasti kunkin l\u00e4hd\u00f6n tilan.<\/li>\n<li><strong>Tekninen relel\u00e4ht\u00f6<\/strong>: Mahdollistaa j\u00e4rjestelm\u00e4n tilan seurannan ja kauko-ohjauksen.<\/li>\n<li><strong>Yhteensopivuus<\/strong>: Sopii kaikkiin 24 V h\u00e4lytys- ja paloj\u00e4rjestelmiin ja on optimoitu EN54-4 RED POWER -sarjalle.<\/li>\n<li><strong>Kest\u00e4v\u00e4 muotoilu<\/strong>: Kest\u00e4\u00e4 vaihtelevia ymp\u00e4rist\u00f6olosuhteita ja takaa pitk\u00e4n k\u00e4ytt\u00f6i\u00e4n.<\/li>\n<\/ul>\n<h5>K\u00e4ytt\u00f6alueet<\/h5>\n<ul>\n<li><strong>H\u00e4lytys ja turvallisuus<\/strong>: Lis\u00e4\u00e4 toimintavarmuutta j\u00e4rjestelmiss\u00e4, jotka ovat riippuvaisia jatkuvasta virrasta.<\/li>\n<li><strong>Paloj\u00e4rjestelm\u00e4<\/strong>: Varmistaa virransy\u00f6t\u00f6n kriittisiss\u00e4 paloturvallisuussovelluksissa.<\/li>\n<li><strong>Tietoliikenne<\/strong>: Ihanteellinen tukemaan luotettavia s\u00e4hk\u00f6infrastruktuureja.<\/li>\n<\/ul>\n<h5>Tekniset tiedot<\/h5>\n<ul>\n<li><strong>Sy\u00f6tt\u00f6j\u00e4nnite<\/strong>: 20-30V DC<\/li>\n<li><strong>L\u00e4hd\u00f6t<\/strong>: 8 x AUX 0,5 Ah sulakkeilla<\/li>\n<li><strong>Virheilmoitus<\/strong>: Optiset LED-valot ja tekninen relel\u00e4ht\u00f6<\/li>\n<li><strong>Mitat<\/strong>: 150 x 45 x 32 mm<\/li>\n<li><strong>K\u00e4ytt\u00f6l\u00e4mp\u00f6tila<\/strong>: -10\u00b0C - +50\u00b0C<\/li>\n<\/ul>\n<p>Investoi turvallisuuteen ja luotettavuuteen t\u00e4ll\u00e4 edistyneell\u00e4 suojausmoduulilla. Helppo asentaa ja mukauttaa, alhaiset huoltovaatimukset ja pitk\u00e4 5 vuoden takuu.<\/p>","protected":false},"excerpt":{"rendered":"<p>Paranna turvallisuutta varokemoduulilla, joka on varustettu 8 x 0,5 Ah sulakkeilla ja vikareleell\u00e4.<\/p>\n<p>Soveltuu t\u00e4ydellisesti h\u00e4lytys- ja paloj\u00e4rjestelmiin.<\/p>","protected":false},"featured_media":144853,"template":"","meta":{"_acf_changed":false},"product_brand":[],"product_cat":[4152,1548,4153],"product_tag":[2959,2427,2230,2232],"class_list":{"0":"post-56892","1":"product","2":"type-product","3":"status-publish","4":"has-post-thumbnail","6":"product_cat-rela-24-volt","7":"product_cat-relaer-elektronik","8":"product_cat-sakringsmodul","9":"product_tag-certifierad-en54","10":"product_tag-rel-relaelektonik","11":"product_tag-rela-24v","12":"product_tag-rela-sakringsmodul","13":"product_shipping_class-postnord-varubrev","14":"pa_brands-pulsar","15":"pa_sakerhetssystem-larmtillbehor-elektronik","16":"tm-no-options","18":"first","19":"instock","20":"sale","21":"featured","22":"taxable","23":"shipping-taxable","24":"purchasable","25":"product-type-simple"},"acf":[],"_links":{"self":[{"href":"https:\/\/secureus.se\/fi\/wp-json\/wp\/v2\/product\/56892","targetHints":{"allow":["GET"]}}],"collection":[{"href":"https:\/\/secureus.se\/fi\/wp-json\/wp\/v2\/product"}],"about":[{"href":"https:\/\/secureus.se\/fi\/wp-json\/wp\/v2\/types\/product"}],"wp:featuredmedia":[{"embeddable":true,"href":"https:\/\/secureus.se\/fi\/wp-json\/wp\/v2\/media\/144853"}],"wp:attachment":[{"href":"https:\/\/secureus.se\/fi\/wp-json\/wp\/v2\/media?parent=56892"}],"wp:term":[{"taxonomy":"product_brand","embeddable":true,"href":"https:\/\/secureus.se\/fi\/wp-json\/wp\/v2\/product_brand?post=56892"},{"taxonomy":"product_cat","embeddable":true,"href":"https:\/\/secureus.se\/fi\/wp-json\/wp\/v2\/product_cat?post=56892"},{"taxonomy":"product_tag","embeddable":true,"href":"https:\/\/secureus.se\/fi\/wp-json\/wp\/v2\/product_tag?post=56892"}],"curies":[{"name":"wp","href":"https:\/\/api.w.org\/{rel}","templated":true}]}}