{"id":56893,"date":"2022-03-10T16:21:00","date_gmt":"2022-03-10T15:21:00","guid":{"rendered":"https:\/\/secureus.se\/produkt\/oppnaknapp-exklusive-beroringsfri-12-26-v-ac-dc\/"},"modified":"2025-12-31T19:58:51","modified_gmt":"2025-12-31T18:58:51","slug":"oppnaknapp-exklusive-beroringsfri-12-26-v-ac-dc","status":"publish","type":"product","link":"https:\/\/secureus.se\/fi\/oppnaknapp-exklusive-beroringsfri-12-26-v-ac-dc\/","title":{"rendered":"Avauspainike, kosketusvapaa lasi \u2013 12\u201336 V, sininen LED, IP65 (sein\u00e4asennus)"},"content":{"rendered":"<p data-start=\"691\" data-end=\"923\">T\u00e4m\u00e4 <strong data-start=\"697\" data-end=\"725\">kosketusvapaa avauspainike<\/strong> yhdist\u00e4\u00e4 modernin muotoilun korkeaan toimivuuteen.<br data-start=\"774\" data-end=\"777\" \/>H\u00e4nen kanssaan <strong data-start=\"785\" data-end=\"838\">sininen LED-valaistus ja karkaistusta lasista valmistettu etuosa<\/strong> Se sopii t\u00e4ydellisesti ymp\u00e4rist\u00f6ihin, joissa hygienia, muotoilu ja k\u00e4ytt\u00f6varmuus ovat t\u00e4rkeit\u00e4.<\/p>\n<p data-start=\"925\" data-end=\"1177\">Painike reagoi k\u00e4den liikkeeseen ilman fyysist\u00e4 kosketusta \u2013 ihanteellinen sairaaloihin, toimistoihin, kauppoihin, kouluihin ja muihin julkisiin tiloihin.<br data-start=\"1052\" data-end=\"1055\" \/><strong data-start=\"1055\" data-end=\"1094\">Herkkyyset\u00e4isyyden helppo s\u00e4\u00e4t\u00f6<\/strong> (1\u201315 cm) ja releen toimintatila (NO\/NC\/COM) asennuksen tarpeiden mukaan.<\/p>\n<p data-start=\"1179\" data-end=\"1318\">Sen ansiosta <strong data-start=\"1193\" data-end=\"1230\">IP65-luokitus ja metallikotelo<\/strong> Se on sek\u00e4 kosteutta ett\u00e4 p\u00f6ly\u00e4 kest\u00e4v\u00e4, joten se sopii sek\u00e4 sis\u00e4- ett\u00e4 ulkok\u00e4ytt\u00f6\u00f6n.<\/p>\n<hr data-start=\"1320\" data-end=\"1323\" \/>\n<h3 data-start=\"1325\" data-end=\"1360\"><strong data-start=\"1332\" data-end=\"1360\">Tekniset tiedot<\/strong><\/h3>\n<div class=\"_tableContainer_1rjym_1\">\n<div class=\"group _tableWrapper_1rjym_13 flex w-fit flex-col-reverse\">\n<table class=\"w-fit min-w-(--thread-content-width)\" data-start=\"1361\" data-end=\"1891\">\n<thead data-start=\"1361\" data-end=\"1381\">\n<tr data-start=\"1361\" data-end=\"1381\">\n<th data-start=\"1361\" data-end=\"1372\" data-col-size=\"sm\">Kiinteist\u00f6<\/th>\n<th data-start=\"1372\" data-end=\"1381\" data-col-size=\"sm\">Arvo<\/th>\n<\/tr>\n<\/thead>\n<tbody data-start=\"1405\" data-end=\"1891\">\n<tr data-start=\"1405\" data-end=\"1438\">\n<td data-start=\"1405\" data-end=\"1411\" data-col-size=\"sm\">Tyyppi<\/td>\n<td data-start=\"1411\" data-end=\"1438\" data-col-size=\"sm\">Kosketusvapaa avauspainike<\/td>\n<\/tr>\n<tr data-start=\"1439\" data-end=\"1474\">\n<td data-start=\"1439\" data-end=\"1455\" data-col-size=\"sm\">Etumateriaali<\/td>\n<td data-col-size=\"sm\" data-start=\"1455\" data-end=\"1474\">Karkaistu lasi<\/td>\n<\/tr>\n<tr data-start=\"1475\" data-end=\"1491\">\n<td data-start=\"1475\" data-end=\"1481\" data-col-size=\"sm\">Kehys<\/td>\n<td data-col-size=\"sm\" data-start=\"1481\" data-end=\"1491\">Metalli<\/td>\n<\/tr>\n<tr data-start=\"1492\" data-end=\"1542\">\n<td data-start=\"1492\" data-end=\"1503\" data-col-size=\"sm\">J\u00e4nnite<\/td>\n<td data-col-size=\"sm\" data-start=\"1503\" data-end=\"1542\">12\u201336 V AC\/DC (napaisuudesta riippumaton)<\/td>\n<\/tr>\n<tr data-start=\"1543\" data-end=\"1573\">\n<td data-start=\"1543\" data-end=\"1556\" data-col-size=\"sm\">Relel\u00e4ht\u00f6<\/td>\n<td data-col-size=\"sm\" data-start=\"1556\" data-end=\"1573\">EI \/ NC \/ COM<\/td>\n<\/tr>\n<tr data-start=\"1574\" data-end=\"1619\">\n<td data-start=\"1574\" data-end=\"1595\" data-col-size=\"sm\">Herkkyyset\u00e4isyys<\/td>\n<td data-col-size=\"sm\" data-start=\"1595\" data-end=\"1619\">1\u201315 cm (s\u00e4\u00e4dett\u00e4v\u00e4)<\/td>\n<\/tr>\n<tr data-start=\"1620\" data-end=\"1673\">\n<td data-start=\"1620\" data-end=\"1637\" data-col-size=\"sm\">LED-merkkivalo<\/td>\n<td data-col-size=\"sm\" data-start=\"1637\" data-end=\"1673\">Sininen (valmiustila) \/ Vihre\u00e4 (aktivoitu)<\/td>\n<\/tr>\n<tr data-start=\"1674\" data-end=\"1696\">\n<td data-start=\"1674\" data-end=\"1688\" data-col-size=\"sm\">Suojausluokka<\/td>\n<td data-col-size=\"sm\" data-start=\"1688\" data-end=\"1696\">IP65<\/td>\n<\/tr>\n<tr data-start=\"1697\" data-end=\"1747\">\n<td data-start=\"1697\" data-end=\"1713\" data-col-size=\"sm\">Kiinnitysrei\u00e4t<\/td>\n<td data-col-size=\"sm\" data-start=\"1713\" data-end=\"1747\">\u00d8 60 mm (vakiolaitekotelo)<\/td>\n<\/tr>\n<tr data-start=\"1748\" data-end=\"1773\">\n<td data-start=\"1748\" data-end=\"1755\" data-col-size=\"sm\">Mitata<\/td>\n<td data-col-size=\"sm\" data-start=\"1755\" data-end=\"1773\">86 \u00d7 86 \u00d7 7 mm<\/td>\n<\/tr>\n<tr data-start=\"1774\" data-end=\"1815\">\n<td data-start=\"1774\" data-end=\"1793\" data-col-size=\"sm\">K\u00e4ytt\u00f6l\u00e4mp\u00f6tila<\/td>\n<td data-col-size=\"sm\" data-start=\"1793\" data-end=\"1815\">\u201310 \u00b0C \u2013 +70 \u00b0C<\/td>\n<\/tr>\n<tr data-start=\"1816\" data-end=\"1846\">\n<td data-start=\"1816\" data-end=\"1832\" data-col-size=\"sm\">Kosteus<\/td>\n<td data-col-size=\"sm\" data-start=\"1832\" data-end=\"1846\">10\u201390 % RH<\/td>\n<\/tr>\n<tr data-start=\"1847\" data-end=\"1863\">\n<td data-start=\"1847\" data-end=\"1854\" data-col-size=\"sm\">Paino<\/td>\n<td data-start=\"1854\" data-end=\"1863\" data-col-size=\"sm\">125 g<\/td>\n<\/tr>\n<tr data-start=\"1864\" data-end=\"1891\">\n<td data-start=\"1864\" data-end=\"1879\" data-col-size=\"sm\">Sertifiointi<\/td>\n<td data-start=\"1879\" data-end=\"1891\" data-col-size=\"sm\">CE, RoHS<\/td>\n<\/tr>\n<\/tbody>\n<\/table>\n<\/div>\n<\/div>\n<hr data-start=\"1893\" data-end=\"1896\" \/>\n<h3 data-start=\"1898\" data-end=\"1917\"><strong data-start=\"1905\" data-end=\"1917\">Edut<\/strong><\/h3>\n<ul data-start=\"1918\" data-end=\"2210\">\n<li data-start=\"1918\" data-end=\"1971\">\n<p data-start=\"1920\" data-end=\"1971\">Kosketusvapaa aktivointi \u2013 hygieeninen ja kest\u00e4v\u00e4<\/p>\n<\/li>\n<li data-start=\"1972\" data-end=\"2021\">\n<p data-start=\"1974\" data-end=\"2021\">IP65-luokitus \u2013 kest\u00e4\u00e4 p\u00f6ly\u00e4, kosteutta ja puhdistusta<\/p>\n<\/li>\n<li data-start=\"2022\" data-end=\"2062\">\n<p data-start=\"2024\" data-end=\"2062\">S\u00e4\u00e4dett\u00e4v\u00e4 et\u00e4isyys eri ymp\u00e4rist\u00f6ihin<\/p>\n<\/li>\n<li data-start=\"2063\" data-end=\"2099\">\n<p data-start=\"2065\" data-end=\"2099\">LED-merkkivalo selke\u00e4\u00e4 tilaa varten<\/p>\n<\/li>\n<li data-start=\"2100\" data-end=\"2154\">\n<p data-start=\"2102\" data-end=\"2154\">Yhteensopiva kaikkien NO\/NC-releit\u00e4 k\u00e4ytt\u00e4vien j\u00e4rjestelmien kanssa<\/p>\n<\/li>\n<li data-start=\"2155\" data-end=\"2210\">\n<p data-start=\"2157\" data-end=\"2210\">Tyylik\u00e4s sininen lasipinta \u2013 moderni ja ammattimainen muotoilu<\/p>\n<\/li>\n<\/ul>","protected":false},"excerpt":{"rendered":"<p>Elegantti kosketusvapaa avauspainike karkaistusta lasista, jossa sininen\/vihre\u00e4 LED-merkkivalo.<br data-start=\"506\" data-end=\"509\" \/>IP65-luokiteltu, s\u00e4\u00e4dett\u00e4v\u00e4 et\u00e4isyys (1\u201315 cm) ja yleisk\u00e4ytt\u00f6inen relel\u00e4ht\u00f6 (NO\/NC\/COM).<br data-start=\"590\" data-end=\"593\" \/>Sopii asennettavaksi tavalliseen s\u00e4hk\u00f6rasiaan, 12\u201336 V AC\/DC.<\/p>","protected":false},"featured_media":159138,"template":"","meta":{"_acf_changed":false},"product_brand":[],"product_cat":[4867],"product_tag":[3068,2937,2958],"class_list":{"0":"post-56893","1":"product","2":"type-product","3":"status-publish","4":"has-post-thumbnail","6":"product_cat-oppnaknappar-kategorier","7":"product_tag-oppnaknapp-beroringsfria","8":"product_tag-oppnaknappar","9":"product_tag-stonehouse-produkt","10":"product_shipping_class-postnord-varubrev","11":"pa_brands-stonehouse-security","12":"pa_sakerhetssystem-larmtillbehor-elektronik","13":"tm-no-options","15":"first","16":"instock","17":"sale","18":"featured","19":"taxable","20":"shipping-taxable","21":"purchasable","22":"product-type-simple"},"acf":[],"_links":{"self":[{"href":"https:\/\/secureus.se\/fi\/wp-json\/wp\/v2\/product\/56893","targetHints":{"allow":["GET"]}}],"collection":[{"href":"https:\/\/secureus.se\/fi\/wp-json\/wp\/v2\/product"}],"about":[{"href":"https:\/\/secureus.se\/fi\/wp-json\/wp\/v2\/types\/product"}],"wp:featuredmedia":[{"embeddable":true,"href":"https:\/\/secureus.se\/fi\/wp-json\/wp\/v2\/media\/159138"}],"wp:attachment":[{"href":"https:\/\/secureus.se\/fi\/wp-json\/wp\/v2\/media?parent=56893"}],"wp:term":[{"taxonomy":"product_brand","embeddable":true,"href":"https:\/\/secureus.se\/fi\/wp-json\/wp\/v2\/product_brand?post=56893"},{"taxonomy":"product_cat","embeddable":true,"href":"https:\/\/secureus.se\/fi\/wp-json\/wp\/v2\/product_cat?post=56893"},{"taxonomy":"product_tag","embeddable":true,"href":"https:\/\/secureus.se\/fi\/wp-json\/wp\/v2\/product_tag?post=56893"}],"curies":[{"name":"wp","href":"https:\/\/api.w.org\/{rel}","templated":true}]}}