{"id":56895,"date":"2022-03-10T16:21:00","date_gmt":"2022-03-10T15:21:00","guid":{"rendered":"https:\/\/secureus.se\/produkt\/salto-tagg-nyckelbricka-abs-plus-mifare1k-farg-vit\/"},"modified":"2026-04-13T15:12:30","modified_gmt":"2026-04-13T13:12:30","slug":"salto-tagg-mifare1k-vit-plus","status":"publish","type":"product","link":"https:\/\/secureus.se\/fi\/salto-tagg-mifare1k-vit-plus\/","title":{"rendered":"Salto Tag Mifare1k\u00ae Salto-koodilla \u2013 Valkoinen Plus (vastaa Salto PFM01KB:t\u00e4)"},"content":{"rendered":"<h1>Salto Tag Mifare1k Saltokodilla - ABS Plus<\/h1>\n<p>&quot;ABS Plus&quot; RFID-tunnisteemme on luotu vastaamaan vaativimpiinkin turvallisuus- ja tunnistamistarpeisiin.<\/p>\n<p>Sen vankka rakenne, joka on valmistettu eritt\u00e4in vakaasta 3,9 mm ABS-materiaalista, tarjoaa t\u00e4ydellisen tasapainon kest\u00e4vyyden ja eleganssin v\u00e4lill\u00e4.<\/p>\n<p>Sen puhdas viimeistely tekee siit\u00e4 ihanteellisen vakionumeroiden kaiverrukseen tai logon sis\u00e4llytt\u00e4miseen joko kaiverretun tai v\u00e4rillisen viimeistelyn avulla.<\/p>\n<p>Tarvitsetpa luotettavan RFID-tunnisteen p\u00e4\u00e4syj\u00e4rjestelmiin, vierailijaj\u00e4rjestelmiin, varauksiin, h\u00e4lytyksiin tai muihin sovelluksiin, &quot;ABS Plus&quot; RFID -tunniste on t\u00e4ydellinen valinta.<\/p>\n<p>Laajan valikoiman siruvaihtoehtoja, EM4200, Mifare1k, Mifare1k ja EM4200 yhdistelm\u00e4, Mifare4k, Mifare4k ja EM4200 yhdistelm\u00e4 sek\u00e4 DESFire, voit r\u00e4\u00e4t\u00e4l\u00f6id\u00e4 ratkaisusi vastaamaan erityistarpeitasi.<\/p>\n<p>Ymm\u00e4rr\u00e4mme, kuinka t\u00e4rke\u00e4\u00e4 on toimittaa korkealaatuisia RFID-tunnisteita, jotka vastaavat t\u00e4m\u00e4n p\u00e4iv\u00e4n vaatimuksia ja odotuksia.<\/p>\n<p>Siksi pyrimme tarjoamaan parasta tekniikkaa ja yhteensopivuutta j\u00e4rjestelmienne turvallisuuden ja tehokkuuden parantamiseksi.<\/p>\n<h4><strong>Mukautettu RFID-tunniste ainutlaatuiselle projektin kuperkeikkatunnisteelle<\/strong><\/h4>\n<p>RFID-tunnisteemme etuja ovat yhteensopivuus eri j\u00e4rjestelmien\/teknologioiden kanssa sek\u00e4 kyky r\u00e4\u00e4t\u00e4l\u00f6id\u00e4 tunnisteet sopimaan ainutlaatuisiin projekteihin.<\/p>\n<p>Voimme ohjelmoida ja integroida erilaisia siruja vastaamaan erityisi\u00e4 sovellusvaatimuksia ja luoda r\u00e4\u00e4t\u00e4l\u00f6ityj\u00e4 ratkaisuja.<\/p>\n<p>Ota yhteytt\u00e4 jo t\u00e4n\u00e4\u00e4n keskustellaksesi projekti-ideoistasi ja saadaksesi r\u00e4\u00e4t\u00e4l\u00f6idyn RFID-tunnisteratkaisun tarpeisiisi.<\/p>\n<h5><strong>Nopea toimitus ja aina varastossa - kuperkeikkalappu<\/strong><\/h5>\n<p>\u201cABS Plus\u201d RFID-tunnisteita on aina varastossa yli 25 000 kappaletta 6 v\u00e4riss\u00e4 ja erilaisilla siruratkaisuilla.<\/p>\n<p>Laserkoneidemme ja ohjelmistojemme avulla voit valita logon ja yksil\u00f6llisen numeron kaiverrukseen toimituksen kanssa 1-3 p\u00e4iv\u00e4n sis\u00e4ll\u00e4.<\/p>\n<p>Tutustu &quot;ABS Plus&quot; RFID -tunnisteemme etuihin ja vie tietoturvasi ja tunnistamisesi uudelle tasolle Kuten aina, alkuper\u00e4inen siru NXP:lt\u00e4 ja EM Microelectronicilta.<\/p>\n<p>Kaikki, jotta RFID-tunnisteemme toimivat turvallisesti ja pitk\u00e4\u00e4n takuulla.<\/p>\n<ul>\n<li><strong>RFID:t\u00e4 voidaan k\u00e4ytt\u00e4\u00e4:<\/strong>\n<ul>\n<li>Pass-j\u00e4rjestelm\u00e4<\/li>\n<li>Vierailijaj\u00e4rjestelm\u00e4<\/li>\n<li>Varaus<\/li>\n<li>H\u00e4lytys ja turvallisuus<\/li>\n<\/ul>\n<\/li>\n<li><strong>&quot;ABS Plus&quot;:n edut:<\/strong>\n<ul>\n<li>Vankka rakenne ABS-materiaalista<\/li>\n<li>Eritt\u00e4in kest\u00e4v\u00e4 ABS 3,9 mm<\/li>\n<li>Mahdollisuus kaivertaa vakionumero tai sis\u00e4llytt\u00e4\u00e4 logo<\/li>\n<li>Laaja valikoima siruvaihtoehtoja eri tarpeisiin ja aina varastossa.<\/li>\n<\/ul>\n<\/li>\n<\/ul>","protected":false},"excerpt":{"rendered":"<p>Klassinen RFID-tunnisteemme &quot;ABS Plus&quot; Mifare1k-sirulla, ohjelmoitu SALTO-kulunvalvontaj\u00e4rjestelmiin. Tunniste on valmistettu kovasta 3,9 mm paksusta ABS-materiaalista ja (vastaa Salto PFM01KB:t\u00e4)<\/p>","protected":false},"featured_media":163678,"template":"","meta":{"_acf_changed":false},"product_brand":[],"product_cat":[2354,1337,4791],"product_tag":[2437,2074,2151,2150,2958],"class_list":{"0":"post-56895","1":"product","2":"type-product","3":"status-publish","4":"has-post-thumbnail","6":"product_cat-rfid-taggar","7":"product_cat-rfid-tagg-abs-plus","8":"product_cat-salto-tagg","9":"product_tag-200-moq-plus-4k-och-salto","10":"product_tag-ej-lagerfraga","11":"product_tag-rfid-salto","12":"product_tag-stonehouse-iloq-salto","13":"product_tag-stonehouse-produkt","14":"product_shipping_class-postnord-varubrev","15":"pa_brands-stonehouse-security","16":"pa_chip-teknik-salto","17":"pa_color-vit","18":"pa_farg-vit","19":"pa_rfid-ovriga-system-salto","20":"pa_sakerhetssystem-ovriga-sakerhets-besokssystem","21":"tm-has-options","23":"first","24":"instock","25":"sale","26":"featured","27":"taxable","28":"shipping-taxable","29":"purchasable","30":"product-type-simple"},"acf":[],"_links":{"self":[{"href":"https:\/\/secureus.se\/fi\/wp-json\/wp\/v2\/product\/56895","targetHints":{"allow":["GET"]}}],"collection":[{"href":"https:\/\/secureus.se\/fi\/wp-json\/wp\/v2\/product"}],"about":[{"href":"https:\/\/secureus.se\/fi\/wp-json\/wp\/v2\/types\/product"}],"wp:featuredmedia":[{"embeddable":true,"href":"https:\/\/secureus.se\/fi\/wp-json\/wp\/v2\/media\/163678"}],"wp:attachment":[{"href":"https:\/\/secureus.se\/fi\/wp-json\/wp\/v2\/media?parent=56895"}],"wp:term":[{"taxonomy":"product_brand","embeddable":true,"href":"https:\/\/secureus.se\/fi\/wp-json\/wp\/v2\/product_brand?post=56895"},{"taxonomy":"product_cat","embeddable":true,"href":"https:\/\/secureus.se\/fi\/wp-json\/wp\/v2\/product_cat?post=56895"},{"taxonomy":"product_tag","embeddable":true,"href":"https:\/\/secureus.se\/fi\/wp-json\/wp\/v2\/product_tag?post=56895"}],"curies":[{"name":"wp","href":"https:\/\/api.w.org\/{rel}","templated":true}]}}