{"id":56897,"date":"2022-03-10T16:21:00","date_gmt":"2022-03-10T15:21:00","guid":{"rendered":"https:\/\/secureus.se\/produkt\/plastkort-kombi-em4200mifare1k-med-magnet-hico\/"},"modified":"2025-12-31T19:49:29","modified_gmt":"2025-12-31T18:49:29","slug":"passerkort-rfid-kort-kombi-em4200mifare1k-med-magnet-hico","status":"publish","type":"product","link":"https:\/\/secureus.se\/fi\/passerkort-rfid-kort-kombi-em4200mifare1k-med-magnet-hico\/","title":{"rendered":"P\u00e4\u00e4sykortti \/ RFID-kortti Combi EM4200 + MIFARE1k Classic\u00ae magneetilla HiCo"},"content":{"rendered":"<p>Kuten kaikki RFID-tuotteemme, my\u00f6s Passerkort \/ RFID-kortimme on varustettu korkealaatuisilla alkuper\u00e4isill\u00e4 siruilla. Arvostamme luotettavuutta ja turvallisuutta ja k\u00e4yt\u00e4mme vain tunnettujen valmistajien alkuper\u00e4isi\u00e4 siruja. Passerkort \/ RFID-korttiemme avulla voit olla varma, ett\u00e4 saat tuotteen, joka t\u00e4ytt\u00e4\u00e4 korkeimmat vaatimukset ja tarjoaa luotettavan ja tehokkaan suorituskyvyn. Pyrimme aina tarjoamaan sinulle parasta tekniikkaa ja yhteensopivuutta varmistaaksemme, ett\u00e4 Passerkort \/ RFID-korttimme toimivat turvallisesti ja vastaavat tarpeitasi pitk\u00e4ll\u00e4 aikav\u00e4lill\u00e4.<\/p>\n<p>P\u00e4\u00e4sykorttia \/ RFID-korttia, joka noudattaa standardimuotoa CR80, voidaan k\u00e4ytt\u00e4\u00e4 useisiin eri tarkoituksiin, mukaan lukien p\u00e4\u00e4syj\u00e4rjestelm\u00e4, vierailijaj\u00e4rjestelm\u00e4, pesulavaraus, h\u00e4lytys ja turvallisuus.<br \/>\nPasserkort \/ RFID-korteillamme voit valita mieleisesi mallin ja oikolukumahdollisuuden, kunnes olet tyytyv\u00e4inen.<br \/>\nArvostamme luotettavuutta ja turvallisuutta, mink\u00e4 vuoksi k\u00e4yt\u00e4mme vain tunnettujen valmistajien alkuper\u00e4isi\u00e4 siruja.<\/p>\n<p>Meill\u00e4 on my\u00f6s useita siruja, jotka voidaan asentaa RFID-kortteihin kaupassa n\u00e4kyv\u00e4n vakiosirun lis\u00e4ksi, t\u00e4m\u00e4 koskee my\u00f6s kaikkia muita RFID-kantolaitteitamme.<\/p>\n<p>Tarjoamme joustavuutta ja mukautumiskyky\u00e4 Passerkort \/ RFID-korttiemme suunnittelussa. Voit luoda kortteja, jotka ovat t\u00e4ysin br\u00e4ndisi ja yrityksesi identiteettisi mukaisia. Tavoitteenamme on toimittaa korkealaatuisia Passerkort \/ RFID-kortteja, jotka eiv\u00e4t ole vain toimivia, vaan my\u00f6s edustavat yrityst\u00e4si ammattimaisesti.<\/p>\n<p>Passerkort \/ RFID-korttimme on valmistettu tarkasti ja huolellisesti niiden kest\u00e4vyyden ja luotettavuuden varmistamiseksi. Ymm\u00e4rr\u00e4mme, ett\u00e4 turvallisuus on \u00e4\u00e4rimm\u00e4isen t\u00e4rke\u00e4\u00e4 RFID-tekniikan suhteen, ja ryhdymme kaikkiin tarvittaviin toimenpiteisiin suojataksemme korttisi luvattomalta k\u00e4yt\u00f6lt\u00e4 ja tietomurroilta.<\/p>\n<p>Tarjoamme joustavuutta ja mukautumiskyky\u00e4 Passerkort \/ RFID-korttiemme suunnittelussa. Voit luoda kortteja, jotka ovat t\u00e4ysin br\u00e4ndisi ja yrityksesi identiteettisi mukaisia. Tavoitteenamme on toimittaa korkealaatuisia Passerkort \/ RFID-kortteja, jotka eiv\u00e4t ole vain toimivia, vaan my\u00f6s edustavat yrityst\u00e4si ammattimaisesti.<\/p>\n<p>Passerkort \/ RFID-korttimme on valmistettu tarkasti ja huolellisesti niiden kest\u00e4vyyden ja luotettavuuden varmistamiseksi. Ymm\u00e4rr\u00e4mme, ett\u00e4 turvallisuus on \u00e4\u00e4rimm\u00e4isen t\u00e4rke\u00e4\u00e4 RFID-tekniikan suhteen, ja ryhdymme kaikkiin tarvittaviin toimenpiteisiin suojataksemme korttisi luvattomalta k\u00e4yt\u00f6lt\u00e4 ja tietomurroilta.<\/p>\n<p>Riippumatta siit\u00e4, tarvitsetko Passerkort\/RFID-korttia pieneen projektiin vai isompaan yritykseen.<\/p>\n<p>Olemme valmiita auttamaan sinua l\u00f6yt\u00e4m\u00e4\u00e4n parhaan Passerkort \/ RFID-korttiratkaisun sinun tarpeisiisi ja toiveisiisi. Ota yhteytt\u00e4 jo t\u00e4n\u00e4\u00e4n keskustellaksesi projekti-ideoistasi ja saadaksesi lis\u00e4tietoja tuotteistamme ja palveluistamme. Odotamme innolla, ett\u00e4 voimme olla luotettava kumppanisi Passerkort \/ RFID-korteissa ja toimittaa laadukkaita ratkaisuja, jotka vastaavat odotuksiasi.<\/p>\n<p>Kiitos mielenkiinnostasi Passerkort \/ RFID-korttejamme kohtaan. Vieraile verkkokaupassamme tai ota meihin yhteytt\u00e4 aloittaaksesi tilauksesi tai saadaksesi vastaukset kaikkiin kysymyksiisi. Olemme t\u00e4\u00e4ll\u00e4 tarjotaksemme sinulle parasta mahdollista palvelua ja toimittaaksemme korkealaatuisia Passerkort \/ RFID-kortteja, jotka sopivat sinun tarpeisiisi.<\/p>","protected":false},"excerpt":{"rendered":"<p>T\u00e4ss\u00e4 tuotteessa on NXP\u00ae:n sertifioitu siru, joka on globaali teknologiayritys, jonka p\u00e4\u00e4konttori on Hollannissa. NXP\u00ae on erikoistunut RFID:hen ja NFC:hen ja tarjoaa valikoiman tuotteita tietoturvaan, liitett\u00e4vyyteen ja sulautettuihin ratkaisuihin.<\/p>","protected":false},"featured_media":146362,"template":"","meta":{"_acf_changed":false},"product_brand":[],"product_cat":[4234,4224,1711],"product_tag":[4146,3074,3075],"class_list":{"0":"post-56897","1":"product","2":"type-product","3":"status-publish","4":"has-post-thumbnail","6":"product_cat-rfid-kort-magnet","7":"product_cat-rfid-kort-mifare1k-em4200-kombinerade","8":"product_cat-rfid-kort","9":"product_tag-nxp","10":"product_tag-rfid-kombination-em-mifare1k","11":"product_tag-rfid-magnetkort","12":"product_shipping_class-postnord-varubrev","13":"pa_brands-stonehouse-security","14":"pa_plastkort-teknik-kombi-em-mifare1k","15":"pa_plastkort-teknik-magnetkort","16":"tm-has-options","18":"first","19":"onbackorder","20":"sale","21":"featured","22":"taxable","23":"shipping-taxable","24":"purchasable","25":"product-type-simple"},"acf":[],"_links":{"self":[{"href":"https:\/\/secureus.se\/fi\/wp-json\/wp\/v2\/product\/56897","targetHints":{"allow":["GET"]}}],"collection":[{"href":"https:\/\/secureus.se\/fi\/wp-json\/wp\/v2\/product"}],"about":[{"href":"https:\/\/secureus.se\/fi\/wp-json\/wp\/v2\/types\/product"}],"wp:featuredmedia":[{"embeddable":true,"href":"https:\/\/secureus.se\/fi\/wp-json\/wp\/v2\/media\/146362"}],"wp:attachment":[{"href":"https:\/\/secureus.se\/fi\/wp-json\/wp\/v2\/media?parent=56897"}],"wp:term":[{"taxonomy":"product_brand","embeddable":true,"href":"https:\/\/secureus.se\/fi\/wp-json\/wp\/v2\/product_brand?post=56897"},{"taxonomy":"product_cat","embeddable":true,"href":"https:\/\/secureus.se\/fi\/wp-json\/wp\/v2\/product_cat?post=56897"},{"taxonomy":"product_tag","embeddable":true,"href":"https:\/\/secureus.se\/fi\/wp-json\/wp\/v2\/product_tag?post=56897"}],"curies":[{"name":"wp","href":"https:\/\/api.w.org\/{rel}","templated":true}]}}