{"id":56902,"date":"2022-03-10T16:20:00","date_gmt":"2022-03-10T15:20:00","guid":{"rendered":"https:\/\/secureus.se\/produkt\/indikering-orange-programmerbar-funktion\/"},"modified":"2025-12-31T19:47:32","modified_gmt":"2025-12-31T18:47:32","slug":"indikering-led-lampa-orange","status":"publish","type":"product","link":"https:\/\/secureus.se\/fi\/indikering-led-lampa-orange\/","title":{"rendered":"Merkkivalo LED-valo Oranssi \u2013 Ohjelmoitava toiminto"},"content":{"rendered":"<h1>Merkkivalo LED-lamppu Oranssi SOW-300 Orange \u2013 LED-lamppu turvasovelluksiin<\/h1>\n<p>SATELin SOW-300 Orange on korkealaatuinen LED-lamppu, joka on suunniteltu sis\u00e4k\u00e4ytt\u00f6\u00f6n turva- ja varoitusj\u00e4rjestelmiss\u00e4.<\/p>\n<p>Nelj\u00e4ll\u00e4 eri signalointimoodilla se tarjoaa joustavuutta ja selkeytt\u00e4 eri sovelluksiin.<\/p>\n<p>Vankka ja kompakti rakenne tekee SOW-300:sta t\u00e4ydellisen h\u00e4lytyksen ilmaisuun, paniikkih\u00e4lytyksiin, vammaisten wc-tiloihin ja muihin turvallisuusvaatimuksiin.<\/p>\n<p>Peukalokytkimen ansiosta voit luottaa siihen, ett\u00e4 asennus on suojattu luvattomalta k\u00e4yt\u00f6lt\u00e4.<\/p>\n<p><strong>Ominaisuudet ja edut<\/strong><\/p>\n<ul>\n<li><strong>Ohjelmoitavat signaalit:<\/strong> Valitse tasainen valo, nopea vilkkuminen, hidas vilkkuminen tai kaksi v\u00e4l\u00e4hdyst\u00e4, jota seuraa tauko.<\/li>\n<li><strong>Korkea n\u00e4kyvyys:<\/strong> Superkirkkaat LEDit takaavat selke\u00e4t varoitukset.<\/li>\n<li><strong>Peukalointisuojaus:<\/strong> Sis\u00e4\u00e4nrakennettu peukalointikytkin tarjoaa lis\u00e4turvaa.<\/li>\n<li><strong>Energiatehokas:<\/strong> Pieni virrankulutus (44 mA).<\/li>\n<li><strong>K\u00e4ytt\u00e4j\u00e4yst\u00e4v\u00e4llinen:<\/strong> Helppo asentaa ja liitt\u00e4\u00e4 h\u00e4lytysj\u00e4rjestelm\u00e4\u00e4n.<\/li>\n<\/ul>\n<p><strong>Tekniset tiedot LED-lamppu Oranssi:<\/strong><\/p>\n<ul>\n<li>J\u00e4nnite: 12V DC \u00b115%<\/li>\n<li>Suurin virrankulutus: 44 mA<\/li>\n<li>K\u00e4ytt\u00f6l\u00e4mp\u00f6tila: -10 - +55 \u00b0C<\/li>\n<li>Mitat: \u00d8 97 x 37 mm<\/li>\n<li>Paino: 50g<\/li>\n<\/ul>\n<p><strong>K\u00e4ytt\u00f6alueet:<\/strong><br \/>\nSOW-300 on ihanteellinen sovelluksiin, joissa visuaalinen osoitus on ratkaisevan t\u00e4rke\u00e4\u00e4, mukaan lukien h\u00e4lytykset, h\u00e4t\u00e4tilanteet ja turvallisuusvaroitukset.<\/p>\n<p>Varmista, ett\u00e4 turvaasennuksesi ovat sek\u00e4 luotettavia ett\u00e4 tehokkaita SATELin SOW-300 Orangen avulla.<\/p>","protected":false},"excerpt":{"rendered":"<p><strong>SOW-300 Orange \u2013 LED-lamppu ohjelmoitavalla toiminnolla<\/strong><\/p>\n<p>Saat selke\u00e4t ja joustavat h\u00e4lytysilmoitukset SOW-300:lla.<\/p>\n<p>Siin\u00e4 on nelj\u00e4 signalointitilaa, peukalointikytkin ja kompakti rakenne sis\u00e4k\u00e4ytt\u00f6\u00f6n.<\/p>\n<p>T\u00e4ydellinen tietoturvasovelluksiin!<\/p>","protected":false},"featured_media":145131,"template":"","meta":{"_acf_changed":false},"product_brand":[],"product_cat":[1562],"product_tag":[2266,2261,2420],"class_list":{"0":"post-56902","1":"product","2":"type-product","3":"status-publish","4":"has-post-thumbnail","6":"product_cat-larmdon-blixtljus","7":"product_tag-larmdon-blixtljus-blixtljus-i-samma-enhet","8":"product_tag-larmdon-indikering-summer","9":"product_tag-rel-larmdonblixt","10":"product_shipping_class-postnord-varubrev","11":"pa_brands-satel","12":"pa_farg-gul","13":"pa_sakerhetssystem-larmtillbehor-elektronik","14":"tm-no-options","16":"first","17":"instock","18":"sale","19":"featured","20":"taxable","21":"shipping-taxable","22":"purchasable","23":"product-type-simple"},"acf":[],"_links":{"self":[{"href":"https:\/\/secureus.se\/fi\/wp-json\/wp\/v2\/product\/56902","targetHints":{"allow":["GET"]}}],"collection":[{"href":"https:\/\/secureus.se\/fi\/wp-json\/wp\/v2\/product"}],"about":[{"href":"https:\/\/secureus.se\/fi\/wp-json\/wp\/v2\/types\/product"}],"wp:featuredmedia":[{"embeddable":true,"href":"https:\/\/secureus.se\/fi\/wp-json\/wp\/v2\/media\/145131"}],"wp:attachment":[{"href":"https:\/\/secureus.se\/fi\/wp-json\/wp\/v2\/media?parent=56902"}],"wp:term":[{"taxonomy":"product_brand","embeddable":true,"href":"https:\/\/secureus.se\/fi\/wp-json\/wp\/v2\/product_brand?post=56902"},{"taxonomy":"product_cat","embeddable":true,"href":"https:\/\/secureus.se\/fi\/wp-json\/wp\/v2\/product_cat?post=56902"},{"taxonomy":"product_tag","embeddable":true,"href":"https:\/\/secureus.se\/fi\/wp-json\/wp\/v2\/product_tag?post=56902"}],"curies":[{"name":"wp","href":"https:\/\/api.w.org\/{rel}","templated":true}]}}