{"id":56906,"date":"2022-03-10T16:20:00","date_gmt":"2022-03-10T15:20:00","guid":{"rendered":"https:\/\/secureus.se\/produkt\/oppnaknapp-12-24-v-beroringsfri-std\/"},"modified":"2026-03-29T09:37:13","modified_gmt":"2026-03-29T07:37:13","slug":"oppnaknapp-12-24-v-beroringsfri-std","status":"publish","type":"product","link":"https:\/\/secureus.se\/fi\/oppnaknapp-12-24-v-beroringsfri-std\/","title":{"rendered":"Avain Easy 12-24V - Kosketukseton K4, IP67, S\u00e4\u00e4dett\u00e4v\u00e4 aika ja et\u00e4isyys."},"content":{"rendered":"<p data-start=\"915\" data-end=\"1156\"><strong data-start=\"915\" data-end=\"964\">Avauspainike Helppo 12\u201324 V:n kontaktiton (vakio) K4<\/strong> on hygieeninen ja kest\u00e4v\u00e4 ratkaisu ovien ja kulunvalvontaan.<br data-start=\"1037\" data-end=\"1040\" \/>Painike aktivoituu t\u00e4ysin ilman fyysist\u00e4 kosketusta \u2013 3\u201315 cm:n k\u00e4denliike anturin edess\u00e4 riitt\u00e4\u00e4 laukaisemaan releen.<\/p>\n<p data-start=\"1158\" data-end=\"1309\">Suunniteltu minimoimaan kulumista ja infektioiden levi\u00e4mist\u00e4, ja sopii erityisesti vilkkaasti liikenn\u00f6ityihin ymp\u00e4rist\u00f6ihin, kuten sairaaloihin, toimistoihin, kouluihin ja kerrostaloihin.<\/p>\n<p data-start=\"1311\" data-end=\"1526\">The <strong data-start=\"1315\" data-end=\"1352\">s\u00e4\u00e4dett\u00e4v\u00e4 herkkyys (3\u201315 cm)<\/strong> ja <strong data-start=\"1357\" data-end=\"1389\">s\u00e4\u00e4dett\u00e4v\u00e4 releaika (0\u201330 s)<\/strong> mik\u00e4 tekee siit\u00e4 joustavan erilaisiin asennuksiin.<br data-start=\"1432\" data-end=\"1435\" \/>Painikkeessa on selke\u00e4 LED-merkkivalo: <strong data-start=\"1473\" data-end=\"1495\">punainen valmiustilassa<\/strong> ja <strong data-start=\"1500\" data-end=\"1523\">vihre\u00e4, kun aktivoitu<\/strong>.<\/p>\n<p data-start=\"1528\" data-end=\"1666\">Kotelo on valmistettu kest\u00e4v\u00e4st\u00e4 <strong data-start=\"1562\" data-end=\"1580\">PC + ABS-muovi<\/strong>, kanssa <strong data-start=\"1586\" data-end=\"1609\">valettua elektroniikkaa<\/strong> pitk\u00e4 k\u00e4ytt\u00f6ik\u00e4 ja suojaus kosteutta ja p\u00f6ly\u00e4 vastaan (IP67).<\/p>\n<h3 data-start=\"1668\" data-end=\"1703\"><strong data-start=\"1675\" data-end=\"1703\">Tekniset tiedot<\/strong><\/h3>\n<div class=\"_tableContainer_1rjym_1\">\n<div class=\"group _tableWrapper_1rjym_13 flex w-fit flex-col-reverse\">\n<table class=\"w-fit min-w-(--thread-content-width)\" data-start=\"1704\" data-end=\"2237\">\n<thead data-start=\"1704\" data-end=\"1724\">\n<tr data-start=\"1704\" data-end=\"1724\">\n<th data-start=\"1704\" data-end=\"1715\" data-col-size=\"sm\">Kiinteist\u00f6<\/th>\n<th data-start=\"1715\" data-end=\"1724\" data-col-size=\"sm\">Arvo<\/th>\n<\/tr>\n<\/thead>\n<tbody data-start=\"1748\" data-end=\"2237\">\n<tr data-start=\"1748\" data-end=\"1773\">\n<td data-start=\"1748\" data-end=\"1759\" data-col-size=\"sm\">J\u00e4nnite<\/td>\n<td data-start=\"1759\" data-end=\"1773\" data-col-size=\"sm\">12\u201324 V tasavirta<\/td>\n<\/tr>\n<tr data-start=\"1774\" data-end=\"1804\">\n<td data-start=\"1774\" data-end=\"1787\" data-col-size=\"sm\">Relel\u00e4ht\u00f6<\/td>\n<td data-start=\"1787\" data-end=\"1804\" data-col-size=\"sm\">EI \/ NC \/ COM<\/td>\n<\/tr>\n<tr data-start=\"1805\" data-end=\"1831\">\n<td data-start=\"1805\" data-end=\"1824\" data-col-size=\"sm\">Virrankulutus<\/td>\n<td data-start=\"1824\" data-end=\"1831\" data-col-size=\"sm\">Matala<\/td>\n<\/tr>\n<tr data-start=\"1832\" data-end=\"1877\">\n<td data-start=\"1832\" data-end=\"1853\" data-col-size=\"sm\">Herkkyyset\u00e4isyys<\/td>\n<td data-start=\"1853\" data-end=\"1877\" data-col-size=\"sm\">3\u201315 cm (s\u00e4\u00e4dett\u00e4v\u00e4)<\/td>\n<\/tr>\n<tr data-start=\"1878\" data-end=\"1918\">\n<td data-start=\"1878\" data-end=\"1896\" data-col-size=\"sm\">Aikaviive<\/td>\n<td data-start=\"1896\" data-end=\"1918\" data-col-size=\"sm\">0\u201330 s (s\u00e4\u00e4dett\u00e4v\u00e4)<\/td>\n<\/tr>\n<tr data-start=\"1919\" data-end=\"1958\">\n<td data-start=\"1919\" data-end=\"1931\" data-col-size=\"sm\">El\u00e4m\u00e4<\/td>\n<td data-start=\"1931\" data-end=\"1958\" data-col-size=\"sm\">noin 500 000 aktivointia<\/td>\n<\/tr>\n<tr data-start=\"1959\" data-end=\"2003\">\n<td data-start=\"1959\" data-end=\"1970\" data-col-size=\"sm\">Materiaali<\/td>\n<td data-start=\"1970\" data-end=\"2003\" data-col-size=\"sm\">PC + ABS, valettu elektroniikka<\/td>\n<\/tr>\n<tr data-start=\"2004\" data-end=\"2030\">\n<td data-start=\"2004\" data-end=\"2011\" data-col-size=\"sm\">Mitata<\/td>\n<td data-start=\"2011\" data-end=\"2030\" data-col-size=\"sm\">86 \u00d7 86 \u00d7 20 mm<\/td>\n<\/tr>\n<tr data-start=\"2031\" data-end=\"2047\">\n<td data-start=\"2031\" data-end=\"2038\" data-col-size=\"sm\">Paino<\/td>\n<td data-start=\"2038\" data-end=\"2047\" data-col-size=\"sm\">122 g<\/td>\n<\/tr>\n<tr data-start=\"2048\" data-end=\"2070\">\n<td data-start=\"2048\" data-end=\"2062\" data-col-size=\"sm\">Suojausluokka<\/td>\n<td data-start=\"2062\" data-end=\"2070\" data-col-size=\"sm\">IP67<\/td>\n<\/tr>\n<tr data-start=\"2071\" data-end=\"2123\">\n<td data-start=\"2071\" data-end=\"2088\" data-col-size=\"sm\">LED-merkkivalo<\/td>\n<td data-col-size=\"sm\" data-start=\"2088\" data-end=\"2123\">Punainen = valmiustila, vihre\u00e4 = aktiivinen<\/td>\n<\/tr>\n<tr data-start=\"2124\" data-end=\"2165\">\n<td data-start=\"2124\" data-end=\"2143\" data-col-size=\"sm\">K\u00e4ytt\u00f6l\u00e4mp\u00f6tila<\/td>\n<td data-col-size=\"sm\" data-start=\"2143\" data-end=\"2165\">\u221220 \u00b0C - +55 \u00b0C<\/td>\n<\/tr>\n<tr data-start=\"2166\" data-end=\"2210\">\n<td data-start=\"2166\" data-end=\"2182\" data-col-size=\"sm\">Kosteus<\/td>\n<td data-col-size=\"sm\" data-start=\"2182\" data-end=\"2210\">0\u201395 % suhteellinen kosteus (ei tiivistyv\u00e4)<\/td>\n<\/tr>\n<tr data-start=\"2211\" data-end=\"2237\">\n<td data-start=\"2211\" data-end=\"2224\" data-col-size=\"sm\">Todistus<\/td>\n<td data-col-size=\"sm\" data-start=\"2224\" data-end=\"2237\">CE\/ROHS<\/td>\n<\/tr>\n<\/tbody>\n<\/table>\n<\/div>\n<\/div>\n<h3 data-start=\"2239\" data-end=\"2258\"><strong data-start=\"2246\" data-end=\"2258\">Edut<\/strong><\/h3>\n<ul data-start=\"2259\" data-end=\"2603\">\n<li data-start=\"2259\" data-end=\"2318\">\n<p data-start=\"2261\" data-end=\"2318\">T\u00e4ysin <strong data-start=\"2266\" data-end=\"2293\">kosketusvapaa aktivointi<\/strong> \u2013 minimoi tartuntariski\u00e4<\/p>\n<\/li>\n<li data-start=\"2319\" data-end=\"2381\">\n<p data-start=\"2321\" data-end=\"2381\"><strong data-start=\"2321\" data-end=\"2353\">S\u00e4\u00e4dett\u00e4v\u00e4 herkkyys ja aika<\/strong> joustavaa asennusta varten<\/p>\n<\/li>\n<li data-start=\"2382\" data-end=\"2414\">\n<p data-start=\"2384\" data-end=\"2414\"><strong data-start=\"2384\" data-end=\"2392\">IP67<\/strong> \u2013 kest\u00e4\u00e4 p\u00f6ly\u00e4 ja kosteutta<\/p>\n<\/li>\n<li data-start=\"2415\" data-end=\"2465\">\n<p data-start=\"2417\" data-end=\"2465\">Pitk\u00e4 k\u00e4ytt\u00f6ik\u00e4 (jopa 500 000 aktivointia)<\/p>\n<\/li>\n<li data-start=\"2466\" data-end=\"2503\">\n<p data-start=\"2468\" data-end=\"2503\">Helppo asennus 12\u201324 V DC:n j\u00e4nnitteell\u00e4<\/p>\n<\/li>\n<li data-start=\"2504\" data-end=\"2543\">\n<p data-start=\"2506\" data-end=\"2543\">Visuaalinen palaute LED-valojen kautta (punainen\/vihre\u00e4)<\/p>\n<\/li>\n<li data-start=\"2544\" data-end=\"2603\">\n<p data-start=\"2546\" data-end=\"2603\">Sopii useimpiin kulunvalvonta- ja lukitusj\u00e4rjestelmiin<\/p>\n<\/li>\n<\/ul>\n<h3 data-start=\"2605\" data-end=\"2634\"><strong data-start=\"2612\" data-end=\"2634\">K\u00e4ytt\u00f6alueet<\/strong><\/h3>\n<ul data-start=\"2635\" data-end=\"2776\">\n<li data-start=\"2635\" data-end=\"2669\">\n<p data-start=\"2637\" data-end=\"2669\">Kulunvalvonta ja ovenavaaja<\/p>\n<\/li>\n<li data-start=\"2670\" data-end=\"2705\">\n<p data-start=\"2672\" data-end=\"2705\">Julkiset rakennukset ja toimistot<\/p>\n<\/li>\n<li data-start=\"2706\" data-end=\"2737\">\n<p data-start=\"2708\" data-end=\"2737\">Hissit, sis\u00e4\u00e4nk\u00e4ynnit, k\u00e4yt\u00e4v\u00e4t<\/p>\n<\/li>\n<li data-start=\"2738\" data-end=\"2776\">\n<p data-start=\"2740\" data-end=\"2776\">Ymp\u00e4rist\u00f6t, joissa hygienia on erityisen t\u00e4rke\u00e4\u00e4<\/p>\n<\/li>\n<\/ul>","protected":false},"excerpt":{"rendered":"<p>Kosketukseton avauspainike kompaktissa muodossa (86\u00d786\u00d720 mm), et\u00e4isyys s\u00e4\u00e4dett\u00e4viss\u00e4 3-15 cm ja viive 0-30 s.<br data-start=\"704\" data-end=\"707\" \/>IP67-luokiteltu ja rakennettu ammattimaiseen kulunvalvontaan ja ovij\u00e4rjestelmiin.<br data-start=\"780\" data-end=\"783\" \/>Toimii 12-24 V DC:ll\u00e4 ja siin\u00e4 on NO\/NC\/COM-rele. LED-merkkivalo vaihtuu punaisen ja vihre\u00e4n v\u00e4lill\u00e4.<\/p>","protected":false},"featured_media":159132,"template":"","meta":{"_acf_changed":false},"product_brand":[],"product_cat":[4867],"product_tag":[3068,2937,2958],"class_list":{"0":"post-56906","1":"product","2":"type-product","3":"status-publish","4":"has-post-thumbnail","6":"product_cat-oppnaknappar-kategorier","7":"product_tag-oppnaknapp-beroringsfria","8":"product_tag-oppnaknappar","9":"product_tag-stonehouse-produkt","10":"product_shipping_class-postnord-varubrev","11":"pa_brands-stonehouse-security","12":"pa_sakerhetssystem-larmtillbehor-elektronik","13":"tm-no-options","15":"first","16":"instock","17":"sale","18":"featured","19":"taxable","20":"shipping-taxable","21":"purchasable","22":"product-type-simple"},"acf":[],"_links":{"self":[{"href":"https:\/\/secureus.se\/fi\/wp-json\/wp\/v2\/product\/56906","targetHints":{"allow":["GET"]}}],"collection":[{"href":"https:\/\/secureus.se\/fi\/wp-json\/wp\/v2\/product"}],"about":[{"href":"https:\/\/secureus.se\/fi\/wp-json\/wp\/v2\/types\/product"}],"wp:featuredmedia":[{"embeddable":true,"href":"https:\/\/secureus.se\/fi\/wp-json\/wp\/v2\/media\/159132"}],"wp:attachment":[{"href":"https:\/\/secureus.se\/fi\/wp-json\/wp\/v2\/media?parent=56906"}],"wp:term":[{"taxonomy":"product_brand","embeddable":true,"href":"https:\/\/secureus.se\/fi\/wp-json\/wp\/v2\/product_brand?post=56906"},{"taxonomy":"product_cat","embeddable":true,"href":"https:\/\/secureus.se\/fi\/wp-json\/wp\/v2\/product_cat?post=56906"},{"taxonomy":"product_tag","embeddable":true,"href":"https:\/\/secureus.se\/fi\/wp-json\/wp\/v2\/product_tag?post=56906"}],"curies":[{"name":"wp","href":"https:\/\/api.w.org\/{rel}","templated":true}]}}