{"id":56907,"date":"2022-03-10T16:20:00","date_gmt":"2022-03-10T15:20:00","guid":{"rendered":"https:\/\/secureus.se\/produkt\/oppnaknapp-12-24-v-beroringsfri-sp\/"},"modified":"2026-02-02T14:34:26","modified_gmt":"2026-02-02T13:34:26","slug":"oppnaknapp-12-24-v-beroringsfri-sp","status":"publish","type":"product","link":"https:\/\/secureus.se\/fi\/oppnaknapp-12-24-v-beroringsfri-sp\/","title":{"rendered":"Avauspainike Easy 12-24 V kontaktiton (ohut) K3"},"content":{"rendered":"<h1>Avauspainike Easy 12-24 V kontaktiton (ohut)<\/h1>\n<p>T\u00e4m\u00e4 kosketusvapaa painike on joustava ja tehokas ratkaisu, joka v\u00e4hent\u00e4\u00e4 kosketusta pintojen kanssa ja v\u00e4hent\u00e4\u00e4 siten tartunnan levi\u00e4misriski\u00e4. Koko 86L55<em>W<\/em>20H mm, se on kompakti ja helppo sijoittaa erilaisiin ymp\u00e4rist\u00f6ihin.<\/p>\n<p>DC12-24V virtal\u00e4hteell\u00e4 se on monipuolinen ja voidaan liitt\u00e4\u00e4 useisiin virtal\u00e4hteisiin.<\/p>\n<p>Sen l\u00e4ht\u00f6kosketin voidaan konfiguroida NO (normaalisti auki), NC (normaalisti suljettu) tai COM (yleinen) eri k\u00e4ytt\u00f6tarpeiden mukaan.<\/p>\n<p>Kosketusherkk\u00e4 et\u00e4isyys on s\u00e4\u00e4dett\u00e4viss\u00e4 v\u00e4lill\u00e4 5-20 cm, mik\u00e4 mahdollistaa sen mukauttamisen eri k\u00e4ytt\u00e4jien tarpeisiin. Aikaviivett\u00e4 voidaan my\u00f6s s\u00e4\u00e4t\u00e4\u00e4 v\u00e4lill\u00e4 0-30 sekuntia eri tilanteisiin sopivaksi.<\/p>\n<p>LED-merkkivalo n\u00e4ytt\u00e4\u00e4 selke\u00e4sti laitteen tilan, ja punainen valmiusvalo ja vihre\u00e4 vastausvalo. LED-valojen v\u00e4rit voidaan r\u00e4\u00e4t\u00e4l\u00f6id\u00e4 haluamallasi tavalla.<\/p>\n<p>T\u00e4m\u00e4 painike on valmistettu kest\u00e4v\u00e4st\u00e4 ABS-materiaalista, joten se on sek\u00e4 tukeva ett\u00e4 luotettava pitk\u00e4aikaiseen k\u00e4ytt\u00f6\u00f6n. Sen paneelilogo on my\u00f6s muokattavissa erilaisiin br\u00e4nditarpeisiin ja ymp\u00e4rist\u00f6ihin.<\/p>\n<p><u>Nyt sis\u00e4\u00e4nrakennettu elektroniikka ja s\u00e4\u00e4dett\u00e4v\u00e4 aika.<\/u><\/p>\n<p>Mitat: 86 x 55 x 20 (mm)<\/p>\n<p>Ymp\u00e4rist\u00f6: IP67<\/p>\n<p>Materiaali: PC + ABS<\/p>\n<p>Teho: DC 12\/24V<\/p>\n<p>Kytkent\u00e4rele: NO \/ NC \/ COM<\/p>\n<p>Mekaaninen k\u00e4ytt\u00f6ik\u00e4: 500 000 kertaa<\/p>\n<p>K\u00e4ytt\u00f6l\u00e4mp\u00f6tila: -20 \/ + 55 C<\/p>\n<p>Kosteus: 0-95% (suhteellinen kosteus)<\/p>\n<p>Herkkyyset\u00e4isyys: 3-15 cm (s\u00e4\u00e4dett\u00e4v\u00e4)<\/p>\n<p>Releen aukioloaika: 0-30s (s\u00e4\u00e4dett\u00e4v\u00e4)<\/p>\n<p>LED-merkkivalo: Punainen LED (ei vaikuta) ja vihre\u00e4 kosketettaessa.<\/p>\n<p>Paino: 83 g<\/p>","protected":false},"excerpt":{"rendered":"<p>Painike \/ ovien tai muiden toimintojen avauspainikkeet - Kontaktiton, joten pintaa ei tarvita<\/p>","protected":false},"featured_media":144968,"template":"","meta":{"_acf_changed":false},"product_brand":[],"product_cat":[4867],"product_tag":[3068,2937,2958],"class_list":{"0":"post-56907","1":"product","2":"type-product","3":"status-publish","4":"has-post-thumbnail","6":"product_cat-oppnaknappar-kategorier","7":"product_tag-oppnaknapp-beroringsfria","8":"product_tag-oppnaknappar","9":"product_tag-stonehouse-produkt","10":"product_shipping_class-postnord-varubrev","11":"pa_brands-stonehouse-security","12":"pa_sakerhetssystem-larmtillbehor-elektronik","13":"tm-no-options","15":"first","16":"instock","17":"sale","18":"featured","19":"taxable","20":"shipping-taxable","21":"purchasable","22":"product-type-simple"},"acf":[],"_links":{"self":[{"href":"https:\/\/secureus.se\/fi\/wp-json\/wp\/v2\/product\/56907","targetHints":{"allow":["GET"]}}],"collection":[{"href":"https:\/\/secureus.se\/fi\/wp-json\/wp\/v2\/product"}],"about":[{"href":"https:\/\/secureus.se\/fi\/wp-json\/wp\/v2\/types\/product"}],"wp:featuredmedia":[{"embeddable":true,"href":"https:\/\/secureus.se\/fi\/wp-json\/wp\/v2\/media\/144968"}],"wp:attachment":[{"href":"https:\/\/secureus.se\/fi\/wp-json\/wp\/v2\/media?parent=56907"}],"wp:term":[{"taxonomy":"product_brand","embeddable":true,"href":"https:\/\/secureus.se\/fi\/wp-json\/wp\/v2\/product_brand?post=56907"},{"taxonomy":"product_cat","embeddable":true,"href":"https:\/\/secureus.se\/fi\/wp-json\/wp\/v2\/product_cat?post=56907"},{"taxonomy":"product_tag","embeddable":true,"href":"https:\/\/secureus.se\/fi\/wp-json\/wp\/v2\/product_tag?post=56907"}],"curies":[{"name":"wp","href":"https:\/\/api.w.org\/{rel}","templated":true}]}}