{"id":56929,"date":"2022-03-10T16:16:00","date_gmt":"2022-03-10T15:16:00","guid":{"rendered":"https:\/\/secureus.se\/produkt\/tagg-abs-pro-mifare-desfire-ev2-farg-svart-minnestorlek-4k\/"},"modified":"2026-03-27T14:29:48","modified_gmt":"2026-03-27T13:29:48","slug":"tagg-desfire-ev2-svart-4k-pro","status":"publish","type":"product","link":"https:\/\/secureus.se\/fi\/tagg-desfire-ev2-svart-4k-pro\/","title":{"rendered":"Tag DESFire\u00ae EV2 4K Black \u2013 Pro"},"content":{"rendered":"<h1><strong>Tag Mifare DESFire \u2013 Korkeampi tietoturva\u00a0<\/strong><\/h1>\n<h3>T\u00e4m\u00e4 tunniste toimii j\u00e4rjestelmiss\u00e4, jotka k\u00e4ytt\u00e4v\u00e4t DESFire-tekniikkaa.<\/h3>\n<p><span style=\"text-decoration: underline\"><strong>RCO, Bewator\/Vanderbilt, Aptus, ASSA ARX, vierailijaj\u00e4rjestelm\u00e4 ja kirjautuminen.<\/strong><\/span><\/p>\n<p>Huomaa, ett\u00e4 tunnistetta ei ole ohjelmoitu RAID for RCO:lle, vaan se toimitetaan vakiosirun kanssa.<\/p>\n<p>&quot;ABS Pro&quot; Tag Mifare DESFire on luotu vastaamaan vaativimpiinkin turvallisuus- ja tunnistamistarpeisiin.<\/p>\n<p>Vankka ABS-materiaalista valmistettu rakenne ja ohut, vain 2,9 mm:n profiili tarjoavat t\u00e4ydellisen tasapainon kest\u00e4vyyden ja eleganssin v\u00e4lill\u00e4.<\/p>\n<p>Sen puhdas viimeistely tekee siit\u00e4 ihanteellisen vakionumeroiden kaiverrukseen tai logon sis\u00e4llytt\u00e4miseen joko kaiverretun tai v\u00e4rillisen viimeistelyn avulla.<\/p>\n<p>Tunnisteet sopivat kulkuj\u00e4rjestelmiin, vierailijaj\u00e4rjestelmiin, varausj\u00e4rjestelmiin, h\u00e4lyttimiin, autolaturiin, varastonhallintaan tai muihin sovelluksiin<\/p>\n<p>Tagg &quot;ABS Pro&quot; Tagg Mifare DESFire -sirun kanssa tarjoaa paremman turvallisuuden kuin Mifare Classic.<\/p>\n<p>Se on saatavana useissa Tagg Mifare DESFiren muunnelmissa ja voimme valmistaa sen my\u00f6s valitsemallasi sirulla.<\/p>\n<p>T\u00e4m\u00e4n p\u00e4iv\u00e4n standardit passer-tunnisteille ovat: EM4200, Mifare1k, yhdistelm\u00e4tunnisteet ja DESFire, riippumatta siit\u00e4, voimme r\u00e4\u00e4t\u00e4l\u00f6id\u00e4 tunnisteen sinulle.<\/p>\n<p>Ymm\u00e4rr\u00e4mme, kuinka t\u00e4rke\u00e4\u00e4 on toimittaa korkealaatuisia RFID-tunnisteita, jotka vastaavat t\u00e4m\u00e4n p\u00e4iv\u00e4n vaatimuksia ja odotuksia.<\/p>\n<p>Siksi pyrimme tarjoamaan parasta tekniikkaa ja yhteensopivuutta j\u00e4rjestelmienne turvallisuuden ja tehokkuuden parantamiseksi.<\/p>\n<p><strong><span style=\"text-decoration: underline\">R\u00e4\u00e4t\u00e4l\u00f6ity ainutlaatuisiin projekteihin \u2013 Tagg Mifare DESFire ABS Pro<\/span><\/strong><\/p>\n<p>RFID-tunnisteemme etuja ovat yhteensopivuus eri j\u00e4rjestelmien\/teknologioiden kanssa sek\u00e4 mahdollisuus r\u00e4\u00e4t\u00e4l\u00f6id\u00e4 tunnisteita ainutlaatuisia projekteja varten.<\/p>\n<p>Voimme ohjelmoida ja integroida erilaisia siruja vastaamaan erityisi\u00e4 sovellusvaatimuksia ja luoda r\u00e4\u00e4t\u00e4l\u00f6ityj\u00e4 ratkaisuja.<\/p>\n<p>Ota yhteytt\u00e4 jo t\u00e4n\u00e4\u00e4n keskustellaksesi projekti-ideoistasi ja saadaksesi r\u00e4\u00e4t\u00e4l\u00f6idyn RFID-tunnisteratkaisun tarpeisiisi.<\/p>\n<p><strong>Nopea toimitus ja aina varastossa \u2013 Tagg Mifare DESFire on saatavana eri versioina\u00a0<\/strong><\/p>\n<p>\u201cABS Pro\u201d RFID-avaimenper\u00e4 on aina varastossa yli 80 000 kappaletta 6 v\u00e4riss\u00e4 (punainen, sininen, valkoinen, musta, vihre\u00e4, keltainen) ja eri siruilla.<\/p>\n<p>Laserkoneidemme ja ohjelmistojemme avulla voit valita logon ja yksil\u00f6llisen numeron kaiverrukseen toimituksen kanssa 1-3 p\u00e4iv\u00e4n sis\u00e4ll\u00e4.<\/p>\n<p>Kuten aina! Tag Mifare DESFire alkuper\u00e4isell\u00e4 sirulla<a href=\"https:\/\/www.nxp.com\/\" rel=\"noopener\"> NXP<\/a><\/p>\n<p><strong>Sopii kaikkeen ja kaikille - Tagg Mifare DESFire<\/strong><\/p>\n<ul>\n<li>Pass-j\u00e4rjestelm\u00e4<\/li>\n<li>Vierailijaj\u00e4rjestelm\u00e4<\/li>\n<li>Varaus<\/li>\n<li>H\u00e4lytys ja turvaj\u00e4rjestelm\u00e4<\/li>\n<\/ul>\n<p><strong>&quot;ABS Pron&quot; edut - Tag Mifare DESFire<\/strong><\/p>\n<ul>\n<li>Vankka rakenne ABS-materiaalista<\/li>\n<li>Ohut profiili vain 2,9 mm<\/li>\n<li>Mahdollisuus kaivertaa vakionumero tai sis\u00e4llytt\u00e4\u00e4 logo<\/li>\n<li>Laaja valikoima siruvaihtoehtoja eri tarpeisiin ja aina varastossa.<\/li>\n<\/ul>\n<ul>\n<li>Laaja valikoima siruvaihtoehtoja eri tarpeisiin ja aina varastossa.<\/li>\n<\/ul>","protected":false},"excerpt":{"rendered":"<p>T\u00e4ss\u00e4 tuotteessa on NXP\u00ae:n sertifioitu siru, joka on maailmanlaajuinen teknologiayritys, jonka p\u00e4\u00e4konttori sijaitsee Alankomaissa. NXP\u00ae on erikoistunut RFID- ja NFC-tekniikoihin ja tarjoaa erilaisia tuotteita tietoturvan, liitett\u00e4vyyden ja sulautettujen ratkaisujen alalla. Huomaa, ett\u00e4 t\u00e4m\u00e4 tuote ei toimi esimerkiksi Yale-j\u00e4rjestelmien kanssa tai jos j\u00e4rjestelm\u00e4ss\u00e4si on rullaavia koodeja.<\/p>","protected":false},"featured_media":163673,"template":"","meta":{"_acf_changed":false},"product_brand":[],"product_cat":[1340,4789],"product_tag":[2314,3137,3136,2074,4806,4146,2095,2958],"class_list":{"0":"post-56929","1":"product","2":"type-product","3":"status-publish","4":"has-post-thumbnail","6":"product_cat-rfid-tagg-abs-pro","7":"product_cat-desfire-4k-tagg","8":"product_tag-desfire-lop-logo","9":"product_tag-desfire-ev2-4k","10":"product_tag-desfire-taggar-kort","11":"product_tag-ej-lagerfraga","12":"product_tag-fungerar-ej-till-yale","13":"product_tag-nxp","14":"product_tag-rfid-500","15":"product_tag-stonehouse-produkt","16":"product_shipping_class-postnord-varubrev","17":"pa_brands-stonehouse-security","18":"pa_chip-teknik-mifare-desfire-4k-minne","19":"pa_farg-svart","20":"pa_sakerhetssystem-rfid-taggar","21":"tm-has-options","23":"first","24":"instock","25":"sale","26":"featured","27":"taxable","28":"shipping-taxable","29":"purchasable","30":"product-type-simple"},"acf":[],"_links":{"self":[{"href":"https:\/\/secureus.se\/fi\/wp-json\/wp\/v2\/product\/56929","targetHints":{"allow":["GET"]}}],"collection":[{"href":"https:\/\/secureus.se\/fi\/wp-json\/wp\/v2\/product"}],"about":[{"href":"https:\/\/secureus.se\/fi\/wp-json\/wp\/v2\/types\/product"}],"wp:featuredmedia":[{"embeddable":true,"href":"https:\/\/secureus.se\/fi\/wp-json\/wp\/v2\/media\/163673"}],"wp:attachment":[{"href":"https:\/\/secureus.se\/fi\/wp-json\/wp\/v2\/media?parent=56929"}],"wp:term":[{"taxonomy":"product_brand","embeddable":true,"href":"https:\/\/secureus.se\/fi\/wp-json\/wp\/v2\/product_brand?post=56929"},{"taxonomy":"product_cat","embeddable":true,"href":"https:\/\/secureus.se\/fi\/wp-json\/wp\/v2\/product_cat?post=56929"},{"taxonomy":"product_tag","embeddable":true,"href":"https:\/\/secureus.se\/fi\/wp-json\/wp\/v2\/product_tag?post=56929"}],"curies":[{"name":"wp","href":"https:\/\/api.w.org\/{rel}","templated":true}]}}