{"id":56962,"date":"2022-03-10T16:01:00","date_gmt":"2022-03-10T15:01:00","guid":{"rendered":"https:\/\/secureus.se\/produkt\/armband-silikon-fast-em4200-storlek-65-mm-medium\/"},"modified":"2025-12-31T19:45:02","modified_gmt":"2025-12-31T18:45:02","slug":"rfid-armband-silikon-fast-em4200-storlek-65-mm-medium","status":"publish","type":"product","link":"https:\/\/secureus.se\/fi\/rfid-armband-silikon-fast-em4200-storlek-65-mm-medium\/","title":{"rendered":"RFID-ranneke EM4200 \u2013 keskikokoinen, sininen, 65 mm"},"content":{"rendered":"<p>RFID-rannerenkaitamme on saatavana eri kokoisina ja v\u00e4rein\u00e4. Voit my\u00f6s valita, mink\u00e4 tekniikan haluat kiinnitt\u00e4\u00e4 rannekoruun. Jos haluat kaiverretun numeron, ota meihin yhteytt\u00e4 ennen tilaamista. Meill\u00e4 on monia muita versioita rannekoruista, joten voit aina ottaa meihin yhteytt\u00e4 parhaan hinnan saamiseksi mallista riippumatta.<\/p>","protected":false},"excerpt":{"rendered":"<p>Rannekoruja voi tilata mink\u00e4 tahansa v\u00e4risen\u00e4 minimitilausarvolla 100 kpl. Ota yhteytt\u00e4 parhaan hinnan saamiseksi.<\/p>","protected":false},"featured_media":145513,"template":"","meta":{"_acf_changed":false},"product_brand":[],"product_cat":[1849],"product_tag":[2958],"class_list":{"0":"post-56962","1":"product","2":"type-product","3":"status-publish","4":"has-post-thumbnail","6":"product_cat-rfid-armband","7":"product_tag-stonehouse-produkt","8":"product_shipping_class-postnord-varubrev","9":"pa_brands-stonehouse-security","10":"pa_rfid-armband-farg-bla","11":"pa_rfid-armband-modell-fast-storlek-small-55-mm","12":"pa_rfid-armband-teknik-em4200","13":"pa_storlek-medium","14":"tm-has-options","16":"first","17":"instock","18":"sale","19":"featured","20":"taxable","21":"shipping-taxable","22":"purchasable","23":"product-type-simple"},"acf":[],"_links":{"self":[{"href":"https:\/\/secureus.se\/fi\/wp-json\/wp\/v2\/product\/56962","targetHints":{"allow":["GET"]}}],"collection":[{"href":"https:\/\/secureus.se\/fi\/wp-json\/wp\/v2\/product"}],"about":[{"href":"https:\/\/secureus.se\/fi\/wp-json\/wp\/v2\/types\/product"}],"wp:featuredmedia":[{"embeddable":true,"href":"https:\/\/secureus.se\/fi\/wp-json\/wp\/v2\/media\/145513"}],"wp:attachment":[{"href":"https:\/\/secureus.se\/fi\/wp-json\/wp\/v2\/media?parent=56962"}],"wp:term":[{"taxonomy":"product_brand","embeddable":true,"href":"https:\/\/secureus.se\/fi\/wp-json\/wp\/v2\/product_brand?post=56962"},{"taxonomy":"product_cat","embeddable":true,"href":"https:\/\/secureus.se\/fi\/wp-json\/wp\/v2\/product_cat?post=56962"},{"taxonomy":"product_tag","embeddable":true,"href":"https:\/\/secureus.se\/fi\/wp-json\/wp\/v2\/product_tag?post=56962"}],"curies":[{"name":"wp","href":"https:\/\/api.w.org\/{rel}","templated":true}]}}