{"id":56986,"date":"2022-03-10T15:57:00","date_gmt":"2022-03-10T14:57:00","guid":{"rendered":"https:\/\/secureus.se\/produkt\/ackumulator-batteri-12v-1-2-ah\/"},"modified":"2026-04-02T11:14:42","modified_gmt":"2026-04-02T09:14:42","slug":"agm-batteri-12v-12ah-2","status":"publish","type":"product","link":"https:\/\/secureus.se\/fi\/agm-batteri-12v-12ah-2\/","title":{"rendered":"Akku 12 V 1,2 Ah Pro-versio"},"content":{"rendered":"<h1>AGM-akku 12V 1,2Ah 12V<\/h1>\n<p>Huoltovapaa h\u00e4lytysakku varavirtaan h\u00e4lytysj\u00e4rjestelmiss\u00e4, 12 volttia, 1,2 Ah<\/p>\n<p>P = 97 mm, L = 42 mm, K = 52 mm<\/p>\n<p>Paino 0,55 kg<\/p>\n<p>Paristoilla on keskeinen rooli turva- ja h\u00e4lytysj\u00e4rjestelmiss\u00e4, joissa luotettava virransy\u00f6tt\u00f6 on \u00e4\u00e4rimm\u00e4isen t\u00e4rke\u00e4\u00e4. Markkinoiden eri vaihtoehtojen joukossa AGM (Absorbent Glass Mat) -akut ovat vakiinnutuneet luotettavana ja laadukkaana ratkaisuna t\u00e4llaisiin sovelluksiin.<\/p>\n<p>AGM-akut k\u00e4ytt\u00e4v\u00e4t lasimattoerotinta, joka imee ja pit\u00e4\u00e4 elektrolyytin paikallaan, joten ne sopivat ihanteellisesti k\u00e4ytett\u00e4v\u00e4ksi ymp\u00e4rist\u00f6iss\u00e4, joissa on t\u00e4rke\u00e4\u00e4 minimoida vuotoriski.<\/p>\n<p>T\u00e4m\u00e4 rakenne tarjoaa my\u00f6s korkean luotettavuuden ja suorituskyvyn vaativissa olosuhteissa, mik\u00e4 on v\u00e4ltt\u00e4m\u00e4t\u00f6nt\u00e4 turva- ja h\u00e4lytyssovelluksissa, joissa akkujen on toimittava keskeytyksett\u00e4.<\/p>\n<p>Yksi AGM-akkujen arvostetuimmista ominaisuuksista on niiden v\u00e4h\u00e4inen huoltotarve.<\/p>\n<p>Ne vaativat vain v\u00e4h\u00e4n huoltoa ja niill\u00e4 on pitk\u00e4 k\u00e4ytt\u00f6ik\u00e4, mik\u00e4 tekee niist\u00e4 kustannustehokkaita ajan mittaan. Lis\u00e4ksi AGM-tekniikka on osoittautunut kest\u00e4v\u00e4ksi syv\u00e4purkausta vastaan, mik\u00e4 on yleinen syy turvaj\u00e4rjestelmien akkuvaurioihin.<\/p>\n<p>Laadun kannalta on t\u00e4rke\u00e4\u00e4 valita AGM-akut luotettavilta valmistajilta, jotka k\u00e4ytt\u00e4v\u00e4t korkealaatuisia materiaaleja ja valmistusprosesseja.<\/p>\n<p>Investointi laadukkaisiin akkuihin on ennaltaehk\u00e4isev\u00e4 keino varmistaa, ett\u00e4 turva- ja h\u00e4lytysj\u00e4rjestelm\u00e4t toimivat oikein silloin, kun niit\u00e4 todella tarvitaan.<\/p>\n<p>Yhteenvetona voidaan todeta, ett\u00e4 AGM-akut tarjoavat luotettavan ja laadukkaan virtal\u00e4hteen turva- ja h\u00e4lytyssovelluksiin.<\/p>\n<p>Niiden alhaiset huoltovaatimukset, pitk\u00e4 k\u00e4ytt\u00f6ik\u00e4 ja syv\u00e4purkauskest\u00e4vyys tekev\u00e4t niist\u00e4 erinomaisen valinnan jokaiselle, joka asettaa j\u00e4rjestelmiens\u00e4 luotettavuuden ja suorituskyvyn etusijalle.<\/p>\n<p>AGM-akku 12V 1,2Ah 12V<\/p>","protected":false},"excerpt":{"rendered":"<p>AGM-akku 1,2 AH tietoliikenne-, h\u00e4lytys- ja turvaj\u00e4rjestelmiin.<\/p>","protected":false},"featured_media":145274,"template":"","meta":{"_acf_changed":false},"product_brand":[],"product_cat":[1596],"product_tag":[4513,2419],"class_list":{"0":"post-56986","1":"product","2":"type-product","3":"status-publish","4":"has-post-thumbnail","6":"product_cat-ackumulatorer-12v-agm-batterier","7":"product_tag-batteri-1-6-ah","8":"product_tag-rel-batteri","9":"product_shipping_class-tunga-paket","10":"tm-no-options","12":"first","13":"instock","14":"sale","15":"featured","16":"taxable","17":"shipping-taxable","18":"purchasable","19":"product-type-simple"},"acf":[],"_links":{"self":[{"href":"https:\/\/secureus.se\/fi\/wp-json\/wp\/v2\/product\/56986","targetHints":{"allow":["GET"]}}],"collection":[{"href":"https:\/\/secureus.se\/fi\/wp-json\/wp\/v2\/product"}],"about":[{"href":"https:\/\/secureus.se\/fi\/wp-json\/wp\/v2\/types\/product"}],"wp:featuredmedia":[{"embeddable":true,"href":"https:\/\/secureus.se\/fi\/wp-json\/wp\/v2\/media\/145274"}],"wp:attachment":[{"href":"https:\/\/secureus.se\/fi\/wp-json\/wp\/v2\/media?parent=56986"}],"wp:term":[{"taxonomy":"product_brand","embeddable":true,"href":"https:\/\/secureus.se\/fi\/wp-json\/wp\/v2\/product_brand?post=56986"},{"taxonomy":"product_cat","embeddable":true,"href":"https:\/\/secureus.se\/fi\/wp-json\/wp\/v2\/product_cat?post=56986"},{"taxonomy":"product_tag","embeddable":true,"href":"https:\/\/secureus.se\/fi\/wp-json\/wp\/v2\/product_tag?post=56986"}],"curies":[{"name":"wp","href":"https:\/\/api.w.org\/{rel}","templated":true}]}}