{"id":56988,"date":"2022-03-10T15:57:00","date_gmt":"2022-03-10T14:57:00","guid":{"rendered":"https:\/\/secureus.se\/produkt\/ackumulator-batteri-agm-12v-12ah\/"},"modified":"2026-04-02T11:13:13","modified_gmt":"2026-04-02T09:13:13","slug":"12v-12ah-agm-batteri-helios-vrla","status":"publish","type":"product","link":"https:\/\/secureus.se\/fi\/12v-12ah-agm-batteri-helios-vrla\/","title":{"rendered":"Akku 12V 12Ah HELIOS 5 vuotta Pro-versio"},"content":{"rendered":"<p data-start=\"674\" data-end=\"970\">HELIOS 12V 12Ah AGM-akku (VRLA) on luotettava, venttiiliohjattu ja huoltovapaa lyijyakku, jolla on vakaa suorituskyky ja pitk\u00e4 k\u00e4ytt\u00f6ik\u00e4.<br data-start=\"813\" data-end=\"816\" \/>Se sopii erinomaisesti valmiustilaan ja jaksoittaiseen k\u00e4ytt\u00f6\u00f6n kaikessa h\u00e4lytysj\u00e4rjestelmist\u00e4 ja UPS-laitteista televiestint\u00e4j\u00e4rjestelmiin, valaistukseen, s\u00e4hk\u00f6aitoihin ja muihin 12 V:n laitteisiin.<\/p>\n<p data-start=\"972\" data-end=\"1136\">Suunniteltu k\u00e4ytt\u00f6ik\u00e4 jopa <strong data-start=\"1007\" data-end=\"1015\">5 vuotta<\/strong> ja eritt\u00e4in alhaisen virhesuhteen (&lt; 0,03 %) ansiosta HELIOS-sarja on laadukas valinta sek\u00e4 ammatti- ett\u00e4 yksityisk\u00e4ytt\u00e4jille.<\/p>\n<hr data-start=\"1138\" data-end=\"1141\" \/>\n<h3 data-start=\"1143\" data-end=\"1171\"><strong data-start=\"1147\" data-end=\"1171\">Miksi valita HELIOS?<\/strong><\/h3>\n<ul data-start=\"1173\" data-end=\"1561\">\n<li data-start=\"1173\" data-end=\"1255\">\n<p data-start=\"1175\" data-end=\"1255\">Huoltovapaa AGM-akku (VRLA) \u2013 suljettu, t\u00e4rin\u00e4- ja vuotamaton.<\/p>\n<\/li>\n<li data-start=\"1256\" data-end=\"1335\">\n<p data-start=\"1258\" data-end=\"1335\">Suunniteltu k\u00e4ytt\u00f6ik\u00e4 5 vuotta \u2013 kustannustehokas valmius- ja varak\u00e4ytt\u00f6\u00f6n.<\/p>\n<\/li>\n<li data-start=\"1336\" data-end=\"1403\">\n<p data-start=\"1338\" data-end=\"1403\">Vakaa j\u00e4nnitek\u00e4yr\u00e4 \u2013 korkea k\u00e4ytt\u00f6varmuus herkiss\u00e4 laitteissa.<\/p>\n<\/li>\n<li data-start=\"1404\" data-end=\"1478\">\n<p data-start=\"1406\" data-end=\"1478\">Alhainen vikaantumisaste (&lt;0,03 %) tehtaalta l\u00e4htien \u2013 valmistettu ISO-standardien mukaisesti.<\/p>\n<\/li>\n<li data-start=\"1479\" data-end=\"1561\">\n<p data-start=\"1481\" data-end=\"1561\">Vakiokoko \u2013 korvaa helposti useimmat samankokoiset 12 V:n 12 Ah:n akut.<\/p>\n<\/li>\n<\/ul>\n<hr data-start=\"1563\" data-end=\"1566\" \/>\n<h3 data-start=\"1568\" data-end=\"1602\"><strong data-start=\"1572\" data-end=\"1602\">Tyypillisi\u00e4 k\u00e4ytt\u00f6tarkoituksia<\/strong><\/h3>\n<ul data-start=\"1604\" data-end=\"1833\">\n<li data-start=\"1604\" data-end=\"1648\">\n<p data-start=\"1606\" data-end=\"1648\">H\u00e4lytyspaneelit, sireenit ja kulunvalvontaj\u00e4rjestelm\u00e4t<\/p>\n<\/li>\n<li data-start=\"1649\" data-end=\"1679\">\n<p data-start=\"1651\" data-end=\"1679\">UPS- ja h\u00e4t\u00e4virtaratkaisut<\/p>\n<\/li>\n<li data-start=\"1680\" data-end=\"1713\">\n<p data-start=\"1682\" data-end=\"1713\">H\u00e4t\u00e4valot ja evakuointimerkit<\/p>\n<\/li>\n<li data-start=\"1714\" data-end=\"1754\">\n<p data-start=\"1716\" data-end=\"1754\">Televiestint\u00e4-\/datalaitteet, modeemit, reitittimet<\/p>\n<\/li>\n<li data-start=\"1755\" data-end=\"1792\">\n<p data-start=\"1757\" data-end=\"1792\">S\u00e4hk\u00f6aita ja pienemm\u00e4t energian varastot<\/p>\n<\/li>\n<li data-start=\"1793\" data-end=\"1833\">\n<p data-start=\"1795\" data-end=\"1833\">Autoteollisuuden ja teollisuuden tukij\u00e4rjestelm\u00e4t<\/p>\n<\/li>\n<\/ul>\n<hr data-start=\"1835\" data-end=\"1838\" \/>\n<h3 data-start=\"1840\" data-end=\"1861\"><strong data-start=\"1844\" data-end=\"1861\">Tekniset tiedot<\/strong><\/h3>\n<div class=\"_tableContainer_1rjym_1\">\n<div class=\"group _tableWrapper_1rjym_13 flex w-fit flex-col-reverse\">\n<table class=\"w-fit min-w-(--thread-content-width)\" data-start=\"1863\" data-end=\"2412\">\n<thead data-start=\"1863\" data-end=\"1883\">\n<tr data-start=\"1863\" data-end=\"1883\">\n<th data-start=\"1863\" data-end=\"1874\" data-col-size=\"sm\">Kiinteist\u00f6<\/th>\n<th data-start=\"1874\" data-end=\"1883\" data-col-size=\"md\">Arvo<\/th>\n<\/tr>\n<\/thead>\n<tbody data-start=\"1907\" data-end=\"2412\">\n<tr data-start=\"1907\" data-end=\"1931\">\n<td data-start=\"1907\" data-end=\"1923\" data-col-size=\"sm\"><strong data-start=\"1909\" data-end=\"1922\">J\u00e4nnite:<\/strong><\/td>\n<td data-col-size=\"md\" data-start=\"1923\" data-end=\"1931\">12 V<\/td>\n<\/tr>\n<tr data-start=\"1932\" data-end=\"1958\">\n<td data-start=\"1932\" data-end=\"1949\" data-col-size=\"sm\"><strong data-start=\"1934\" data-end=\"1948\">Kapasiteetti:<\/strong><\/td>\n<td data-start=\"1949\" data-end=\"1958\" data-col-size=\"md\">12 Ah<\/td>\n<\/tr>\n<tr data-start=\"1959\" data-end=\"2041\">\n<td data-start=\"1959\" data-end=\"1977\" data-col-size=\"sm\"><strong data-start=\"1961\" data-end=\"1976\">Akun tyyppi:<\/strong><\/td>\n<td data-start=\"1977\" data-end=\"2041\" data-col-size=\"md\">AGM (venttiilis\u00e4\u00e4delty lyijyhappoakku, suljettu \/ huoltovapaa)<\/td>\n<\/tr>\n<tr data-start=\"2042\" data-end=\"2083\">\n<td data-start=\"2042\" data-end=\"2065\" data-col-size=\"sm\"><strong data-start=\"2044\" data-end=\"2064\">Suunnitteluik\u00e4:<\/strong><\/td>\n<td data-start=\"2065\" data-end=\"2083\" data-col-size=\"md\">5 vuotta (valmiustilassa)<\/td>\n<\/tr>\n<tr data-start=\"2084\" data-end=\"2124\">\n<td data-start=\"2084\" data-end=\"2104\" data-col-size=\"sm\"><strong data-start=\"2086\" data-end=\"2103\">Mitat (P \u00d7 L \u00d7 K):<\/strong><\/td>\n<td data-start=\"2104\" data-end=\"2124\" data-col-size=\"md\">151 \u00d7 98 \u00d7 93 mm<\/td>\n<\/tr>\n<tr data-start=\"2125\" data-end=\"2151\">\n<td data-start=\"2125\" data-end=\"2137\" data-col-size=\"sm\"><strong data-start=\"2127\" data-end=\"2136\">Paino:<\/strong><\/td>\n<td data-start=\"2137\" data-end=\"2151\" data-col-size=\"md\">noin 3,24 kg<\/td>\n<\/tr>\n<tr data-start=\"2152\" data-end=\"2191\">\n<td data-start=\"2152\" data-end=\"2166\" data-col-size=\"sm\"><strong data-start=\"2154\" data-end=\"2165\">Tangon tyyppi:<\/strong><\/td>\n<td data-start=\"2166\" data-end=\"2191\" data-col-size=\"md\">F2 litte\u00e4 pinni (6,3 mm)<\/td>\n<\/tr>\n<tr data-start=\"2192\" data-end=\"2224\">\n<td data-start=\"2192\" data-end=\"2205\" data-col-size=\"sm\"><strong data-start=\"2194\" data-end=\"2204\">Kansi:<\/strong><\/td>\n<td data-start=\"2205\" data-end=\"2224\" data-col-size=\"md\">Musta ABS-muovi<\/td>\n<\/tr>\n<tr data-start=\"2225\" data-end=\"2294\">\n<td data-start=\"2225\" data-end=\"2247\" data-col-size=\"sm\"><strong data-start=\"2227\" data-end=\"2246\">Sertifikaatit:<\/strong><\/td>\n<td data-start=\"2247\" data-end=\"2294\" data-col-size=\"md\">CE, UL, RoHS, ISO9000 \/ ISO14000 \/ ISO18000<\/td>\n<\/tr>\n<tr data-start=\"2295\" data-end=\"2339\">\n<td data-start=\"2295\" data-end=\"2315\" data-col-size=\"sm\"><strong data-start=\"2297\" data-end=\"2314\">Ep\u00e4onnistumisprosentti:<\/strong><\/td>\n<td data-start=\"2315\" data-end=\"2339\" data-col-size=\"md\">&lt; 0,03 % tehtaalta<\/td>\n<\/tr>\n<tr data-start=\"2340\" data-end=\"2376\">\n<td data-start=\"2340\" data-end=\"2367\" data-col-size=\"sm\"><strong data-start=\"2342\" data-end=\"2366\">Tuotenumero (SKU):<\/strong><\/td>\n<td data-col-size=\"md\" data-start=\"2367\" data-end=\"2376\">50012<\/td>\n<\/tr>\n<tr data-start=\"2377\" data-end=\"2412\">\n<td data-start=\"2377\" data-end=\"2402\" data-col-size=\"sm\"><strong data-start=\"2379\" data-end=\"2401\">Merkki \/ Sarja:<\/strong><\/td>\n<td data-col-size=\"md\" data-start=\"2402\" data-end=\"2412\">HELIOS<\/td>\n<\/tr>\n<\/tbody>\n<\/table>\n<\/div>\n<\/div>\n<hr data-start=\"2414\" data-end=\"2417\" \/>\n<h3 data-start=\"2419\" data-end=\"2452\"><strong data-start=\"2423\" data-end=\"2452\">Lataussuositukset<\/strong><\/h3>\n<ul data-start=\"2454\" data-end=\"2563\">\n<li data-start=\"2454\" data-end=\"2493\">\n<p data-start=\"2456\" data-end=\"2493\"><strong data-start=\"2456\" data-end=\"2477\">Valmiustilan lataus:<\/strong> 13,5\u201313,8 V<\/p>\n<\/li>\n<li data-start=\"2494\" data-end=\"2533\">\n<p data-start=\"2496\" data-end=\"2533\"><strong data-start=\"2496\" data-end=\"2517\">Syklinen lataus:<\/strong> 14,4\u201315,0 V<\/p>\n<\/li>\n<li data-start=\"2534\" data-end=\"2563\">\n<p data-start=\"2536\" data-end=\"2563\"><strong data-start=\"2536\" data-end=\"2555\">Suurin latausvirta:<\/strong> 3,6 A<\/p>\n<\/li>\n<\/ul>\n<p data-start=\"2565\" data-end=\"2763\">Syklisess\u00e4 k\u00e4yt\u00f6ss\u00e4 latausvirran ei tulisi ylitt\u00e4\u00e4 30 % akun kapasiteetista (Ah).<br data-start=\"2649\" data-end=\"2652\" \/>Yll\u00e4pitolataukseen suositellaan noin 5 %:t\u00e4.<br data-start=\"2699\" data-end=\"2702\" \/>Noudata aina laturin k\u00e4ytt\u00f6ohjetta ja laitteen teknisi\u00e4 tietoja.<\/p>\n<hr data-start=\"2765\" data-end=\"2768\" \/>\n<h3 data-start=\"2770\" data-end=\"2790\"><strong data-start=\"2774\" data-end=\"2790\">Asennus<\/strong><\/h3>\n<ol data-start=\"2792\" data-end=\"3060\">\n<li data-start=\"2792\" data-end=\"2839\">\n<p data-start=\"2795\" data-end=\"2839\">Irrota laite verkkoj\u00e4nnitteest\u00e4.<\/p>\n<\/li>\n<li data-start=\"2840\" data-end=\"2912\">\n<p data-start=\"2843\" data-end=\"2912\">Avaa paristolokero ja tarkista napaisuus (punainen = +, musta = \u2013).<\/p>\n<\/li>\n<li data-start=\"2913\" data-end=\"2989\">\n<p data-start=\"2916\" data-end=\"2989\">Kytke litte\u00e4t nastat oikeisiin paikkoihin \u2013 akun mukana toimitetaan F2-liitin (6,3 mm).<\/p>\n<\/li>\n<li data-start=\"2990\" data-end=\"3060\">\n<p data-start=\"2993\" data-end=\"3060\">Kiinnit\u00e4 akku lokeroon ja testaa sen toiminta uudelleenkytkemisen j\u00e4lkeen.<\/p>\n<\/li>\n<\/ol>\n<hr data-start=\"3062\" data-end=\"3065\" \/>\n<h3 data-start=\"3067\" data-end=\"3080\"><strong data-start=\"3071\" data-end=\"3080\">Ymp\u00e4rist\u00f6<\/strong><\/h3>\n<p data-start=\"3082\" data-end=\"3247\">Tuote on kierr\u00e4tett\u00e4v\u00e4. Vie k\u00e4ytetyt lyijyakut l\u00e4himp\u00e4\u00e4n kierr\u00e4tyskeskukseen.<br data-start=\"3174\" data-end=\"3177\" \/>HELIOS-sarja on valmistettu ymp\u00e4rist\u00f6\u00e4, laatua ja turvallisuutta silm\u00e4ll\u00e4 pit\u00e4en.<\/p>\n<hr data-start=\"3249\" data-end=\"3252\" \/>\n<h3 data-start=\"3254\" data-end=\"3265\"><strong data-start=\"3258\" data-end=\"3265\">FAQ<\/strong><\/h3>\n<p data-start=\"3267\" data-end=\"3387\"><strong data-start=\"3267\" data-end=\"3302\">Onko t\u00e4m\u00e4 akku AGM vai GEELI?<\/strong><br data-start=\"3302\" data-end=\"3305\" \/>T\u00e4m\u00e4 on AGM-akku (VRLA) eli venttiilis\u00e4\u00e4delty ja t\u00e4ysin huoltovapaa.<\/p>\n<p data-start=\"3389\" data-end=\"3570\"><strong data-start=\"3389\" data-end=\"3441\">Sopiiko se UPS-j\u00e4rjestelm\u00e4\u00e4ni, h\u00e4lytysj\u00e4rjestelm\u00e4\u00e4ni tai puhelinj\u00e4rjestelm\u00e4\u00e4ni?<\/strong><br data-start=\"3441\" data-end=\"3444\" \/>Kyll\u00e4, jos nykyinen akkusi on 12 V 12 Ah, kooltaan 151 \u00d7 98 \u00d7 93 mm ja siin\u00e4 on litte\u00e4t nastaliittimet (F2), t\u00e4m\u00e4 on suora korvaava akku.<\/p>\n<p data-start=\"3572\" data-end=\"3669\"><strong data-start=\"3572\" data-end=\"3604\">Pit\u00e4\u00e4k\u00f6 minun lis\u00e4t\u00e4 nestett\u00e4?<\/strong><br data-start=\"3604\" data-end=\"3607\" \/>Ei, akku on t\u00e4ysin suljettu eik\u00e4 vaadi huoltoa.<\/p>\n<hr data-start=\"3671\" data-end=\"3674\" \/>\n<h3 data-start=\"3676\" data-end=\"3698\"><strong data-start=\"3680\" data-end=\"3698\">Yhteenveto<\/strong><\/h3>\n<p data-start=\"3700\" data-end=\"3976\">HELIOS 12V 12Ah AGM-akku (VRLA) on luotettava ja kustannustehokas akku h\u00e4lytysj\u00e4rjestelmiin, UPS-laitteisiin ja muihin 12 V:n laitteisiin.<br data-start=\"3823\" data-end=\"3826\" \/>Tiivistetty rakenne, alhainen itsepurkautuminen ja 5 vuoden suunniteltu k\u00e4ytt\u00f6ik\u00e4 takaavat vakaan suorituskyvyn ja turvallisen k\u00e4yt\u00f6n ammattimaisissa j\u00e4rjestelmiss\u00e4.<\/p>\n<p data-start=\"3700\" data-end=\"3976\"><strong>Yhteensopiva muun muassa seuraavien kanssa:<\/strong><\/p>\n<p data-start=\"3700\" data-end=\"3976\"><!--more--><\/p>\n<ul>\n<li>Amstroniin AP-12120F2<\/li>\n<li>Amstroniin AP-12140F2<\/li>\n<li>BB BP12-12<\/li>\n<li>BB BPL12-12<\/li>\n<li>BB EB12-12<\/li>\n<li>BB-jaksot 12-12<\/li>\n<li>BB EVP12-12<\/li>\n<li>BB HR15-12<\/li>\n<li>CSB EVX12110<\/li>\n<li>CSB EVX12120<\/li>\n<li>CSB GH12100<\/li>\n<li>CSB GP12100A<\/li>\n<li>CSB GP12110<\/li>\n<li>CSB GP12110 F2<\/li>\n<li>CSB GP12110F1<\/li>\n<li>CSB GP12110F2<\/li>\n<li>CSB GP12120<\/li>\n<li>CSB GP12120 F2<\/li>\n<li>CSB GP12120F2<\/li>\n<li>CSB GPL12120<\/li>\n<li>Casil CA12120<\/li>\n<li>Douglas Guardian DBG12-12G<\/li>\n<li>Douglas Guardian DBG1212A<\/li>\n<li>Douglas Guardian DG12-12G<\/li>\n<li>Douglas Guardian DG1212A<\/li>\n<li>Eagle Picher CF12V15<\/li>\n<li>Hirvi ELK-12100<\/li>\n<li>Hirvi ELK-12120<\/li>\n<li>EnerSys NP12-12<\/li>\n<li>EnerSys NP12-12FR<\/li>\n<li>EnerSys NP12-12T<\/li>\n<li>Exide EP12-12<\/li>\n<li>GS-s\u00e4ilytys PE12V12F2<\/li>\n<li>Usva HZS12-12<\/li>\n<li>Hitachi HP12-12<\/li>\n<li>IBT BT10-12<\/li>\n<li>IBT BT12-12<\/li>\n<li>IBT BT15-12<\/li>\n<li>Valtioiden v\u00e4linen ABSL1104<\/li>\n<li>Valtioiden v\u00e4linen ABSL1105<\/li>\n<li>Valtatie BSL1104<\/li>\n<li>Valtatie BSL1105<\/li>\n<li>Valtatie PC12120<\/li>\n<li>Valtatie PC1220<\/li>\n<li>Valtatie SLA1104<\/li>\n<li>Valtatie SLA1105<\/li>\n<li>Valtatie SLA3060<\/li>\n<li>Johnson Controls JC12120<\/li>\n<li>T\u00e4ristys SA12120F1<\/li>\n<li>T\u00e4ristys SA12120F2<\/li>\n<li>King Long WP10-12<\/li>\n<li>King Long WP11-12<\/li>\n<li>King Long WP12-12<\/li>\n<li>Leoch LP12-12<\/li>\n<li>MK ES12-12<\/li>\n<li>OD 6-DW-12<\/li>\n<li>Panasonic LC-PB1210PU<\/li>\n<li>Panasonic LC-R1211P<\/li>\n<li>Panasonic LC-R1212P<\/li>\n<li>Panasonic LC-R12V10PF<\/li>\n<li>Panasonic LC-R12V12P<\/li>\n<li>Panasonic LC-R12V12PF<\/li>\n<li>Panasonic LC-R8512P<\/li>\n<li>Panasonic LC-R8512PF<\/li>\n<li>Panasonic LC-R8512PS<\/li>\n<li>Panasonic LC-RA1212CH<\/li>\n<li>Panasonic LC-RA1212P<\/li>\n<li>Panasonic LC-RA1212P1<\/li>\n<li>Panasonic LC-RA1212PG1<\/li>\n<li>Panasonic LC-RA1212PU<\/li>\n<li>Panasonic LC-RB1210PU<\/li>\n<li>Power Patrol SLA1104<\/li>\n<li>Power Patrol SLA3060<\/li>\n<li>Power Sonic PS-12100<\/li>\n<li>Power Sonic PS-12120<\/li>\n<li>Power Sonic PS-12140<\/li>\n<li>Rhino SLA10-12\/T25<\/li>\n<li>Virtal\u00e4hde 12V 12Ah<\/li>\n<li>Auringonpaiste 2145139800<\/li>\n<li>Auringonpaiste 789552500<\/li>\n<li>Auringonpaiste 95525<\/li>\n<li>Auringonpaiste A212\/10S<\/li>\n<li>Auringonpaiste A212\/12G<\/li>\n<li>Sonnenschein A212\/9.5S<\/li>\n<li>Sonnenschein A412\/8.5 SR<\/li>\n<li>Auringonpaiste A512100S<\/li>\n<li>Auringonpaiste A51210S<\/li>\n<li>Auringonpaiste CR1212<\/li>\n<li>Sonnenschein NGA5120010HSOSA<\/li>\n<li>Tempest TR12-12<\/li>\n<li>Unioni MX-12120<\/li>\n<li>Unioni MX-12120 F2<\/li>\n<li>Yleisk\u00e4ytt\u00f6inen (UPG) D5775<\/li>\n<li>Yleisk\u00e4ytt\u00f6inen (UPG) UB12120<\/li>\n<li>Vision 6FM12<\/li>\n<li>Vision CP12100<\/li>\n<li>Vision CP12120<\/li>\n<li>Tulivuori KB12120<\/li>\n<li>Yuasa NP12-12<\/li>\n<li>Yuasa NP12-12FR<\/li>\n<li>Yuasa NP12-12T<\/li>\n<\/ul>","protected":false},"excerpt":{"rendered":"<p>Huoltovapaa 12 V:n 12 Ah:n AGM-akku (VRLA) h\u00e4lytysj\u00e4rjestelmiin, UPS-laitteisiin, televiestint\u00e4j\u00e4rjestelmiin ja muihin 12 V:n laitteisiin.<br data-start=\"522\" data-end=\"525\" \/>Vakiomitat 151 \u00d7 98 \u00d7 93 mm F2 (6,3 mm) litteill\u00e4 nastak\u00e4\u00e4meill\u00e4. Suunniteltu k\u00e4ytt\u00f6ik\u00e4 5 vuotta. Nopea toimitus ruotsalaisesta myym\u00e4l\u00e4st\u00e4.<\/p>","protected":false},"featured_media":159335,"template":"","meta":{"_acf_changed":false},"product_brand":[],"product_cat":[1596,2428],"product_tag":[4519,2419],"class_list":{"0":"post-56988","1":"product","2":"type-product","3":"status-publish","4":"has-post-thumbnail","6":"product_cat-ackumulatorer-12v-agm-batterier","7":"product_cat-stromforsorjning-batterier","8":"product_tag-batteri-7-12-ah","9":"product_tag-rel-batteri","10":"product_shipping_class-tunga-paket","11":"pa_brands-stonehouse-security","12":"tm-no-options","14":"first","15":"instock","16":"sale","17":"featured","18":"taxable","19":"shipping-taxable","20":"purchasable","21":"product-type-simple"},"acf":[],"_links":{"self":[{"href":"https:\/\/secureus.se\/fi\/wp-json\/wp\/v2\/product\/56988","targetHints":{"allow":["GET"]}}],"collection":[{"href":"https:\/\/secureus.se\/fi\/wp-json\/wp\/v2\/product"}],"about":[{"href":"https:\/\/secureus.se\/fi\/wp-json\/wp\/v2\/types\/product"}],"wp:featuredmedia":[{"embeddable":true,"href":"https:\/\/secureus.se\/fi\/wp-json\/wp\/v2\/media\/159335"}],"wp:attachment":[{"href":"https:\/\/secureus.se\/fi\/wp-json\/wp\/v2\/media?parent=56988"}],"wp:term":[{"taxonomy":"product_brand","embeddable":true,"href":"https:\/\/secureus.se\/fi\/wp-json\/wp\/v2\/product_brand?post=56988"},{"taxonomy":"product_cat","embeddable":true,"href":"https:\/\/secureus.se\/fi\/wp-json\/wp\/v2\/product_cat?post=56988"},{"taxonomy":"product_tag","embeddable":true,"href":"https:\/\/secureus.se\/fi\/wp-json\/wp\/v2\/product_tag?post=56988"}],"curies":[{"name":"wp","href":"https:\/\/api.w.org\/{rel}","templated":true}]}}