{"id":56989,"date":"2022-03-10T15:57:00","date_gmt":"2022-03-10T14:57:00","guid":{"rendered":"https:\/\/secureus.se\/produkt\/ackumulator-batteri-12v-3-6-ah\/"},"modified":"2026-04-02T11:15:18","modified_gmt":"2026-04-02T09:15:18","slug":"agm-batteri-12v-36ah","status":"publish","type":"product","link":"https:\/\/secureus.se\/fi\/agm-batteri-12v-36ah\/","title":{"rendered":"Akku 12 V 3,6 Ah Pro-versio"},"content":{"rendered":"<h1>AGM-akku 12V 3,6Ah<\/h1>\n<p data-start=\"444\" data-end=\"891\">AGM-akku 12 V 3,6 Ah on luotettava virtal\u00e4hde turva- ja h\u00e4lytysj\u00e4rjestelmiin, joissa on t\u00e4rke\u00e4\u00e4 saada jatkuva ja luotettava virransy\u00f6t\u00f6.<\/p>\n<p data-start=\"444\" data-end=\"891\">Akku on suunniteltu huoltovapaaksi, mik\u00e4 tarkoittaa, ett\u00e4 se vaatii vain v\u00e4h\u00e4n valvontaa ja tarjoaa jopa kolmen vuoden k\u00e4ytt\u00f6i\u00e4n.<\/p>\n<p data-start=\"444\" data-end=\"891\">Jotta akku toimisi edelleen riitt\u00e4v\u00e4sti varavirtaa, se tulisi vaihtaa noin kolmen vuoden v\u00e4lein tilasta riippumatta.<\/p>\n<p data-start=\"893\" data-end=\"1268\">T\u00e4m\u00e4 AGM (Absorbent Glass Mat) -teknologia k\u00e4ytt\u00e4\u00e4 lasimattoerotinmateriaalia elektrolyytin imeytymiseen ja pit\u00e4miseen paikallaan, mik\u00e4 tekee akusta eritt\u00e4in vuotojenkest\u00e4v\u00e4n ja varmistaa korkean suorituskyvyn my\u00f6s vaativissa olosuhteissa.<\/p>\n<p data-start=\"893\" data-end=\"1268\">T\u00e4m\u00e4 tekee AGM-akuista ihanteellisen ratkaisun esimerkiksi h\u00e4lytys- ja televiestint\u00e4j\u00e4rjestelmiin, joissa akkujen luotettavuus on \u00e4\u00e4rimm\u00e4isen t\u00e4rke\u00e4\u00e4.<\/p>\n<p data-start=\"1270\" data-end=\"1543\">AGM-akun rakenne tekee siit\u00e4 my\u00f6s kest\u00e4v\u00e4mm\u00e4n syv\u00e4purkaukselle kuin perinteiset lyijyakut, mik\u00e4 v\u00e4hent\u00e4\u00e4 akun vikaantumisen riski\u00e4 turvaj\u00e4rjestelmiss\u00e4.<\/p>\n<p data-start=\"1270\" data-end=\"1543\">Lis\u00e4ksi AGM-akuilla on yleens\u00e4 pitk\u00e4 k\u00e4ytt\u00f6ik\u00e4, mik\u00e4 tekee niist\u00e4 kustannustehokkaita ajan mittaan.<\/p>\n<p data-start=\"1545\" data-end=\"1788\">Akku on kompakti ja kevyt, joten se on helppo asentaa useimpiin h\u00e4lytysj\u00e4rjestelmiin ja turvalaitteisiin.<\/p>\n<p data-start=\"1545\" data-end=\"1788\">Mitat 134x34x66 mm ja paino 0,635 kg tekev\u00e4t siit\u00e4 yhteensopivan useiden turvaj\u00e4rjestelmien kanssa.<\/p>\n<p data-start=\"1790\" data-end=\"1820\"><strong data-start=\"1790\" data-end=\"1818\">P\u00e4\u00e4ominaisuudet:<\/strong><\/p>\n<ul data-start=\"1821\" data-end=\"2171\">\n<li data-start=\"1821\" data-end=\"1842\">\n<p data-start=\"1823\" data-end=\"1842\"><strong data-start=\"1823\" data-end=\"1836\">J\u00e4nnite:<\/strong> 12V<\/p>\n<\/li>\n<li data-start=\"1843\" data-end=\"1868\">\n<p data-start=\"1845\" data-end=\"1868\"><strong data-start=\"1845\" data-end=\"1859\">Kapasiteetti:<\/strong> 3,6 Ah<\/p>\n<\/li>\n<li data-start=\"1869\" data-end=\"1913\">\n<p data-start=\"1871\" data-end=\"1913\"><strong data-start=\"1871\" data-end=\"1885\">Tekniikka:<\/strong> AGM (imukykyinen lasikuitumatto)<\/p>\n<\/li>\n<li data-start=\"1914\" data-end=\"1955\">\n<p data-start=\"1916\" data-end=\"1955\"><strong data-start=\"1916\" data-end=\"1928\">Koko:<\/strong> 134 x 34 x 66 mm (P x L x K)<\/p>\n<\/li>\n<li data-start=\"1979\" data-end=\"2006\">\n<p data-start=\"1981\" data-end=\"2006\"><strong data-start=\"1981\" data-end=\"2001\">Huoltovapaa:<\/strong> Kyll\u00e4<\/p>\n<\/li>\n<li data-start=\"2007\" data-end=\"2053\">\n<p data-start=\"2009\" data-end=\"2053\"><strong data-start=\"2009\" data-end=\"2024\">K\u00e4ytt\u00e4\u00e4:<\/strong> H\u00e4lytys- ja tietoliikennej\u00e4rjestelm\u00e4t<\/p>\n<\/li>\n<li data-start=\"2054\" data-end=\"2086\">\n<p data-start=\"2056\" data-end=\"2086\"><strong data-start=\"2056\" data-end=\"2070\">El\u00e4m\u00e4:<\/strong> Jopa 3 vuotta<\/p>\n<\/li>\n<li data-start=\"2087\" data-end=\"2132\">\n<p data-start=\"2089\" data-end=\"2132\"><strong data-start=\"2089\" data-end=\"2127\">Syv\u00e4purkauksen kest\u00e4vyys:<\/strong> Kyll\u00e4<\/p>\n<\/li>\n<li data-start=\"2133\" data-end=\"2171\">\n<p data-start=\"2135\" data-end=\"2171\"><strong data-start=\"2135\" data-end=\"2164\">Toimittajan artikkelinumero:<\/strong> 500036<\/p>\n<\/li>\n<\/ul>\n<p data-start=\"2173\" data-end=\"2188\"><strong data-start=\"2173\" data-end=\"2186\">Edut:<\/strong><\/p>\n<ul data-start=\"2189\" data-end=\"2510\">\n<li data-start=\"2189\" data-end=\"2242\">\n<p data-start=\"2191\" data-end=\"2242\"><strong data-start=\"2191\" data-end=\"2210\">Huoltovapaa<\/strong> \u2013 Vaatii minimaalista valvontaa<\/p>\n<\/li>\n<li data-start=\"2243\" data-end=\"2319\">\n<p data-start=\"2245\" data-end=\"2319\"><strong data-start=\"2245\" data-end=\"2269\">Korkea luotettavuus<\/strong> \u2013 Ihanteellinen turvallisuus- ja h\u00e4lytysj\u00e4rjestelmiin<\/p>\n<\/li>\n<li data-start=\"2320\" data-end=\"2419\">\n<p data-start=\"2322\" data-end=\"2419\"><strong data-start=\"2322\" data-end=\"2354\">Vuotamaton<\/strong> \u2013 Sopii k\u00e4ytett\u00e4v\u00e4ksi ymp\u00e4rist\u00f6iss\u00e4, joissa luotettavuus on ratkaisevan t\u00e4rke\u00e4\u00e4<\/p>\n<\/li>\n<li data-start=\"2420\" data-end=\"2510\">\n<p data-start=\"2422\" data-end=\"2510\"><strong data-start=\"2422\" data-end=\"2440\">Pitk\u00e4 k\u00e4ytt\u00f6ik\u00e4<\/strong> \u2013 Tarjoaa kustannustehokkaita ratkaisuja pitk\u00e4aikaiseen k\u00e4ytt\u00f6\u00f6n tarkoitetuille j\u00e4rjestelmille<\/p>\n<\/li>\n<\/ul>\n<p data-start=\"2512\" data-end=\"2734\">Yhteenvetona voidaan todeta, ett\u00e4 AGM-akku 12 V 3,6 Ah tarjoaa luotettavan ja tehokkaan ratkaisun turva- ja h\u00e4lytysj\u00e4rjestelmiin, mik\u00e4 tekee siit\u00e4 erinomaisen valinnan kaikille, jotka arvostavat j\u00e4rjestelmiens\u00e4 kest\u00e4vyytt\u00e4 ja luotettavuutta.<\/p>","protected":false},"excerpt":{"rendered":"<p>AGM-akku 12 V 3,6 Ah on huoltovapaa akku, joka on suunniteltu h\u00e4lytysj\u00e4rjestelmiin ja televiestint\u00e4j\u00e4rjestelmiin, jotka vaativat 12 voltin virtal\u00e4hteen.<\/p>\n<p>Pitk\u00e4n k\u00e4ytt\u00f6i\u00e4n ja syv\u00e4purkauksen kest\u00e4vyyden ansiosta se varmistaa j\u00e4rjestelm\u00e4llesi luotettavan varavirran jopa kolmeksi vuodeksi.<\/p>","protected":false},"featured_media":156159,"template":"","meta":{"_acf_changed":false},"product_brand":[],"product_cat":[1596,1862],"product_tag":[4513,2419,2426],"class_list":{"0":"post-56989","1":"product","2":"type-product","3":"status-publish","4":"has-post-thumbnail","6":"product_cat-ackumulatorer-12v-agm-batterier","7":"product_cat-batterier-knappcell","8":"product_tag-batteri-1-6-ah","9":"product_tag-rel-batteri","10":"product_tag-rel-risco","11":"product_shipping_class-tunga-paket","12":"tm-no-options","14":"first","15":"instock","16":"sale","17":"featured","18":"taxable","19":"shipping-taxable","20":"purchasable","21":"product-type-simple"},"acf":[],"_links":{"self":[{"href":"https:\/\/secureus.se\/fi\/wp-json\/wp\/v2\/product\/56989","targetHints":{"allow":["GET"]}}],"collection":[{"href":"https:\/\/secureus.se\/fi\/wp-json\/wp\/v2\/product"}],"about":[{"href":"https:\/\/secureus.se\/fi\/wp-json\/wp\/v2\/types\/product"}],"wp:featuredmedia":[{"embeddable":true,"href":"https:\/\/secureus.se\/fi\/wp-json\/wp\/v2\/media\/156159"}],"wp:attachment":[{"href":"https:\/\/secureus.se\/fi\/wp-json\/wp\/v2\/media?parent=56989"}],"wp:term":[{"taxonomy":"product_brand","embeddable":true,"href":"https:\/\/secureus.se\/fi\/wp-json\/wp\/v2\/product_brand?post=56989"},{"taxonomy":"product_cat","embeddable":true,"href":"https:\/\/secureus.se\/fi\/wp-json\/wp\/v2\/product_cat?post=56989"},{"taxonomy":"product_tag","embeddable":true,"href":"https:\/\/secureus.se\/fi\/wp-json\/wp\/v2\/product_tag?post=56989"}],"curies":[{"name":"wp","href":"https:\/\/api.w.org\/{rel}","templated":true}]}}